{"id":35851,"date":"2025-03-05T18:24:33","date_gmt":"2025-03-05T18:24:33","guid":{"rendered":"https:\/\/marqalicante-admin.qwair.com\/item\/real-de-a-8-ano-1808\/"},"modified":"2025-03-05T18:27:43","modified_gmt":"2025-03-05T18:27:43","slug":"real-de-a-8-ano-1808","status":"publish","type":"product","link":"https:\/\/marqalicante-admin.qwair.com\/es\/producto\/real-de-a-8-ano-1808\/","title":{"rendered":"<b>Real de a 8<\/b>   A\u00f1o 1808."},"content":{"rendered":"","protected":false},"excerpt":{"rendered":"<h3>Edad moderna<\/h3>\n<p><b>Metal:<\/b> Plata.<br \/><b>Entidad emisora: <\/b> Espa\u00f1a. Carlos IV.<br \/><b>Ceca:<\/b> Lima (Per\u00fa).<br \/><b>Fecha:<\/b> A\u00f1o 1808.<br \/><b>Anverso:<\/b><br \/> Busto de Carlos IV laureado a derecha con peluqu\u00edn&#44; lazo&#44; coraza y manto. Leyenda: CAROLUS IIII DEI GRATIA 1808.<br \/>\n<br \/><b>Reverso:<\/b><br \/> Escudo coronado y cuartelado con las armas de Castilla&#44; Le\u00f3n y Granada y en el centro escus\u00f3n de la casa de Borb\u00f3n. A los lados columnas de H\u00e9rcules con cintas enrolladas y leyenda PLUS ULTRA. Leyenda: HISPAN ET IND REX. Marca de ceca: MAE en anagrama. Marca de valor: 8R. Ensayadores: J P.<br \/><b>Peso:<\/b> 26.99 g &#8211; <b>Di\u00e1metro:<\/b> 40 mm &#8211; <b>Ejes:<\/b> 12 h.<br \/><b>Descrita en:<\/b> Calic\u00f3 Estivill&#44; F.&#44; Calic\u00f3 Estivill&#44; X.&#44; Trigo Real&#44; J.&#44; 1994: Las monedas espa\u00f1olas desde Fernando e Isabel a Juan Carlos I. A\u00f1os: 1474 a 1994&#44; Barcelona&#44; p. 511&#44; tipo 76&#44; n\u00ba 640.<br \/>\n<br \/><b>Publicada en:<\/b><br \/>Ram\u00f3n S\u00e1nchez&#44; J.J.&#44; Ib\u00e1\u00f1ez Sarri\u00f3&#44; C.&#44; 2010: \u00abCat\u00e1logo. Edad Moderna y contempor\u00e1nea\u00bb&#44; en Ram\u00f3n S\u00e1nchez&#44; J.J. (ed.)&#44; Monedas. Todas las caras de la Historia. Colecciones numism\u00e1ticas del MARQ&#44; Alicante&#44; p. 164; Ram\u00f3n S\u00e1nchez&#44; J.J.&#44; 2013: El tresor de Sant Joan d&#8217;Alacant&#44; Alicante&#44; 2013&#44; p. 79 y 124 n\u00ba 298.<br \/><b>N\u00famero Inventario Monetario:<\/b> 3791.<br \/>Hallazgo casual. Tesoro de Sant Joan d\u2019Alacant<\/p>\n","protected":false},"featured_media":35327,"template":"","meta":{"kia_subtitle":""},"product_brand":[],"product_cat":[2316],"product_tag":[],"class_list":{"0":"post-35851","1":"product","2":"type-product","3":"status-publish","4":"has-post-thumbnail","6":"product_cat-catalogo-numismatico","8":"first","9":"instock","10":"virtual","11":"product-type-simple"},"meta_box":{"ia_expediente":"","ia_ano":"","ia_fechas_de_actuacion":"","ia_municipios_comarcas":"","ia_directores":"","ia_periodos_culturales":"","ia_tipos_de_intervencion":"","ia_equipo_tecnico":"","ia_autores":"","ia_promotores":"","ia_deposito_de_materiales":"","ia_coordenadas_utm":""},"_links":{"self":[{"href":"https:\/\/marqalicante-admin.qwair.com\/es\/wp-json\/wp\/v2\/product\/35851","targetHints":{"allow":["GET"]}}],"collection":[{"href":"https:\/\/marqalicante-admin.qwair.com\/es\/wp-json\/wp\/v2\/product"}],"about":[{"href":"https:\/\/marqalicante-admin.qwair.com\/es\/wp-json\/wp\/v2\/types\/product"}],"wp:featuredmedia":[{"embeddable":true,"href":"https:\/\/marqalicante-admin.qwair.com\/es\/wp-json\/wp\/v2\/media\/35327"}],"wp:attachment":[{"href":"https:\/\/marqalicante-admin.qwair.com\/es\/wp-json\/wp\/v2\/media?parent=35851"}],"wp:term":[{"taxonomy":"product_brand","embeddable":true,"href":"https:\/\/marqalicante-admin.qwair.com\/es\/wp-json\/wp\/v2\/product_brand?post=35851"},{"taxonomy":"product_cat","embeddable":true,"href":"https:\/\/marqalicante-admin.qwair.com\/es\/wp-json\/wp\/v2\/product_cat?post=35851"},{"taxonomy":"product_tag","embeddable":true,"href":"https:\/\/marqalicante-admin.qwair.com\/es\/wp-json\/wp\/v2\/product_tag?post=35851"}],"curies":[{"name":"wp","href":"https:\/\/api.w.org\/{rel}","templated":true}]}}