{"id":35849,"date":"2025-03-05T18:24:32","date_gmt":"2025-03-05T18:24:32","guid":{"rendered":"https:\/\/marqalicante-admin.qwair.com\/item\/dos-escudos-ano-1800\/"},"modified":"2025-03-05T18:27:43","modified_gmt":"2025-03-05T18:27:43","slug":"dos-escudos-ano-1800","status":"publish","type":"product","link":"https:\/\/marqalicante-admin.qwair.com\/es\/producto\/dos-escudos-ano-1800\/","title":{"rendered":"<b>Dos escudos<\/b>   A\u00f1o 1800."},"content":{"rendered":"","protected":false},"excerpt":{"rendered":"<h3>Edad moderna<\/h3>\n<p><b>Metal:<\/b> Oro.<br \/><b>Entidad emisora: <\/b> Espa\u00f1a. Carlos IV.<br \/><b>Ceca:<\/b> Madrid.<br \/><b>Fecha:<\/b> A\u00f1o 1800.<br \/><b>Anverso:<\/b><br \/> Busto a derecha con manto y coraza. Leyenda: CAROL IIII D G HISP ET IND R 1800.<br \/>\n<br \/><b>Reverso:<\/b><br \/> Escudo coronado rodeado con el tois\u00f3n de oro. El interior del escudo est\u00e1 dividido en diez cuarteles con las armas de Arag\u00f3n&#44; Sicilia&#44; Austria&#44; Borgo\u00f1a antiguo y moderno&#44; Parma&#44; Toscana&#44; Flandes&#44; Tirol y Brabante. En la parte central&#44; escudo cuartelado con armas de Castilla y Le\u00f3n con escudo de la casa de Borb\u00f3n en el centro. Leyenda: IND UTROQ FELIX AUSPICE DEO. Marca de ceca: M coronada. Ensayadores: M F. En campo&#44; marca de valor 2: S.<br \/><b>Peso:<\/b> 6.72 g &#8211; <b>Di\u00e1metro:<\/b> 22 mm &#8211; <b>Ejes:<\/b> 12 h.<br \/><b>Descrita en:<\/b> Calic\u00f3 Estivill&#44; F.&#44; Calic\u00f3 Estivill&#44; X.&#44; Trigo Real&#44; J.&#44; 1994: Las monedas espa\u00f1olas desde Fernando e Isabel a Juan Carlos I. A\u00f1os: 1474 a 1994&#44; Barcelona&#44; p. 501&#44; tipo 37&#44; n\u00ba 278.<br \/>\n<br \/><b>Publicada en:<\/b><br \/>Ram\u00f3n S\u00e1nchez&#44; J.J.&#44; Ib\u00e1\u00f1ez Sarri\u00f3&#44; C.&#44; 2010: \u00abCat\u00e1logo. Edad Moderna y contempor\u00e1nea\u00bb&#44; en Ram\u00f3n S\u00e1nchez&#44; J.J. (ed.)&#44; Monedas. Todas las caras de la Historia. Colecciones numism\u00e1ticas del MARQ&#44; Alicante&#44; p. 163; Ram\u00f3n S\u00e1nchez&#44; J.J.&#44; 2013: El tresor de Sant Joan d&#8217;Alacant&#44; Alicante&#44; 2013&#44; p. 79 y 125 n\u00ba 302.<br \/><b>N\u00famero Inventario Monetario:<\/b> 3777.<br \/>Hallazgo casual. Tesoro de Sant Joan d\u2019Alacant<\/p>\n","protected":false},"featured_media":35321,"template":"","meta":{"kia_subtitle":""},"product_brand":[],"product_cat":[2316],"product_tag":[],"class_list":{"0":"post-35849","1":"product","2":"type-product","3":"status-publish","4":"has-post-thumbnail","6":"product_cat-catalogo-numismatico","8":"first","9":"instock","10":"virtual","11":"product-type-simple"},"meta_box":{"ia_expediente":"","ia_ano":"","ia_fechas_de_actuacion":"","ia_municipios_comarcas":"","ia_directores":"","ia_periodos_culturales":"","ia_tipos_de_intervencion":"","ia_equipo_tecnico":"","ia_autores":"","ia_promotores":"","ia_deposito_de_materiales":"","ia_coordenadas_utm":""},"_links":{"self":[{"href":"https:\/\/marqalicante-admin.qwair.com\/es\/wp-json\/wp\/v2\/product\/35849","targetHints":{"allow":["GET"]}}],"collection":[{"href":"https:\/\/marqalicante-admin.qwair.com\/es\/wp-json\/wp\/v2\/product"}],"about":[{"href":"https:\/\/marqalicante-admin.qwair.com\/es\/wp-json\/wp\/v2\/types\/product"}],"wp:featuredmedia":[{"embeddable":true,"href":"https:\/\/marqalicante-admin.qwair.com\/es\/wp-json\/wp\/v2\/media\/35321"}],"wp:attachment":[{"href":"https:\/\/marqalicante-admin.qwair.com\/es\/wp-json\/wp\/v2\/media?parent=35849"}],"wp:term":[{"taxonomy":"product_brand","embeddable":true,"href":"https:\/\/marqalicante-admin.qwair.com\/es\/wp-json\/wp\/v2\/product_brand?post=35849"},{"taxonomy":"product_cat","embeddable":true,"href":"https:\/\/marqalicante-admin.qwair.com\/es\/wp-json\/wp\/v2\/product_cat?post=35849"},{"taxonomy":"product_tag","embeddable":true,"href":"https:\/\/marqalicante-admin.qwair.com\/es\/wp-json\/wp\/v2\/product_tag?post=35849"}],"curies":[{"name":"wp","href":"https:\/\/api.w.org\/{rel}","templated":true}]}}