{"id":35844,"date":"2025-03-05T18:24:30","date_gmt":"2025-03-05T18:24:30","guid":{"rendered":"https:\/\/marqalicante-admin.qwair.com\/item\/real-de-a-2-ano-1719\/"},"modified":"2025-03-05T18:27:42","modified_gmt":"2025-03-05T18:27:42","slug":"real-de-a-2-ano-1719","status":"publish","type":"product","link":"https:\/\/marqalicante-admin.qwair.com\/es\/producto\/real-de-a-2-ano-1719\/","title":{"rendered":"<b>Real de a 2<\/b>   A\u00f1o 1719."},"content":{"rendered":"","protected":false},"excerpt":{"rendered":"<h3>Edad moderna<\/h3>\n<p><b>Metal:<\/b> Plata.<br \/><b>Entidad emisora: <\/b> Espa\u00f1a. Felipe V.<br \/><b>Ceca:<\/b> Madrid.<br \/><b>Fecha:<\/b> A\u00f1o 1719.<br \/><b>Anverso:<\/b><br \/> Escudo coronado y cuartelado con las armas de Castilla&#44; Le\u00f3n&#44; Granada&#44; Arag\u00f3n&#44; Sicilia&#44; Austria&#44; Borgo\u00f1a antiguo y moderno&#44; Parma&#44; Toscana&#44; Brabante&#44; Flandes y Tirol. En el centro escus\u00f3n de la casa de Borb\u00f3n. Leyenda: PHILIPPUS V D G. Marca de ceca: M coronada. Marca de valor R II&#44; marca de ceca. Ensayador: J.<br \/>\n<br \/><b>Reverso:<\/b><br \/> Cruz equil\u00e1tera cantonada de castillos y leones inscrita en orla polilobulada. Leyenda: HISPANIARUM REX 1719.<br \/>\n<br \/><b>Peso:<\/b> 4.70 g &#8211; <b>Di\u00e1metro:<\/b> 26 mm &#8211; <b>Ejes:<\/b> 12 h.<br \/><b>Descrita en:<\/b> Calic\u00f3 Estivill&#44; F.&#44; Calic\u00f3 Estivill&#44; X.&#44; Trigo Real&#44; J.&#44; 1994: Las monedas espa\u00f1olas desde Fernando e Isabel a Juan Carlos I. A\u00f1os: 1474 a 1994&#44; Barcelona&#44; p. 384&#44; tipo 173&#44; n\u00ba 983.<br \/>\n<br \/><b>Publicada en:<\/b><br \/>Ram\u00f3n S\u00e1nchez&#44; J.J.&#44; Ib\u00e1\u00f1ez Sarri\u00f3&#44; C.&#44; 2010: \u00abCat\u00e1logo. Edad Moderna y contempor\u00e1nea\u00bb&#44; en Ram\u00f3n S\u00e1nchez&#44; J.J. (ed.)&#44; Monedas. Todas las caras de la Historia. Colecciones numism\u00e1ticas del MARQ&#44; Alicante&#44; p. 161; Ram\u00f3n S\u00e1nchez&#44; J.J.&#44; 2013: El tresor de Sant Joan d&#8217;Alacant&#44; Alicante&#44; 2013&#44; p. 61 y 100 n\u00ba 24.<br \/><b>N\u00famero Inventario Monetario:<\/b> 4091.<br \/>Hallazgo casual. Tesoro de Sant Joan d\u2019Alacant<\/p>\n","protected":false},"featured_media":35306,"template":"","meta":{"kia_subtitle":""},"product_brand":[],"product_cat":[2316],"product_tag":[],"class_list":{"0":"post-35844","1":"product","2":"type-product","3":"status-publish","4":"has-post-thumbnail","6":"product_cat-catalogo-numismatico","8":"first","9":"instock","10":"virtual","11":"product-type-simple"},"meta_box":{"ia_expediente":"","ia_ano":"","ia_fechas_de_actuacion":"","ia_municipios_comarcas":"","ia_directores":"","ia_periodos_culturales":"","ia_tipos_de_intervencion":"","ia_equipo_tecnico":"","ia_autores":"","ia_promotores":"","ia_deposito_de_materiales":"","ia_coordenadas_utm":""},"_links":{"self":[{"href":"https:\/\/marqalicante-admin.qwair.com\/es\/wp-json\/wp\/v2\/product\/35844","targetHints":{"allow":["GET"]}}],"collection":[{"href":"https:\/\/marqalicante-admin.qwair.com\/es\/wp-json\/wp\/v2\/product"}],"about":[{"href":"https:\/\/marqalicante-admin.qwair.com\/es\/wp-json\/wp\/v2\/types\/product"}],"wp:featuredmedia":[{"embeddable":true,"href":"https:\/\/marqalicante-admin.qwair.com\/es\/wp-json\/wp\/v2\/media\/35306"}],"wp:attachment":[{"href":"https:\/\/marqalicante-admin.qwair.com\/es\/wp-json\/wp\/v2\/media?parent=35844"}],"wp:term":[{"taxonomy":"product_brand","embeddable":true,"href":"https:\/\/marqalicante-admin.qwair.com\/es\/wp-json\/wp\/v2\/product_brand?post=35844"},{"taxonomy":"product_cat","embeddable":true,"href":"https:\/\/marqalicante-admin.qwair.com\/es\/wp-json\/wp\/v2\/product_cat?post=35844"},{"taxonomy":"product_tag","embeddable":true,"href":"https:\/\/marqalicante-admin.qwair.com\/es\/wp-json\/wp\/v2\/product_tag?post=35844"}],"curies":[{"name":"wp","href":"https:\/\/api.w.org\/{rel}","templated":true}]}}