{"id":35839,"date":"2025-03-05T18:24:28","date_gmt":"2025-03-05T18:24:28","guid":{"rendered":"https:\/\/marqalicante-admin.qwair.com\/item\/dihuite-ano-1642\/"},"modified":"2025-03-05T18:27:41","modified_gmt":"2025-03-05T18:27:41","slug":"dihuite-ano-1642","status":"publish","type":"product","link":"https:\/\/marqalicante-admin.qwair.com\/es\/producto\/dihuite-ano-1642\/","title":{"rendered":"<b>Dihuit\u00e9<\/b>   A\u00f1o 1642."},"content":{"rendered":"","protected":false},"excerpt":{"rendered":"<h3>Edad moderna<\/h3>\n<p><b>Metal:<\/b> Plata.<br \/><b>Entidad emisora: <\/b> Espa\u00f1a. Felipe IV.<br \/><b>Ceca:<\/b> Valencia.<br \/><b>Fecha:<\/b> A\u00f1o 1642.<br \/><b>Anverso:<\/b><br \/> Efigie de frente coronada y l\u00f3bulos a los lados. Leyenda: PHIL[ipp]US DEI GRACIA. Marca de valor: 18.<br \/>\n<br \/><b>Reverso:<\/b><br \/> Armas de Valencia coronadas entre bil\u00f3bulos. Leyenda: VALEN[cia maio]RICA 1642.<br \/>\n<br \/><b>Peso:<\/b> 2.17 g &#8211; <b>Di\u00e1metro:<\/b> 21 mm &#8211; <b>Ejes:<\/b> 1 h.<br \/><b>Descrita en:<\/b> Calic\u00f3 Estivill&#44; F.&#44; Calic\u00f3 Estivill&#44; X.&#44; Trigo Real&#44; J.&#44; 1994: Las monedas espa\u00f1olas desde Fernando e Isabel a Juan Carlos I. A\u00f1os: 1474 a 1994&#44; Barcelona&#44; p.275&#44; tipo 159&#44; n\u00ba 832.<br \/>\n<br \/><b>Publicada en:<\/b><br \/>Ram\u00f3n S\u00e1nchez&#44; J.J.&#44; Ib\u00e1\u00f1ez Sarri\u00f3&#44; C.&#44; 2010: \u00abCat\u00e1logo. Edad Moderna y contempor\u00e1nea\u00bb&#44; en Ram\u00f3n S\u00e1nchez&#44; J.J. (ed.)&#44; Monedas. Todas las caras de la Historia. Colecciones numism\u00e1ticas del MARQ&#44; Alicante&#44; p. 158.<br \/><b>N\u00famero Inventario Monetario:<\/b> 405.<br \/>Compra. Colecci\u00f3n Isidro Albert<\/p>\n","protected":false},"featured_media":35291,"template":"","meta":{"kia_subtitle":""},"product_brand":[],"product_cat":[2316],"product_tag":[],"class_list":{"0":"post-35839","1":"product","2":"type-product","3":"status-publish","4":"has-post-thumbnail","6":"product_cat-catalogo-numismatico","8":"first","9":"instock","10":"virtual","11":"product-type-simple"},"meta_box":{"ia_expediente":"","ia_ano":"","ia_fechas_de_actuacion":"","ia_municipios_comarcas":"","ia_directores":"","ia_periodos_culturales":"","ia_tipos_de_intervencion":"","ia_equipo_tecnico":"","ia_autores":"","ia_promotores":"","ia_deposito_de_materiales":"","ia_coordenadas_utm":""},"_links":{"self":[{"href":"https:\/\/marqalicante-admin.qwair.com\/es\/wp-json\/wp\/v2\/product\/35839","targetHints":{"allow":["GET"]}}],"collection":[{"href":"https:\/\/marqalicante-admin.qwair.com\/es\/wp-json\/wp\/v2\/product"}],"about":[{"href":"https:\/\/marqalicante-admin.qwair.com\/es\/wp-json\/wp\/v2\/types\/product"}],"wp:featuredmedia":[{"embeddable":true,"href":"https:\/\/marqalicante-admin.qwair.com\/es\/wp-json\/wp\/v2\/media\/35291"}],"wp:attachment":[{"href":"https:\/\/marqalicante-admin.qwair.com\/es\/wp-json\/wp\/v2\/media?parent=35839"}],"wp:term":[{"taxonomy":"product_brand","embeddable":true,"href":"https:\/\/marqalicante-admin.qwair.com\/es\/wp-json\/wp\/v2\/product_brand?post=35839"},{"taxonomy":"product_cat","embeddable":true,"href":"https:\/\/marqalicante-admin.qwair.com\/es\/wp-json\/wp\/v2\/product_cat?post=35839"},{"taxonomy":"product_tag","embeddable":true,"href":"https:\/\/marqalicante-admin.qwair.com\/es\/wp-json\/wp\/v2\/product_tag?post=35839"}],"curies":[{"name":"wp","href":"https:\/\/api.w.org\/{rel}","templated":true}]}}