{"id":35829,"date":"2025-03-05T18:24:25","date_gmt":"2025-03-05T18:24:25","guid":{"rendered":"https:\/\/marqalicante-admin.qwair.com\/item\/ducado-anos-1356-1361\/"},"modified":"2025-03-05T18:27:39","modified_gmt":"2025-03-05T18:27:39","slug":"ducado-anos-1356-1361","status":"publish","type":"product","link":"https:\/\/marqalicante-admin.qwair.com\/es\/producto\/ducado-anos-1356-1361\/","title":{"rendered":"<b>Ducado<\/b>   A\u00f1os 1356-1361."},"content":{"rendered":"","protected":false},"excerpt":{"rendered":"<h3>Feudal<\/h3>\n<p><b>Metal:<\/b> Oro.<br \/><b>Entidad emisora: <\/b> Rep\u00fablica de Venecia (Italia). Duque Giovanni Dolfin.<br \/><b>Ceca:<\/b> Venecia.<br \/><b>Fecha:<\/b> A\u00f1os 1356-1361.<br \/><b>Anverso:<\/b><br \/> San Marcos&#44; de pie a la izquierda&#44; da un estandarte al duque&#44; arrodillado a la derecha. Leyenda: IO \u2022 DELPHYNO &#8211; \u2022 S \u2022 M \u2022 VENETI \u2022 DVX.<br \/>\n<br \/><b>Reverso:<\/b><br \/> Cristo dentro de una mandorla con estrellas. Leyenda: \u2022 SIT \u2022 T \u2022 XPE \u2022 DAT\u2019 \u2022 Q \u2022 TV \u2022 REGIS \u2022 ISTE \u2022 DVCAT\u2019.<br \/>\n<br \/><b>Peso:<\/b> 3.54 g &#8211; <b>Di\u00e1metro:<\/b> 19 mm &#8211; <b>Ejes:<\/b> 8 h.<br \/><b>Descrita en:<\/b> Corpus Nummorum Italicorum&#44; vol.VII. Veneto (Venezia &#8211; Parte I \u2013 Dalle origini a Marino Grimaldi)&#44; Roma&#44; 1915&#44; p. 86&#44; n\u00ba 326.<br \/><b>Publicada en:<\/b><br \/>Dom\u00e9nech Belda&#44; C.&#44; Ram\u00f3n S\u00e1nchez&#44; J.J.&#44; Ahuir Dom\u00ednguez&#44; J.A.&#44; 2010: \u00abCat\u00e1logo. Edad Media\u00bb&#44; en Ram\u00f3n S\u00e1nchez&#44; J.J. (ed.)&#44; Monedas. Todas las caras de la Historia. Colecciones numism\u00e1ticas del MARQ&#44; Alicante&#44; p.149.<br \/><b>N\u00famero Inventario Monetario:<\/b> 6576.<br \/>Compra. Colecci\u00f3n Enrique Llobregat<\/p>\n","protected":false},"featured_media":35261,"template":"","meta":{"kia_subtitle":""},"product_brand":[],"product_cat":[2316],"product_tag":[],"class_list":{"0":"post-35829","1":"product","2":"type-product","3":"status-publish","4":"has-post-thumbnail","6":"product_cat-catalogo-numismatico","8":"first","9":"instock","10":"virtual","11":"product-type-simple"},"meta_box":{"ia_expediente":"","ia_ano":"","ia_fechas_de_actuacion":"","ia_municipios_comarcas":"","ia_directores":"","ia_periodos_culturales":"","ia_tipos_de_intervencion":"","ia_equipo_tecnico":"","ia_autores":"","ia_promotores":"","ia_deposito_de_materiales":"","ia_coordenadas_utm":""},"_links":{"self":[{"href":"https:\/\/marqalicante-admin.qwair.com\/es\/wp-json\/wp\/v2\/product\/35829","targetHints":{"allow":["GET"]}}],"collection":[{"href":"https:\/\/marqalicante-admin.qwair.com\/es\/wp-json\/wp\/v2\/product"}],"about":[{"href":"https:\/\/marqalicante-admin.qwair.com\/es\/wp-json\/wp\/v2\/types\/product"}],"wp:featuredmedia":[{"embeddable":true,"href":"https:\/\/marqalicante-admin.qwair.com\/es\/wp-json\/wp\/v2\/media\/35261"}],"wp:attachment":[{"href":"https:\/\/marqalicante-admin.qwair.com\/es\/wp-json\/wp\/v2\/media?parent=35829"}],"wp:term":[{"taxonomy":"product_brand","embeddable":true,"href":"https:\/\/marqalicante-admin.qwair.com\/es\/wp-json\/wp\/v2\/product_brand?post=35829"},{"taxonomy":"product_cat","embeddable":true,"href":"https:\/\/marqalicante-admin.qwair.com\/es\/wp-json\/wp\/v2\/product_cat?post=35829"},{"taxonomy":"product_tag","embeddable":true,"href":"https:\/\/marqalicante-admin.qwair.com\/es\/wp-json\/wp\/v2\/product_tag?post=35829"}],"curies":[{"name":"wp","href":"https:\/\/api.w.org\/{rel}","templated":true}]}}