{"id":35824,"date":"2025-03-05T18:24:23","date_gmt":"2025-03-05T18:24:23","guid":{"rendered":"https:\/\/marqalicante-admin.qwair.com\/item\/diner-anos-1213-1276\/"},"modified":"2025-03-05T18:27:38","modified_gmt":"2025-03-05T18:27:38","slug":"diner-anos-1213-1276","status":"publish","type":"product","link":"https:\/\/marqalicante-admin.qwair.com\/es\/producto\/diner-anos-1213-1276\/","title":{"rendered":"<b>Diner<\/b>   A\u00f1os 1213-1276."},"content":{"rendered":"","protected":false},"excerpt":{"rendered":"<h3>Feudal<\/h3>\n<p><b>Metal:<\/b> Vell\u00f3n.<br \/><b>Entidad emisora: <\/b> Corona de Arag\u00f3n. Jaime I.<br \/><b>Ceca:<\/b> Barcelona.<br \/><b>Fecha:<\/b> A\u00f1os 1213-1276.<br \/><b>Anverso:<\/b><br \/> Efigie coronada a izquierda. Leyenda: BARQINO.<br \/><b>Reverso:<\/b><br \/> Cruz cortando con anillos en 2\u00ba y 3\u00ba y 3 puntos en 1\u00ba y 4\u00ba. IA en tres puntos. Leyenda. IA \u2013 CO \u2013 B \u00b4R \u2013 EX.<br \/><b>Peso:<\/b> 0.71 g &#8211; <b>Di\u00e1metro:<\/b> 18 mm &#8211; <b>Ejes:<\/b> 6 h.<br \/><b>Descrita en:<\/b> Crusafont Sabater&#44; M.&#44; 1992: Acu\u00f1aciones de la Corona Catalano-Aragonesa y de los Reinos de Arag\u00f3n y Navarra. Medievo y tr\u00e1nsito a la Edad Moderna&#44; Cat\u00e1logo general de las monedas espa\u00f1olas&#44; vol. IV&#44; Madrid&#44; p. 77&#44; n\u00ba 310.1.<br \/><b>Publicada en:<\/b><br \/>Dom\u00e9nech Belda&#44; C.&#44; Ram\u00f3n S\u00e1nchez&#44; J.J.&#44; Ahuir Dom\u00ednguez&#44; J.A.&#44; 2010: \u00abCat\u00e1logo. Edad Media\u00bb&#44; en Ram\u00f3n S\u00e1nchez&#44; J.J. (ed.)&#44; Monedas. Todas las caras de la Historia. Colecciones numism\u00e1ticas del MARQ&#44; Alicante&#44; p.146.<br \/><b>N\u00famero Inventario Monetario:<\/b> 412.<br \/>Compra. Colecci\u00f3n Isidro Albert<\/p>\n","protected":false},"featured_media":35246,"template":"","meta":{"kia_subtitle":""},"product_brand":[],"product_cat":[2316],"product_tag":[],"class_list":{"0":"post-35824","1":"product","2":"type-product","3":"status-publish","4":"has-post-thumbnail","6":"product_cat-catalogo-numismatico","8":"first","9":"instock","10":"virtual","11":"product-type-simple"},"meta_box":{"ia_expediente":"","ia_ano":"","ia_fechas_de_actuacion":"","ia_municipios_comarcas":"","ia_directores":"","ia_periodos_culturales":"","ia_tipos_de_intervencion":"","ia_equipo_tecnico":"","ia_autores":"","ia_promotores":"","ia_deposito_de_materiales":"","ia_coordenadas_utm":""},"_links":{"self":[{"href":"https:\/\/marqalicante-admin.qwair.com\/es\/wp-json\/wp\/v2\/product\/35824","targetHints":{"allow":["GET"]}}],"collection":[{"href":"https:\/\/marqalicante-admin.qwair.com\/es\/wp-json\/wp\/v2\/product"}],"about":[{"href":"https:\/\/marqalicante-admin.qwair.com\/es\/wp-json\/wp\/v2\/types\/product"}],"wp:featuredmedia":[{"embeddable":true,"href":"https:\/\/marqalicante-admin.qwair.com\/es\/wp-json\/wp\/v2\/media\/35246"}],"wp:attachment":[{"href":"https:\/\/marqalicante-admin.qwair.com\/es\/wp-json\/wp\/v2\/media?parent=35824"}],"wp:term":[{"taxonomy":"product_brand","embeddable":true,"href":"https:\/\/marqalicante-admin.qwair.com\/es\/wp-json\/wp\/v2\/product_brand?post=35824"},{"taxonomy":"product_cat","embeddable":true,"href":"https:\/\/marqalicante-admin.qwair.com\/es\/wp-json\/wp\/v2\/product_cat?post=35824"},{"taxonomy":"product_tag","embeddable":true,"href":"https:\/\/marqalicante-admin.qwair.com\/es\/wp-json\/wp\/v2\/product_tag?post=35824"}],"curies":[{"name":"wp","href":"https:\/\/api.w.org\/{rel}","templated":true}]}}