{"id":35822,"date":"2025-03-05T18:24:23","date_gmt":"2025-03-05T18:24:23","guid":{"rendered":"https:\/\/marqalicante-admin.qwair.com\/item\/dobla-anos-647-675-h-1249-1277-d-c\/"},"modified":"2025-03-05T18:27:38","modified_gmt":"2025-03-05T18:27:38","slug":"dobla-anos-647-675-h-1249-1277-d-c","status":"publish","type":"product","link":"https:\/\/marqalicante-admin.qwair.com\/es\/producto\/dobla-anos-647-675-h-1249-1277-d-c\/","title":{"rendered":"<b>Dobla<\/b>   A\u00f1os 647-675 H. \/ 1249-1277 d. C."},"content":{"rendered":"","protected":false},"excerpt":{"rendered":"<h3>Medieval isl\u00e1mico<\/h3>\n<p><b>Metal:<\/b> Oro.<br \/><b>Entidad emisora: <\/b> Califato Hafs\u00ed de T\u00fanez. Ab&#363; `Abd All&#257;h al-Musta&#7751;sir bi-llah.<br \/><b>Ceca:<\/b> No precisable.<br \/><b>Fecha:<\/b> A\u00f1os 647-675 H. \/ 1249-1277 d. C.<br \/><b>Anverso:<\/b><br \/> IAC: &#1575;&#1604;&#1605;&#1607;&#1583;&#1610; &#1582;&#1604;&#1610;&#1601;&#1577;<br \/>\n        &#65165;&#65010; &#65165;&#65248;&#65208;&#65244;&#65198; &#65248;&#65248;&#65258;<br \/>\n        &#65262;&#65165;&#65248;&#65188;&#65262;&#65246; &#65262;&#65165;&#65248;&#65240;&#65262;&#65171; &#65170;&#65166;&#65010;<br \/>\nIAM: &#1576;&#1587;&#1605; &#1575;&#1604;&#1604;&#1607; &#1575;&#1604;&#1585;&#1581;&#1605;&#1606; &#1575;&#1604;&#1585;&#1581;&#1610;&#1605;<br \/>\n        &#1589;&#1604;&#1609; &#1575;&#1604;&#1604;&#1607; &#1593;&#1604;&#1609; &#1587;&#1610;&#1583;&#1606;&#1575;<br \/>\n        &#1605;&#1581;&#1605;&#1583; &#1604;&#1575; &#1575;&#1604;&#1607; &#1575;&#1604;&#1575; &#1575;&#1604;&#1604;&#1607;<br \/>\n        &#1605;&#1581;&#1605;&#1583; &#1585;&#1587;&#1608;&#1604; &#1575;&#1604;&#1604;&#1607;<br \/>\n<br \/><b>Reverso:<\/b><br \/> IIAC: &#1575;&#1576;&#1608;&#1593;&#1576;&#1583; &#1575;&#1604;&#1604;&#1607;<br \/>\n        &#1605;&#1581;&#1605;&#1583; &#1576;&#1606; &#1575;&#1604;&#1575;&#1605;&#1585;&#1575;<br \/>\n        &#1575;&#1604;&#1585;&#1575;&#1588;&#1583;&#1610;&#1606;     <\/p>\n<p>IIAM: &#1575;&#1604;&#1605;&#1587;&#1578;&#1589;&#1585;<br \/>\n         &#1576;&#1575;&#1604;&#1604;&#1607; &#1575;&#1604;&#1605;&#1606;&#1589;&#1608;&#1585;<br \/>\n         &#1576;&#1601;&#1590;&#1604; &#1575;&#1604;&#1604;&#1607;<br \/>\n         &#1575;&#1605;&#1610;&#1585; &#1575;&#1604;&#1605;&#1608;&#1605;&#1606;&#1610;&#1606;<br \/>\n<br \/><b>Peso:<\/b> 4.65 g &#8211; <b>Di\u00e1metro:<\/b> 28 mm &#8211; <b>Ejes:<\/b> 12 h.<br \/><b>Descrita en:<\/b> Lavoix n\u00ba 946.<br \/><b>Publicada en:<\/b><br \/>Dom\u00e9nech Belda&#44; C.&#44; Ram\u00f3n S\u00e1nchez&#44; J.J.&#44; Ahuir Dom\u00ednguez&#44; J.A.&#44; 2010: \u00abCat\u00e1logo. Edad Media\u00bb&#44; en Ram\u00f3n S\u00e1nchez&#44; J.J. (ed.)&#44; Monedas. Todas las caras de la Historia. Colecciones numism\u00e1ticas del MARQ&#44; Alicante&#44; p. 144.<br \/><b>N\u00famero Inventario Monetario:<\/b> 4528.<br \/>Compra. <\/p>\n","protected":false},"featured_media":35240,"template":"","meta":{"kia_subtitle":""},"product_brand":[],"product_cat":[2316],"product_tag":[],"class_list":{"0":"post-35822","1":"product","2":"type-product","3":"status-publish","4":"has-post-thumbnail","6":"product_cat-catalogo-numismatico","8":"first","9":"instock","10":"virtual","11":"product-type-simple"},"meta_box":{"ia_expediente":"","ia_ano":"","ia_fechas_de_actuacion":"","ia_municipios_comarcas":"","ia_directores":"","ia_periodos_culturales":"","ia_tipos_de_intervencion":"","ia_equipo_tecnico":"","ia_autores":"","ia_promotores":"","ia_deposito_de_materiales":"","ia_coordenadas_utm":""},"_links":{"self":[{"href":"https:\/\/marqalicante-admin.qwair.com\/es\/wp-json\/wp\/v2\/product\/35822","targetHints":{"allow":["GET"]}}],"collection":[{"href":"https:\/\/marqalicante-admin.qwair.com\/es\/wp-json\/wp\/v2\/product"}],"about":[{"href":"https:\/\/marqalicante-admin.qwair.com\/es\/wp-json\/wp\/v2\/types\/product"}],"wp:featuredmedia":[{"embeddable":true,"href":"https:\/\/marqalicante-admin.qwair.com\/es\/wp-json\/wp\/v2\/media\/35240"}],"wp:attachment":[{"href":"https:\/\/marqalicante-admin.qwair.com\/es\/wp-json\/wp\/v2\/media?parent=35822"}],"wp:term":[{"taxonomy":"product_brand","embeddable":true,"href":"https:\/\/marqalicante-admin.qwair.com\/es\/wp-json\/wp\/v2\/product_brand?post=35822"},{"taxonomy":"product_cat","embeddable":true,"href":"https:\/\/marqalicante-admin.qwair.com\/es\/wp-json\/wp\/v2\/product_cat?post=35822"},{"taxonomy":"product_tag","embeddable":true,"href":"https:\/\/marqalicante-admin.qwair.com\/es\/wp-json\/wp\/v2\/product_tag?post=35822"}],"curies":[{"name":"wp","href":"https:\/\/api.w.org\/{rel}","templated":true}]}}