{"id":35820,"date":"2025-03-05T18:24:22","date_gmt":"2025-03-05T18:24:22","guid":{"rendered":"https:\/\/marqalicante-admin.qwair.com\/item\/dirham-anos-635-636-h-1238-d-c\/"},"modified":"2025-03-05T18:27:37","modified_gmt":"2025-03-05T18:27:37","slug":"dirham-anos-635-636-h-1238-d-c","status":"publish","type":"product","link":"https:\/\/marqalicante-admin.qwair.com\/es\/producto\/dirham-anos-635-636-h-1238-d-c\/","title":{"rendered":"<b>D\u00edrham<\/b>   A\u00f1os 635-636 H.\/1238 d. C."},"content":{"rendered":"","protected":false},"excerpt":{"rendered":"<h3>Medieval isl\u00e1mico<\/h3>\n<p><b>Metal:<\/b> Plata.<br \/><b>Entidad emisora: <\/b> Reino Hud\u00ed de Murcia. Al-W&#257;tiq.<br \/><b>Ceca:<\/b> No precisable.<br \/><b>Fecha:<\/b> A\u00f1os 635-636 H.\/1238 d. C.<br \/><b>Anverso:<\/b><br \/> IA: &#1604;&#1575; &#1575;&#1604;&#1607; &#1575;&#1604;&#1575; &#1575;&#1604;&#1604;&#1607;<br \/>\n     &#1605;&#1581;&#1605;&#1583; &#1585;&#1587;&#1608;&#1604; &#1575;&#1604;&#1604;&#1607;<br \/>\n     &#1575;&#1604;&#1582;&#1604;&#1610;&#1601;&#1577; &#1575;&#1604;&#1593;&#1576;&#1575;&#1587;&#1610;<br \/>\n     &#1575;&#1605;&#1610;&#1585; &#1575;&#1604;&#1605;&#1608;&#1605;&#1606;&#1610;&#1606;<br \/><b>Reverso:<\/b><br \/> IIA: &#1575;&#1604;&#1608;&#1575;&#1579;&#1602; &#1576;&#1575;&#1604;&#1604;&#1607;<br \/>\n      &#1575;&#1604;&#1605;&#1593;&#1578;&#1589;&#1605; &#1576;&#1607; &#1605;&#1581;&#1605;&#1583;<br \/>\n      &#1608;&#1604;&#1609; &#1593;&#1607;&#1583;<br \/>\n      &#1575;&#1605;&#1610;&#1585;&#1575;&#1604;&#1605;&#1587;&#1604;&#1605;&#1610;&#1606;<br \/><b>Peso:<\/b> 1.54 g &#8211; <b>Di\u00e1metro:<\/b> 17 mm &#8211; <b>Ejes:<\/b> 12 h.<br \/><b>Descrita en:<\/b> Rodr\u00edguez Lorente n\u00ba 131. Rodr\u00edguez Lorente&#44; J.J. 1984: Numism\u00e1tica de la Murcia musulmana&#44; Madrid.<br \/>\n<br \/><b>Publicada en:<\/b><br \/>Dom\u00e9nech Belda&#44; C.&#44; Ram\u00f3n S\u00e1nchez&#44; J.J.&#44; Ahuir Dom\u00ednguez&#44; J.A.&#44; 2010: \u00abCat\u00e1logo. Edad Media\u00bb&#44; en Ram\u00f3n S\u00e1nchez&#44; J.J. (ed.)&#44; Monedas. Todas las caras de la Historia. Colecciones numism\u00e1ticas del MARQ&#44; Alicante&#44; p. 143.<br \/><b>N\u00famero Inventario Monetario:<\/b> 7439.<br \/>Cesi\u00f3n. Colecci\u00f3n Julio Furg\u00fas<\/p>\n","protected":false},"featured_media":35234,"template":"","meta":{"kia_subtitle":""},"product_brand":[],"product_cat":[2316],"product_tag":[],"class_list":{"0":"post-35820","1":"product","2":"type-product","3":"status-publish","4":"has-post-thumbnail","6":"product_cat-catalogo-numismatico","8":"first","9":"instock","10":"virtual","11":"product-type-simple"},"meta_box":{"ia_expediente":"","ia_ano":"","ia_fechas_de_actuacion":"","ia_municipios_comarcas":"","ia_directores":"","ia_periodos_culturales":"","ia_tipos_de_intervencion":"","ia_equipo_tecnico":"","ia_autores":"","ia_promotores":"","ia_deposito_de_materiales":"","ia_coordenadas_utm":""},"_links":{"self":[{"href":"https:\/\/marqalicante-admin.qwair.com\/es\/wp-json\/wp\/v2\/product\/35820","targetHints":{"allow":["GET"]}}],"collection":[{"href":"https:\/\/marqalicante-admin.qwair.com\/es\/wp-json\/wp\/v2\/product"}],"about":[{"href":"https:\/\/marqalicante-admin.qwair.com\/es\/wp-json\/wp\/v2\/types\/product"}],"wp:featuredmedia":[{"embeddable":true,"href":"https:\/\/marqalicante-admin.qwair.com\/es\/wp-json\/wp\/v2\/media\/35234"}],"wp:attachment":[{"href":"https:\/\/marqalicante-admin.qwair.com\/es\/wp-json\/wp\/v2\/media?parent=35820"}],"wp:term":[{"taxonomy":"product_brand","embeddable":true,"href":"https:\/\/marqalicante-admin.qwair.com\/es\/wp-json\/wp\/v2\/product_brand?post=35820"},{"taxonomy":"product_cat","embeddable":true,"href":"https:\/\/marqalicante-admin.qwair.com\/es\/wp-json\/wp\/v2\/product_cat?post=35820"},{"taxonomy":"product_tag","embeddable":true,"href":"https:\/\/marqalicante-admin.qwair.com\/es\/wp-json\/wp\/v2\/product_tag?post=35820"}],"curies":[{"name":"wp","href":"https:\/\/api.w.org\/{rel}","templated":true}]}}