{"id":35819,"date":"2025-03-05T18:24:22","date_gmt":"2025-03-05T18:24:22","guid":{"rendered":"https:\/\/marqalicante-admin.qwair.com\/item\/dirham-siglos-xii-xiii\/"},"modified":"2025-03-05T18:27:37","modified_gmt":"2025-03-05T18:27:37","slug":"dirham-siglos-xii-xiii","status":"publish","type":"product","link":"https:\/\/marqalicante-admin.qwair.com\/es\/producto\/dirham-siglos-xii-xiii\/","title":{"rendered":"<b>D\u00edrham<\/b>   Siglos XII-XIII."},"content":{"rendered":"","protected":false},"excerpt":{"rendered":"<h3>Medieval isl\u00e1mico<\/h3>\n<p><b>Metal:<\/b> Plata.<br \/><b>Entidad emisora: <\/b> Almohade. An\u00f3nimo.<br \/><b>Ceca:<\/b> Rabat (Marruecos).<br \/><b>Fecha:<\/b> Siglos XII-XIII.<br \/><b>Anverso:<\/b><br \/> IA: &#1604;&#1575; &#1575;&#1604;&#1607; &#1575;&#1604;&#1575; &#1575;&#1604;&#1604;&#1607;<br \/>\n     &#1575;&#1604;&#1575;&#1605;&#1585; &#1603;&#1604;&#1607; &#1604;&#1604;&#1607;<br \/>\n     &#1604;&#1575; &#1602;&#1608;&#1577; &#1575;&#1604;&#1575; &#1576;&#1575;&#1604;&#1604;&#1607;<br \/>\n     &#1585;&#1576;&#1591; &#1575;&#1604;&#1601;&#1578;&#1581;<\/p>\n<p><b>Reverso:<\/b><br \/> IIA: &#1575;&#1604;&#1604;&#1607; &#1585;&#1576;&#1606;&#1575;<br \/>\n      &#1605;&#1581;&#1605;&#1583; &#1585;&#1587;&#1608;&#1604;&#1606;&#1575;<br \/>\n      &#1575;&#1604;&#1605;&#1607;&#1583;&#1609; &#1575;&#1605;&#1575;&#1605;&#1606;&#1575;<br \/><b>Peso:<\/b> 1.56 g &#8211; <b>Di\u00e1metro:<\/b> 14 mm &#8211; <b>Ejes:<\/b> 6 h.<br \/><b>Descrita en:<\/b> Vives 2104.<br \/><b>Publicada en:<\/b><br \/>Dom\u00e9nech Belda&#44; C.&#44; Ram\u00f3n S\u00e1nchez&#44; J.J.&#44; Ahuir Dom\u00ednguez&#44; J.A.&#44; 2010: \u00abCat\u00e1logo. Edad Media\u00bb&#44; en Ram\u00f3n S\u00e1nchez&#44; J.J. (ed.)&#44; Monedas. Todas las caras de la Historia. Colecciones numism\u00e1ticas del MARQ&#44; Alicante&#44; p. 142.<br \/><b>N\u00famero Inventario Monetario:<\/b> 7452.<br \/>Cesi\u00f3n. Colecci\u00f3n Julio Furg\u00fas<\/p>\n","protected":false},"featured_media":35231,"template":"","meta":{"kia_subtitle":""},"product_brand":[],"product_cat":[2316],"product_tag":[],"class_list":{"0":"post-35819","1":"product","2":"type-product","3":"status-publish","4":"has-post-thumbnail","6":"product_cat-catalogo-numismatico","8":"first","9":"instock","10":"virtual","11":"product-type-simple"},"meta_box":{"ia_expediente":"","ia_ano":"","ia_fechas_de_actuacion":"","ia_municipios_comarcas":"","ia_directores":"","ia_periodos_culturales":"","ia_tipos_de_intervencion":"","ia_equipo_tecnico":"","ia_autores":"","ia_promotores":"","ia_deposito_de_materiales":"","ia_coordenadas_utm":""},"_links":{"self":[{"href":"https:\/\/marqalicante-admin.qwair.com\/es\/wp-json\/wp\/v2\/product\/35819","targetHints":{"allow":["GET"]}}],"collection":[{"href":"https:\/\/marqalicante-admin.qwair.com\/es\/wp-json\/wp\/v2\/product"}],"about":[{"href":"https:\/\/marqalicante-admin.qwair.com\/es\/wp-json\/wp\/v2\/types\/product"}],"wp:featuredmedia":[{"embeddable":true,"href":"https:\/\/marqalicante-admin.qwair.com\/es\/wp-json\/wp\/v2\/media\/35231"}],"wp:attachment":[{"href":"https:\/\/marqalicante-admin.qwair.com\/es\/wp-json\/wp\/v2\/media?parent=35819"}],"wp:term":[{"taxonomy":"product_brand","embeddable":true,"href":"https:\/\/marqalicante-admin.qwair.com\/es\/wp-json\/wp\/v2\/product_brand?post=35819"},{"taxonomy":"product_cat","embeddable":true,"href":"https:\/\/marqalicante-admin.qwair.com\/es\/wp-json\/wp\/v2\/product_cat?post=35819"},{"taxonomy":"product_tag","embeddable":true,"href":"https:\/\/marqalicante-admin.qwair.com\/es\/wp-json\/wp\/v2\/product_tag?post=35819"}],"curies":[{"name":"wp","href":"https:\/\/api.w.org\/{rel}","templated":true}]}}