{"id":35812,"date":"2025-03-05T18:24:19","date_gmt":"2025-03-05T18:24:19","guid":{"rendered":"https:\/\/marqalicante-admin.qwair.com\/item\/ruba-o-cuarto-de-dinar-anos-411-427-h-1021-1036-d-c\/"},"modified":"2025-03-05T18:27:35","modified_gmt":"2025-03-05T18:27:35","slug":"ruba-o-cuarto-de-dinar-anos-411-427-h-1021-1036-d-c","status":"publish","type":"product","link":"https:\/\/marqalicante-admin.qwair.com\/es\/producto\/ruba-o-cuarto-de-dinar-anos-411-427-h-1021-1036-d-c\/","title":{"rendered":"<b>Ruba&#8217;&#257; o cuarto de dinar <\/b>   A\u00f1os 411-427 H. \/ 1021-1036 d. C."},"content":{"rendered":"","protected":false},"excerpt":{"rendered":"<h3>Medieval isl\u00e1mico<\/h3>\n<p><b>Metal:<\/b> Oro.<br \/><b>Entidad emisora: <\/b> Califato Fatim\u00ed. Al-Z&#257;hir.<br \/><b>Ceca:<\/b> No precisable.<br \/><b>Fecha:<\/b> A\u00f1os 411-427 H. \/ 1021-1036 d. C.<br \/><b>Anverso:<\/b><br \/> IC: &#1575;&#1604;&#1592;&#1575;&#1607;&#1585;<br \/>\n     &#1604;&#1575;&#1593;&#1586;&#1575;&#1586;&#1583;&#1610;&#1606; &#1604;&#1604;&#1607;<br \/>\n     &#1575;&#1605;&#1610;&#1585; &#1575;&#1604;&#1605;&#1608;&#1605;&#1606;&#1610;&#1606;<\/p>\n<p>IIM: &#1575;&#1604;&#1575;&#1605;&#1575;&#1605; &#1593;&#1576;&#1583; &#1604;&#1604;&#1607; &#1608;&#1608;&#1604;&#1610;&#1607; &#1593;&#1604;&#1609; &#1575;&#1576;&#1608; &#1575;&#1604;&#1581;&#1587;&#1606;<br \/><b>Reverso:<\/b><br \/> IIC: &#1604;&#1575; &#1575;&#1604;&#1607; &#1575;&#1604;&#1575; &#1604;&#1604;&#1607;<br \/>\n      &#1605;&#1581;&#1605;&#1583; &#1585;&#1587;&#1608;&#1604; &#1575;&#1604;&#1604;&#1607;<br \/>\n      &#1593;&#1604;&#1609; &#1608;&#1604;&#1609; &#1604;&#1604;&#1607;<\/p>\n<p>IIM: &#1605;&#1581;&#1605;&#1583;&#1585;&#1587;&#1608;&#1604; &#1575;&#1604;&#1604;&#1607; &#1575;&#1585;&#1587;&#1604;&#1726; &#1576;&#1575;&#1604;&#1607;&#1583;&#1610; &#1608;&#1583;&#65268;&#65254; &#1575;&#65247;&#65188;&#1602;<br \/>\n       &#1604;&#1610;&#1592;&#1607;&#1585;&#1607;&#1593;&#1604;&#1740; &#1575;&#1604;&#1583;&#65268;&#65254; &#1603;&#1604;&#1726; &#1608;&#1604;&#1608;&#1603;&#1585;&#1607; &#1575;&#65247;&#65252;&#1588;&#1585;&#1603;&#1608;&#1606;<br \/><b>Peso:<\/b> 0.92 g &#8211; <b>Di\u00e1metro:<\/b> 13 mm &#8211; <b>Ejes:<\/b> 6 h.<br \/><b>Descrita en:<\/b> Nicol&#44; N.D. 2006: A Corpus of F&#257;timid Coins&#44; Giulio Bernardi&#44; Trieste&#44; n\u00ba 1610.<br \/>\n<br \/><b>Publicada en:<\/b><br \/>Dom\u00e9nech Belda&#44; C.&#44; Ram\u00f3n S\u00e1nchez&#44; J.J.&#44; Ahuir Dom\u00ednguez&#44; J.A.&#44; 2010: \u00abCat\u00e1logo. Edad Media\u00bb&#44; en Ram\u00f3n S\u00e1nchez&#44; J.J. (ed.)&#44; Monedas. Todas las caras de la Historia. Colecciones numism\u00e1ticas del MARQ&#44; Alicante&#44; p. 137.<br \/><b>N\u00famero Inventario Monetario:<\/b> 6505.<br \/>Compra. Colecci\u00f3n Enrique Llobregat<\/p>\n","protected":false},"featured_media":35210,"template":"","meta":{"kia_subtitle":""},"product_brand":[],"product_cat":[2316],"product_tag":[],"class_list":{"0":"post-35812","1":"product","2":"type-product","3":"status-publish","4":"has-post-thumbnail","6":"product_cat-catalogo-numismatico","8":"first","9":"instock","10":"virtual","11":"product-type-simple"},"meta_box":{"ia_expediente":"","ia_ano":"","ia_fechas_de_actuacion":"","ia_municipios_comarcas":"","ia_directores":"","ia_periodos_culturales":"","ia_tipos_de_intervencion":"","ia_equipo_tecnico":"","ia_autores":"","ia_promotores":"","ia_deposito_de_materiales":"","ia_coordenadas_utm":""},"_links":{"self":[{"href":"https:\/\/marqalicante-admin.qwair.com\/es\/wp-json\/wp\/v2\/product\/35812","targetHints":{"allow":["GET"]}}],"collection":[{"href":"https:\/\/marqalicante-admin.qwair.com\/es\/wp-json\/wp\/v2\/product"}],"about":[{"href":"https:\/\/marqalicante-admin.qwair.com\/es\/wp-json\/wp\/v2\/types\/product"}],"wp:featuredmedia":[{"embeddable":true,"href":"https:\/\/marqalicante-admin.qwair.com\/es\/wp-json\/wp\/v2\/media\/35210"}],"wp:attachment":[{"href":"https:\/\/marqalicante-admin.qwair.com\/es\/wp-json\/wp\/v2\/media?parent=35812"}],"wp:term":[{"taxonomy":"product_brand","embeddable":true,"href":"https:\/\/marqalicante-admin.qwair.com\/es\/wp-json\/wp\/v2\/product_brand?post=35812"},{"taxonomy":"product_cat","embeddable":true,"href":"https:\/\/marqalicante-admin.qwair.com\/es\/wp-json\/wp\/v2\/product_cat?post=35812"},{"taxonomy":"product_tag","embeddable":true,"href":"https:\/\/marqalicante-admin.qwair.com\/es\/wp-json\/wp\/v2\/product_tag?post=35812"}],"curies":[{"name":"wp","href":"https:\/\/api.w.org\/{rel}","templated":true}]}}