{"id":35811,"date":"2025-03-05T18:24:18","date_gmt":"2025-03-05T18:24:18","guid":{"rendered":"https:\/\/marqalicante-admin.qwair.com\/item\/dinar-ano-358-h-968-969-d-c\/"},"modified":"2025-03-05T18:27:35","modified_gmt":"2025-03-05T18:27:35","slug":"dinar-ano-358-h-968-969-d-c","status":"publish","type":"product","link":"https:\/\/marqalicante-admin.qwair.com\/es\/producto\/dinar-ano-358-h-968-969-d-c\/","title":{"rendered":"<b>Dinar<\/b>   A\u00f1o 358 H. \/ 968-969 d. C."},"content":{"rendered":"","protected":false},"excerpt":{"rendered":"<h3>Medieval isl\u00e1mico<\/h3>\n<p><b>Metal:<\/b> Oro.<br \/><b>Entidad emisora: <\/b> Califato Omeya. Al-Hakam II.<br \/><b>Ceca:<\/b> Mad&#299;nat al-Zahr&#257;\u2019 (C\u00f3rdoba).<br \/><b>Fecha:<\/b> A\u00f1o 358 H. \/ 968-969 d. C.<br \/><b>Anverso:<\/b><br \/> IC: \u0644\u0627 \u0627\u0644\u0647 \u0627\u0644\u0627<br \/>\n      \u0644\u0644\u0647 \u0648\u062d\u062f\u0647<br \/>\n     \u0644\u0627 \u0634\u0631\u064a\u0643 \u0644\u0647<br \/>\n     \u0639\u0627\u0645\u0631<\/p>\n<p>IM: Valor&#44; fecha y ceca.<br \/>\n<br \/><b>Reverso:<\/b><br \/> IIC: \u0627\u0644\u062d\u0627\u062c\u0628<br \/>\n      \u0627\u0644\u0627\u0645\u0627\u0645 \u0627\u0644\u062d\u0643\u0645<br \/>\n      \u0627\u0645\u064a\u0631 \u0627\u0644\u0645\u0648\u0645\u0646\u064a\u0646<br \/>\n      \u0627\u0644\u0645\u0633\u062a\u0646\u0635\u0631 \u0628\u0627\u0644\u0644\u0647<br \/>\n      \u062c\u0639\u0641\u0631<\/p>\n<p>IIM: \u0645\u062d\u0645\u062f\u0631\u0633\u0648\u0644 \u0627\u0644\u0644\u0647 \u0627\u0631\u0633\u0644\u06be \u0628\u0627\u0644\u0647\u062f\u064a \u0648\u062f\ufef4\ufee6 \u0627\ufedf\ufea4\u0642<br \/>\n       \u0644\u064a\u0638\u0647\u0631\u0647\u0639\u0644\u06cc \u0627\u0644\u062f\ufef4\ufee6 \u0643\u0644\u06be \u0648\u0644\u0648\u0643\u0631\u0647 \u0627\ufedf\ufee4\u0634\u0631\u0643\u0648\u0646<br \/><b>Peso:<\/b> 3.50 g &#8211; <b>Di\u00e1metro:<\/b> 24 mm &#8211; <b>Ejes:<\/b> 2 h.<br \/><b>Descrita en:<\/b> Vives 469; Miles 251 b.<br \/><b>Publicada en:<\/b><br \/>Dom\u00e9nech Belda&#44; C.&#44; Ram\u00f3n S\u00e1nchez&#44; J.J.&#44; Ahuir Dom\u00ednguez&#44; J.A.&#44; 2010: \u00abCat\u00e1logo. Edad Media\u00bb&#44; en Ram\u00f3n S\u00e1nchez&#44; J.J. (ed.)&#44; Monedas. Todas las caras de la Historia. Colecciones numism\u00e1ticas del MARQ&#44; Alicante&#44; p. 136.<br \/><b>N\u00famero Inventario Monetario:<\/b> 7386.<br \/>Cesi\u00f3n. Colecci\u00f3n Julio Furg\u00fas<\/p>\n","protected":false},"featured_media":35207,"template":"","meta":{"kia_subtitle":""},"product_brand":[],"product_cat":[2316],"product_tag":[],"class_list":{"0":"post-35811","1":"product","2":"type-product","3":"status-publish","4":"has-post-thumbnail","6":"product_cat-catalogo-numismatico","8":"first","9":"instock","10":"virtual","11":"product-type-simple"},"meta_box":{"ia_expediente":"","ia_ano":"","ia_fechas_de_actuacion":"","ia_municipios_comarcas":"","ia_directores":"","ia_periodos_culturales":"","ia_tipos_de_intervencion":"","ia_equipo_tecnico":"","ia_autores":"","ia_promotores":"","ia_deposito_de_materiales":"","ia_coordenadas_utm":""},"_links":{"self":[{"href":"https:\/\/marqalicante-admin.qwair.com\/es\/wp-json\/wp\/v2\/product\/35811","targetHints":{"allow":["GET"]}}],"collection":[{"href":"https:\/\/marqalicante-admin.qwair.com\/es\/wp-json\/wp\/v2\/product"}],"about":[{"href":"https:\/\/marqalicante-admin.qwair.com\/es\/wp-json\/wp\/v2\/types\/product"}],"wp:featuredmedia":[{"embeddable":true,"href":"https:\/\/marqalicante-admin.qwair.com\/es\/wp-json\/wp\/v2\/media\/35207"}],"wp:attachment":[{"href":"https:\/\/marqalicante-admin.qwair.com\/es\/wp-json\/wp\/v2\/media?parent=35811"}],"wp:term":[{"taxonomy":"product_brand","embeddable":true,"href":"https:\/\/marqalicante-admin.qwair.com\/es\/wp-json\/wp\/v2\/product_brand?post=35811"},{"taxonomy":"product_cat","embeddable":true,"href":"https:\/\/marqalicante-admin.qwair.com\/es\/wp-json\/wp\/v2\/product_cat?post=35811"},{"taxonomy":"product_tag","embeddable":true,"href":"https:\/\/marqalicante-admin.qwair.com\/es\/wp-json\/wp\/v2\/product_tag?post=35811"}],"curies":[{"name":"wp","href":"https:\/\/api.w.org\/{rel}","templated":true}]}}