{"id":35808,"date":"2025-03-05T18:24:17","date_gmt":"2025-03-05T18:24:17","guid":{"rendered":"https:\/\/marqalicante-admin.qwair.com\/item\/felus-siglos-viii-ix\/"},"modified":"2025-03-05T18:27:35","modified_gmt":"2025-03-05T18:27:35","slug":"felus-siglos-viii-ix","status":"publish","type":"product","link":"https:\/\/marqalicante-admin.qwair.com\/es\/producto\/felus-siglos-viii-ix\/","title":{"rendered":"<b>Fel\u00fas<\/b>   Siglos VIII-IX."},"content":{"rendered":"","protected":false},"excerpt":{"rendered":"<h3>Medieval isl\u00e1mico<\/h3>\n<p><b>Metal:<\/b> Cobre.<br \/><b>Entidad emisora: <\/b> Emirato.<br \/><b>Ceca:<\/b> No precisable.<br \/><b>Fecha:<\/b> Siglos VIII-IX.<br \/><b>Anverso:<\/b><br \/> I AC: &#1604;&#1575; &#1575;&#1604;&#1607; &#1575;<br \/>\n         &#1604;&#1575; &#1575;&#1604;&#1604;&#1607;<br \/><b>Reverso:<\/b><br \/> IIAC: &#1605;&#1581;&#1605;&#1583; &#1585;<br \/>\n            O<br \/>\n         &#1587;&#1608;&#1604; &#1604;&#1604;&#1607; <br \/><b>Peso:<\/b> 5.26 g &#8211; <b>Di\u00e1metro:<\/b> 20 mm &#8211; <b>Ejes:<\/b> 9 h.<br \/><b>Descrita en:<\/b> Miles 27; Frochoso&#44; 2001&#44; II-b.<br \/><b>Publicada en:<\/b><br \/>Dom\u00e9nech Belda&#44; C.&#44; Ram\u00f3n S\u00e1nchez&#44; J.J.&#44; Ahuir Dom\u00ednguez&#44; J.A.&#44; 2010: \u00abCat\u00e1logo. Edad Media\u00bb&#44; en Ram\u00f3n S\u00e1nchez&#44; J.J. (ed.)&#44; Monedas. Todas las caras de la Historia. Colecciones numism\u00e1ticas del MARQ&#44; Alicante&#44; p. 132.<br \/><b>N\u00famero Inventario Monetario:<\/b> 2008.<br \/>Fondos del MARQ. Fondo Numism\u00e1tico Antiguo<\/p>\n","protected":false},"featured_media":35198,"template":"","meta":{"kia_subtitle":""},"product_brand":[],"product_cat":[2316],"product_tag":[],"class_list":{"0":"post-35808","1":"product","2":"type-product","3":"status-publish","4":"has-post-thumbnail","6":"product_cat-catalogo-numismatico","8":"first","9":"instock","10":"virtual","11":"product-type-simple"},"meta_box":{"ia_expediente":"","ia_ano":"","ia_fechas_de_actuacion":"","ia_municipios_comarcas":"","ia_directores":"","ia_periodos_culturales":"","ia_tipos_de_intervencion":"","ia_equipo_tecnico":"","ia_autores":"","ia_promotores":"","ia_deposito_de_materiales":"","ia_coordenadas_utm":""},"_links":{"self":[{"href":"https:\/\/marqalicante-admin.qwair.com\/es\/wp-json\/wp\/v2\/product\/35808","targetHints":{"allow":["GET"]}}],"collection":[{"href":"https:\/\/marqalicante-admin.qwair.com\/es\/wp-json\/wp\/v2\/product"}],"about":[{"href":"https:\/\/marqalicante-admin.qwair.com\/es\/wp-json\/wp\/v2\/types\/product"}],"wp:featuredmedia":[{"embeddable":true,"href":"https:\/\/marqalicante-admin.qwair.com\/es\/wp-json\/wp\/v2\/media\/35198"}],"wp:attachment":[{"href":"https:\/\/marqalicante-admin.qwair.com\/es\/wp-json\/wp\/v2\/media?parent=35808"}],"wp:term":[{"taxonomy":"product_brand","embeddable":true,"href":"https:\/\/marqalicante-admin.qwair.com\/es\/wp-json\/wp\/v2\/product_brand?post=35808"},{"taxonomy":"product_cat","embeddable":true,"href":"https:\/\/marqalicante-admin.qwair.com\/es\/wp-json\/wp\/v2\/product_cat?post=35808"},{"taxonomy":"product_tag","embeddable":true,"href":"https:\/\/marqalicante-admin.qwair.com\/es\/wp-json\/wp\/v2\/product_tag?post=35808"}],"curies":[{"name":"wp","href":"https:\/\/api.w.org\/{rel}","templated":true}]}}