{"id":35807,"date":"2025-03-05T18:24:17","date_gmt":"2025-03-05T18:24:17","guid":{"rendered":"https:\/\/marqalicante-admin.qwair.com\/item\/dirham-ano-160-h-776-777-d-c\/"},"modified":"2025-03-05T18:27:35","modified_gmt":"2025-03-05T18:27:35","slug":"dirham-ano-160-h-776-777-d-c","status":"publish","type":"product","link":"https:\/\/marqalicante-admin.qwair.com\/es\/producto\/dirham-ano-160-h-776-777-d-c\/","title":{"rendered":"<b>D\u00edrham<\/b>   A\u00f1o 160 H. \/ 776-777 d. C."},"content":{"rendered":"","protected":false},"excerpt":{"rendered":"<h3>Medieval isl\u00e1mico<\/h3>\n<p><b>Metal:<\/b> Plata.<br \/><b>Entidad emisora: <\/b> Emirato Independiente. &#8216;Abd al-Rahman I.<br \/><b>Ceca:<\/b> Al-Andalus.<br \/><b>Fecha:<\/b> A\u00f1o 160 H. \/ 776-777 d. C.<br \/><b>Anverso:<\/b><br \/> IC: &#1604;&#1575; &#1575;&#1604;&#1607; &#1575;&#1604;&#1575;<br \/>\n      &#1604;&#1604;&#1607; &#1608;&#1581;&#1583;&#1607;<br \/>\n      &#1604;&#1575; &#1588;&#1585;&#1610;&#1603; &#1604;&#1607;<br \/>\nIM: Valor&#44; ceca y fecha.<br \/><b>Reverso:<\/b><br \/> IIC:  &#1575;&#1604;&#1604;&#1607; &#1575;&#1581;&#1583; &#1575;&#1604;&#1604;&#1607;<br \/>\n      &#1575;&#1604;&#1589;&#1605;&#1583; &#1604;&#1605; &#1610;&#1604;&#1583; &#1608;<br \/>\n      &#1604;&#1605; &#1610;&#1608;&#1604;&#1583; &#1608; &#1604;&#1605; &#1610;&#1603;&#1606;<br \/>\n      &#1604;&#1607; &#1603;&#1601;&#1608;&#1575; &#1575;&#1581;&#1583;<br \/>\nIIM: Cor\u00e1n 61&#44; 9.<br \/><b>Peso:<\/b> 2.75 g &#8211; <b>Di\u00e1metro:<\/b> 30 mm &#8211; <b>Ejes:<\/b> 10 h.<br \/><b>Descrita en:<\/b> Vives 58.<br \/><b>Publicada en:<\/b><br \/>Dom\u00e9nech Belda&#44; C.&#44; Ram\u00f3n S\u00e1nchez&#44; J.J.&#44; Ahuir Dom\u00ednguez&#44; J.A.&#44; 2010: \u00abCat\u00e1logo. Edad Media\u00bb&#44; en Ram\u00f3n S\u00e1nchez&#44; J.J. (ed.)&#44; Monedas. Todas las caras de la Historia. Colecciones numism\u00e1ticas del MARQ&#44; Alicante&#44; p. 131.<br \/><b>N\u00famero Inventario Monetario:<\/b> 324.<br \/>Compra. Colecci\u00f3n Isidro Albert<\/p>\n","protected":false},"featured_media":35195,"template":"","meta":{"kia_subtitle":""},"product_brand":[],"product_cat":[2316],"product_tag":[],"class_list":{"0":"post-35807","1":"product","2":"type-product","3":"status-publish","4":"has-post-thumbnail","6":"product_cat-catalogo-numismatico","8":"first","9":"instock","10":"virtual","11":"product-type-simple"},"meta_box":{"ia_expediente":"","ia_ano":"","ia_fechas_de_actuacion":"","ia_municipios_comarcas":"","ia_directores":"","ia_periodos_culturales":"","ia_tipos_de_intervencion":"","ia_equipo_tecnico":"","ia_autores":"","ia_promotores":"","ia_deposito_de_materiales":"","ia_coordenadas_utm":""},"_links":{"self":[{"href":"https:\/\/marqalicante-admin.qwair.com\/es\/wp-json\/wp\/v2\/product\/35807","targetHints":{"allow":["GET"]}}],"collection":[{"href":"https:\/\/marqalicante-admin.qwair.com\/es\/wp-json\/wp\/v2\/product"}],"about":[{"href":"https:\/\/marqalicante-admin.qwair.com\/es\/wp-json\/wp\/v2\/types\/product"}],"wp:featuredmedia":[{"embeddable":true,"href":"https:\/\/marqalicante-admin.qwair.com\/es\/wp-json\/wp\/v2\/media\/35195"}],"wp:attachment":[{"href":"https:\/\/marqalicante-admin.qwair.com\/es\/wp-json\/wp\/v2\/media?parent=35807"}],"wp:term":[{"taxonomy":"product_brand","embeddable":true,"href":"https:\/\/marqalicante-admin.qwair.com\/es\/wp-json\/wp\/v2\/product_brand?post=35807"},{"taxonomy":"product_cat","embeddable":true,"href":"https:\/\/marqalicante-admin.qwair.com\/es\/wp-json\/wp\/v2\/product_cat?post=35807"},{"taxonomy":"product_tag","embeddable":true,"href":"https:\/\/marqalicante-admin.qwair.com\/es\/wp-json\/wp\/v2\/product_tag?post=35807"}],"curies":[{"name":"wp","href":"https:\/\/api.w.org\/{rel}","templated":true}]}}