{"id":35805,"date":"2025-03-05T18:24:16","date_gmt":"2025-03-05T18:24:16","guid":{"rendered":"https:\/\/marqalicante-admin.qwair.com\/item\/nummus-anos-530-534-d-c\/"},"modified":"2025-03-05T18:27:34","modified_gmt":"2025-03-05T18:27:34","slug":"nummus-anos-530-534-d-c","status":"publish","type":"product","link":"https:\/\/marqalicante-admin.qwair.com\/es\/producto\/nummus-anos-530-534-d-c\/","title":{"rendered":"<b>Nummus<\/b>   A\u00f1os 530-534 d. C."},"content":{"rendered":"","protected":false},"excerpt":{"rendered":"<h3>Antig\u00fcedad tard\u00eda<\/h3>\n<p><b>Metal:<\/b> Bronce.<br \/><b>Entidad emisora: <\/b> Reino v\u00e1ndalo. Gelimer.<br \/><b>Ceca:<\/b> Cartago (T\u00fanez).<br \/><b>Fecha:<\/b> A\u00f1os 530-534 d. C.<br \/><b>Anverso:<\/b><br \/> Busto diademado&#44; a derecha. Leyenda ilegible.<br \/><b>Reverso:<\/b><br \/> Monograma de Gelimer.<br \/><b>Peso:<\/b> 0.78 g &#8211; <b>Di\u00e1metro:<\/b> 10 mm &#8211; <b>Ejes:<\/b> 3 h.<br \/><b>Descrita en:<\/b> Grierson&#44; P. y Blackburn&#44; M.&#44; 1991: Medieval European Coinage I: The Early Middle Ages (5th &#8211; 10th Centuries)&#44; Universidad de Cambridge&#44; 28-30.<br \/><b>Publicada en:<\/b><br \/>Ram\u00f3n S\u00e1nchez&#44; J.J.: 2011&#44; Hallazgos numism\u00e1ticos de la Vila Joiosa depositados en el MARQ&#44; en AAVV: 2011&#44; La Vila Joiosa&#44; Arqueologia i Museu. Museos Municipales en el MARQ&#44; Alicante&#44; 296 s.<br \/><b>N\u00famero Inventario Monetario:<\/b> 4554.<br \/>Donaci\u00f3n. T\u00e9rmino municipal de La Vila Joiosa<\/p>\n","protected":false},"featured_media":35189,"template":"","meta":{"kia_subtitle":""},"product_brand":[],"product_cat":[2316],"product_tag":[],"class_list":{"0":"post-35805","1":"product","2":"type-product","3":"status-publish","4":"has-post-thumbnail","6":"product_cat-catalogo-numismatico","8":"first","9":"instock","10":"virtual","11":"product-type-simple"},"meta_box":{"ia_expediente":"","ia_ano":"","ia_fechas_de_actuacion":"","ia_municipios_comarcas":"","ia_directores":"","ia_periodos_culturales":"","ia_tipos_de_intervencion":"","ia_equipo_tecnico":"","ia_autores":"","ia_promotores":"","ia_deposito_de_materiales":"","ia_coordenadas_utm":""},"_links":{"self":[{"href":"https:\/\/marqalicante-admin.qwair.com\/es\/wp-json\/wp\/v2\/product\/35805","targetHints":{"allow":["GET"]}}],"collection":[{"href":"https:\/\/marqalicante-admin.qwair.com\/es\/wp-json\/wp\/v2\/product"}],"about":[{"href":"https:\/\/marqalicante-admin.qwair.com\/es\/wp-json\/wp\/v2\/types\/product"}],"wp:featuredmedia":[{"embeddable":true,"href":"https:\/\/marqalicante-admin.qwair.com\/es\/wp-json\/wp\/v2\/media\/35189"}],"wp:attachment":[{"href":"https:\/\/marqalicante-admin.qwair.com\/es\/wp-json\/wp\/v2\/media?parent=35805"}],"wp:term":[{"taxonomy":"product_brand","embeddable":true,"href":"https:\/\/marqalicante-admin.qwair.com\/es\/wp-json\/wp\/v2\/product_brand?post=35805"},{"taxonomy":"product_cat","embeddable":true,"href":"https:\/\/marqalicante-admin.qwair.com\/es\/wp-json\/wp\/v2\/product_cat?post=35805"},{"taxonomy":"product_tag","embeddable":true,"href":"https:\/\/marqalicante-admin.qwair.com\/es\/wp-json\/wp\/v2\/product_tag?post=35805"}],"curies":[{"name":"wp","href":"https:\/\/api.w.org\/{rel}","templated":true}]}}