{"id":35802,"date":"2025-03-05T18:24:15","date_gmt":"2025-03-05T18:24:15","guid":{"rendered":"https:\/\/marqalicante-admin.qwair.com\/item\/solido-anos-394-395-d-c\/"},"modified":"2025-03-05T18:27:34","modified_gmt":"2025-03-05T18:27:34","slug":"solido-anos-394-395-d-c","status":"publish","type":"product","link":"https:\/\/marqalicante-admin.qwair.com\/es\/producto\/solido-anos-394-395-d-c\/","title":{"rendered":"<b>S\u00f3lido<\/b>   A\u00f1os 394-395 d. C."},"content":{"rendered":"","protected":false},"excerpt":{"rendered":"<h3>Imperio romano<\/h3>\n<p><b>Metal:<\/b> Oro.<br \/><b>Entidad emisora: <\/b> Roma. Honorio.<br \/><b>Ceca:<\/b> Mediolanum (Mil\u00e1n&#44; Italia).<br \/><b>Fecha:<\/b> A\u00f1os 394-395 d. C.<br \/><b>Anverso:<\/b><br \/> Busto drapeado y con diadema de perlas. Leyenda: DN HONORIVS P F AVG.<br \/>\n<br \/><b>Reverso:<\/b><br \/> Emperador de pie a derecha sosteniendo estandarte y Victoria sobre globo&#44; y pisando cautivo. Leyenda: VICTORI &#8211; A AVGGG. Marca de ceca: M &#8211; D \/ COMOB.<br \/><b>Peso:<\/b> 4.37 g &#8211; <b>Di\u00e1metro:<\/b> 21 mm &#8211; <b>Ejes:<\/b> 6 h.<br \/><b>Descrita en:<\/b> RIC IX 35 c.<br \/><b>Publicada en:<\/b><br \/>Llobregat Conesa&#44; E.A.&#44; 1973-74. \u00abRecientes hallazgos de monedas de la Edad Antigua en Alicante\u00bb&#44; Numisma&#44; 120-131&#44; pp. 91-104; Ram\u00f3n S\u00e1nchez&#44; J.J.&#44; Garc\u00eda Barrachina&#44; A.&#44; Verd\u00fa Parra&#44; E.&#44; Bayo Fuentes&#44; S.&#44; 2010: \u00abCat\u00e1logo. Antig\u00fcedad\u00bb&#44; en Ram\u00f3n S\u00e1nchez&#44; J.J. (ed.)&#44; Monedas. Todas las caras de la Historia. Colecciones numism\u00e1ticas del MARQ&#44; Alicante&#44; p. 126.<br \/><b>N\u00famero Inventario Monetario:<\/b> 6382.<br \/>Compra. Hallazgo submarino isla de Tabarca. Colecci\u00f3n Enrique Llobregat<\/p>\n","protected":false},"featured_media":35180,"template":"","meta":{"kia_subtitle":""},"product_brand":[],"product_cat":[2316],"product_tag":[],"class_list":{"0":"post-35802","1":"product","2":"type-product","3":"status-publish","4":"has-post-thumbnail","6":"product_cat-catalogo-numismatico","8":"first","9":"instock","10":"virtual","11":"product-type-simple"},"meta_box":{"ia_expediente":"","ia_ano":"","ia_fechas_de_actuacion":"","ia_municipios_comarcas":"","ia_directores":"","ia_periodos_culturales":"","ia_tipos_de_intervencion":"","ia_equipo_tecnico":"","ia_autores":"","ia_promotores":"","ia_deposito_de_materiales":"","ia_coordenadas_utm":""},"_links":{"self":[{"href":"https:\/\/marqalicante-admin.qwair.com\/es\/wp-json\/wp\/v2\/product\/35802","targetHints":{"allow":["GET"]}}],"collection":[{"href":"https:\/\/marqalicante-admin.qwair.com\/es\/wp-json\/wp\/v2\/product"}],"about":[{"href":"https:\/\/marqalicante-admin.qwair.com\/es\/wp-json\/wp\/v2\/types\/product"}],"wp:featuredmedia":[{"embeddable":true,"href":"https:\/\/marqalicante-admin.qwair.com\/es\/wp-json\/wp\/v2\/media\/35180"}],"wp:attachment":[{"href":"https:\/\/marqalicante-admin.qwair.com\/es\/wp-json\/wp\/v2\/media?parent=35802"}],"wp:term":[{"taxonomy":"product_brand","embeddable":true,"href":"https:\/\/marqalicante-admin.qwair.com\/es\/wp-json\/wp\/v2\/product_brand?post=35802"},{"taxonomy":"product_cat","embeddable":true,"href":"https:\/\/marqalicante-admin.qwair.com\/es\/wp-json\/wp\/v2\/product_cat?post=35802"},{"taxonomy":"product_tag","embeddable":true,"href":"https:\/\/marqalicante-admin.qwair.com\/es\/wp-json\/wp\/v2\/product_tag?post=35802"}],"curies":[{"name":"wp","href":"https:\/\/api.w.org\/{rel}","templated":true}]}}