{"id":35795,"date":"2025-03-05T18:24:13","date_gmt":"2025-03-05T18:24:13","guid":{"rendered":"https:\/\/marqalicante-admin.qwair.com\/item\/nummus-anos-330-333-d-c\/"},"modified":"2025-03-05T18:27:33","modified_gmt":"2025-03-05T18:27:33","slug":"nummus-anos-330-333-d-c","status":"publish","type":"product","link":"https:\/\/marqalicante-admin.qwair.com\/es\/producto\/nummus-anos-330-333-d-c\/","title":{"rendered":"<b>Nummus<\/b>   A\u00f1os 330-333 d. C."},"content":{"rendered":"","protected":false},"excerpt":{"rendered":"<h3>Imperio romano<\/h3>\n<p><b>Metal:<\/b> Bronce.<br \/><b>Entidad emisora: <\/b> Roma. Constantino II.<br \/><b>Ceca:<\/b> Constantinopla (Estambul&#44; Turqu\u00eda).<br \/><b>Fecha:<\/b> A\u00f1os 330-333 d. C.<br \/><b>Anverso:<\/b><br \/> Busto drapeado y diademado a derecha. Leyenda:<br \/>\nCONSTANTINVS IVN NOB C.<br \/>\n<br \/><b>Reverso:<\/b><br \/> Dos soldados con casco enfrentados sosteniendo lanza y apoy\u00e1ndose en escudo; entre ellos&#44; dos estandartes. Leyenda: GLOR \u2013 IA EXERC \u2013 ITVS. Marca de ceca: CONS\u04e8.<br \/>\n<br \/><b>Peso:<\/b> 2.11 g &#8211; <b>Di\u00e1metro:<\/b> 19 mm &#8211; <b>Ejes:<\/b> 12 h.<br \/><b>Descrita en:<\/b> RIC VII 60.<br \/><b>Publicada en:<\/b><br \/>Arroyo Ilera&#44; R.&#44; 1988: \u201cEstudio numism\u00e1tico del yacimiento<br \/>\ntardorromano del Albir (Altea-Alacant)\u201d&#44; Acta Numism\u00e0tica&#44; 17-18&#44; p. 165&#44; n\u00ba 5; Ram\u00f3n S\u00e1nchez&#44; J.J.&#44; Garc\u00eda Barrachina&#44; A.&#44; Verd\u00fa Parra&#44; E.&#44; Bayo Fuentes&#44; S.&#44; 2010: \u00abCat\u00e1logo. Antig\u00fcedad\u00bb&#44; en Ram\u00f3n S\u00e1nchez&#44; J.J. (ed.)&#44; Monedas. Todas las caras de la Historia. Colecciones numism\u00e1ticas del MARQ&#44; Alicante&#44; p. 122.<br \/><b>N\u00famero Inventario Monetario:<\/b> 4318.<br \/>Excavaci\u00f3n. Necr\u00f3polis de El Albir<\/p>\n","protected":false},"featured_media":35159,"template":"","meta":{"kia_subtitle":""},"product_brand":[],"product_cat":[2316],"product_tag":[],"class_list":{"0":"post-35795","1":"product","2":"type-product","3":"status-publish","4":"has-post-thumbnail","6":"product_cat-catalogo-numismatico","8":"first","9":"instock","10":"virtual","11":"product-type-simple"},"meta_box":{"ia_expediente":"","ia_ano":"","ia_fechas_de_actuacion":"","ia_municipios_comarcas":"","ia_directores":"","ia_periodos_culturales":"","ia_tipos_de_intervencion":"","ia_equipo_tecnico":"","ia_autores":"","ia_promotores":"","ia_deposito_de_materiales":"","ia_coordenadas_utm":""},"_links":{"self":[{"href":"https:\/\/marqalicante-admin.qwair.com\/es\/wp-json\/wp\/v2\/product\/35795","targetHints":{"allow":["GET"]}}],"collection":[{"href":"https:\/\/marqalicante-admin.qwair.com\/es\/wp-json\/wp\/v2\/product"}],"about":[{"href":"https:\/\/marqalicante-admin.qwair.com\/es\/wp-json\/wp\/v2\/types\/product"}],"wp:featuredmedia":[{"embeddable":true,"href":"https:\/\/marqalicante-admin.qwair.com\/es\/wp-json\/wp\/v2\/media\/35159"}],"wp:attachment":[{"href":"https:\/\/marqalicante-admin.qwair.com\/es\/wp-json\/wp\/v2\/media?parent=35795"}],"wp:term":[{"taxonomy":"product_brand","embeddable":true,"href":"https:\/\/marqalicante-admin.qwair.com\/es\/wp-json\/wp\/v2\/product_brand?post=35795"},{"taxonomy":"product_cat","embeddable":true,"href":"https:\/\/marqalicante-admin.qwair.com\/es\/wp-json\/wp\/v2\/product_cat?post=35795"},{"taxonomy":"product_tag","embeddable":true,"href":"https:\/\/marqalicante-admin.qwair.com\/es\/wp-json\/wp\/v2\/product_tag?post=35795"}],"curies":[{"name":"wp","href":"https:\/\/api.w.org\/{rel}","templated":true}]}}