{"id":35769,"date":"2025-03-05T18:24:04","date_gmt":"2025-03-05T18:24:04","guid":{"rendered":"https:\/\/marqalicante-admin.qwair.com\/item\/as-anos-27-a-c-14-d-c-2\/"},"modified":"2025-03-05T18:27:28","modified_gmt":"2025-03-05T18:27:28","slug":"as-anos-27-a-c-14-d-c-2","status":"publish","type":"product","link":"https:\/\/marqalicante-admin.qwair.com\/es\/producto\/as-anos-27-a-c-14-d-c-2\/","title":{"rendered":"<b>As<\/b>   A\u00f1os 27 a. C.-14 d. C."},"content":{"rendered":"","protected":false},"excerpt":{"rendered":"<h3>Imperio romano<\/h3>\n<p><b>Metal:<\/b> Cobre.<br \/><b>Entidad emisora: <\/b> Calagurris (Calahorra&#44; La Rioja). Augusto.<br \/><b>Ceca:<\/b> Calagurris (Calahorra&#44; La Rioja).<br \/><b>Fecha:<\/b> A\u00f1os 27 a. C.-14 d. C.<br \/><b>Anverso:<\/b><br \/> Cabeza laureada de Augusto a derecha. Leyenda: AVGVSTVS MV CAL IVLIA.<br \/>\n<br \/><b>Reverso:<\/b><br \/> Toro parado a derecha. Leyenda: L BAEB PRISCO C GRAN BROC IIVIR.<br \/>\n<br \/><b>Peso:<\/b> 11.83 g &#8211; <b>Di\u00e1metro:<\/b> 30 mm &#8211; <b>Ejes:<\/b> 12 h.<br \/><b>Descrita en:<\/b> RPC 441; Vives&#44; 143&#44; 8 y 9; Hill&#44; 36-5; Ruiz Trapero&#44; M.&#44; 1968: Las acu\u00f1aciones hispano-romanas de Calagurris&#44; Barcelona&#44; tipo 16 y 18; Ripoll\u00e8s Alegre&#44; P. P.&#44; 2010: Las acu\u00f1aciones provinciales romanas de Hispania&#44; Madrid&#44; p. 265.<br \/><b>Publicada en:<\/b><br \/>Ram\u00f3n S\u00e1nchez&#44; J.J.&#44; Garc\u00eda Barrachina&#44; A.&#44; Verd\u00fa Parra&#44; E.&#44; Bayo Fuentes&#44; S.&#44; 2010: \u00abCat\u00e1logo. Antig\u00fcedad\u00bb&#44; en Ram\u00f3n S\u00e1nchez&#44; J.J. (ed.)&#44; Monedas. Todas las caras de la Historia. Colecciones numism\u00e1ticas del MARQ&#44; Alicante&#44; p. 106.<br \/><b>N\u00famero Inventario Monetario:<\/b> 66.<br \/>Compra. Colecci\u00f3n Isidro Albert<\/p>\n","protected":false},"featured_media":35081,"template":"","meta":{"kia_subtitle":""},"product_brand":[],"product_cat":[2316],"product_tag":[],"class_list":{"0":"post-35769","1":"product","2":"type-product","3":"status-publish","4":"has-post-thumbnail","6":"product_cat-catalogo-numismatico","8":"first","9":"instock","10":"virtual","11":"product-type-simple"},"meta_box":{"ia_expediente":"","ia_ano":"","ia_fechas_de_actuacion":"","ia_municipios_comarcas":"","ia_directores":"","ia_periodos_culturales":"","ia_tipos_de_intervencion":"","ia_equipo_tecnico":"","ia_autores":"","ia_promotores":"","ia_deposito_de_materiales":"","ia_coordenadas_utm":""},"_links":{"self":[{"href":"https:\/\/marqalicante-admin.qwair.com\/es\/wp-json\/wp\/v2\/product\/35769","targetHints":{"allow":["GET"]}}],"collection":[{"href":"https:\/\/marqalicante-admin.qwair.com\/es\/wp-json\/wp\/v2\/product"}],"about":[{"href":"https:\/\/marqalicante-admin.qwair.com\/es\/wp-json\/wp\/v2\/types\/product"}],"wp:featuredmedia":[{"embeddable":true,"href":"https:\/\/marqalicante-admin.qwair.com\/es\/wp-json\/wp\/v2\/media\/35081"}],"wp:attachment":[{"href":"https:\/\/marqalicante-admin.qwair.com\/es\/wp-json\/wp\/v2\/media?parent=35769"}],"wp:term":[{"taxonomy":"product_brand","embeddable":true,"href":"https:\/\/marqalicante-admin.qwair.com\/es\/wp-json\/wp\/v2\/product_brand?post=35769"},{"taxonomy":"product_cat","embeddable":true,"href":"https:\/\/marqalicante-admin.qwair.com\/es\/wp-json\/wp\/v2\/product_cat?post=35769"},{"taxonomy":"product_tag","embeddable":true,"href":"https:\/\/marqalicante-admin.qwair.com\/es\/wp-json\/wp\/v2\/product_tag?post=35769"}],"curies":[{"name":"wp","href":"https:\/\/api.w.org\/{rel}","templated":true}]}}