{"id":35756,"date":"2025-03-05T18:23:59","date_gmt":"2025-03-05T18:23:59","guid":{"rendered":"https:\/\/marqalicante-admin.qwair.com\/item\/denario-principios-del-siglo-ii-a-c\/"},"modified":"2025-03-05T18:27:26","modified_gmt":"2025-03-05T18:27:26","slug":"denario-principios-del-siglo-ii-a-c","status":"publish","type":"product","link":"https:\/\/marqalicante-admin.qwair.com\/es\/producto\/denario-principios-del-siglo-ii-a-c\/","title":{"rendered":"<b>Denario<\/b>   Principios del siglo II a. C."},"content":{"rendered":"","protected":false},"excerpt":{"rendered":"<h3>Ib\u00e9rico final o Tardorrepublicano<\/h3>\n<p><b>Metal:<\/b> Plata.<br \/><b>Entidad emisora: <\/b> Kese (Tarragona).<br \/><b>Ceca:<\/b> Kese (Tarragona).<br \/><b>Fecha:<\/b> Principios del siglo II a. C.<br \/><b>Anverso:<\/b><br \/> Cabeza viril a derecha con collar de puntos. Orla de puntos alrededor.<br \/><b>Reverso:<\/b><br \/> Jinete con palma a derecha conduciendo un segundo caballo. Debajo&#44; sobre l\u00ednea&#44; inscripci\u00f3n ib\u00e9rica KESE. Orla de puntos alrededor.<br \/><b>Peso:<\/b> 3.94 g &#8211; <b>Di\u00e1metro:<\/b> 18 mm &#8211; <b>Ejes:<\/b> 6 h.<br \/><b>Descrita en:<\/b> CNH&#44; 160&#44; n\u00ba 17; Vives&#44; 31-11.<br \/><b>Publicada en:<\/b><br \/>Ripoll\u00e8s Alegre&#44; P. P.&#44; 1982: La circulaci\u00f3n monetaria en la Tarraconense Mediterr\u00e1nea&#44; Valencia&#44; p. 223&#44; l\u00e1m. 35&#44; n\u00ba 162; Ram\u00f3n S\u00e1nchez&#44; J.J.&#44; Garc\u00eda Barrachina&#44; A.&#44; Verd\u00fa Parra&#44; E.&#44; Bayo Fuentes&#44; S.&#44; 2010: \u00abCat\u00e1logo. Antig\u00fcedad\u00bb&#44; en Ram\u00f3n S\u00e1nchez&#44; J.J. (ed.)&#44; Monedas. Todas las caras de la Historia. Colecciones numism\u00e1ticas del MARQ&#44; Alicante&#44; p. 99.<br \/><b>N\u00famero Inventario Monetario:<\/b> 110.<br \/>Compra. Colecci\u00f3n Isidro Albert<\/p>\n","protected":false},"featured_media":35042,"template":"","meta":{"kia_subtitle":""},"product_brand":[],"product_cat":[2316],"product_tag":[],"class_list":{"0":"post-35756","1":"product","2":"type-product","3":"status-publish","4":"has-post-thumbnail","6":"product_cat-catalogo-numismatico","8":"first","9":"instock","10":"virtual","11":"product-type-simple"},"meta_box":{"ia_expediente":"","ia_ano":"","ia_fechas_de_actuacion":"","ia_municipios_comarcas":"","ia_directores":"","ia_periodos_culturales":"","ia_tipos_de_intervencion":"","ia_equipo_tecnico":"","ia_autores":"","ia_promotores":"","ia_deposito_de_materiales":"","ia_coordenadas_utm":""},"_links":{"self":[{"href":"https:\/\/marqalicante-admin.qwair.com\/es\/wp-json\/wp\/v2\/product\/35756","targetHints":{"allow":["GET"]}}],"collection":[{"href":"https:\/\/marqalicante-admin.qwair.com\/es\/wp-json\/wp\/v2\/product"}],"about":[{"href":"https:\/\/marqalicante-admin.qwair.com\/es\/wp-json\/wp\/v2\/types\/product"}],"wp:featuredmedia":[{"embeddable":true,"href":"https:\/\/marqalicante-admin.qwair.com\/es\/wp-json\/wp\/v2\/media\/35042"}],"wp:attachment":[{"href":"https:\/\/marqalicante-admin.qwair.com\/es\/wp-json\/wp\/v2\/media?parent=35756"}],"wp:term":[{"taxonomy":"product_brand","embeddable":true,"href":"https:\/\/marqalicante-admin.qwair.com\/es\/wp-json\/wp\/v2\/product_brand?post=35756"},{"taxonomy":"product_cat","embeddable":true,"href":"https:\/\/marqalicante-admin.qwair.com\/es\/wp-json\/wp\/v2\/product_cat?post=35756"},{"taxonomy":"product_tag","embeddable":true,"href":"https:\/\/marqalicante-admin.qwair.com\/es\/wp-json\/wp\/v2\/product_tag?post=35756"}],"curies":[{"name":"wp","href":"https:\/\/api.w.org\/{rel}","templated":true}]}}