{"id":35755,"date":"2025-03-05T18:23:59","date_gmt":"2025-03-05T18:23:59","guid":{"rendered":"https:\/\/marqalicante-admin.qwair.com\/item\/tetradracma-anos-433-429-a-c\/"},"modified":"2025-03-05T18:27:26","modified_gmt":"2025-03-05T18:27:26","slug":"tetradracma-anos-433-429-a-c","status":"publish","type":"product","link":"https:\/\/marqalicante-admin.qwair.com\/es\/producto\/tetradracma-anos-433-429-a-c\/","title":{"rendered":"<b>Tetradracma<\/b>   A\u00f1os 433-429 a. C."},"content":{"rendered":"","protected":false},"excerpt":{"rendered":"<h3>Ib\u00e9rico pleno<\/h3>\n<p><b>Metal:<\/b> Plata.<br \/><b>Entidad emisora: <\/b> Messana (Mesina&#44; Sicilia).<br \/><b>Ceca:<\/b> Messana (Mesina&#44; Sicilia).<br \/><b>Fecha:<\/b> A\u00f1os 433-429 a. C.<br \/><b>Anverso:<\/b><br \/> Auriga sosteniendo l\u00e1tigo y riendas&#44; mientras conduce una biga tirada por mulas&#44; a derecha. Por debajo&#44; en el exergo&#44; aparece un fino pez hacia la derecha. Sobre la biga&#44; Nik\u00e9 volando a izquierda y sosteniendo corona.<br \/><b>Reverso:<\/b><br \/> Liebre corriendo a derecha&#44; bajo la cual aparece la leyenda ME\u03a3\u03a3\u0391NI\u03a9N. Letra Y sobre la liebre. Presenta gr\u00e1fila de puntos.<br \/><b>Peso:<\/b> 17.18 g &#8211; <b>Di\u00e1metro:<\/b> 28 mm &#8211; <b>Ejes:<\/b> 9 h.<br \/><b>Descrita en:<\/b> Caccamo Caltabiano&#44; M.&#44; 1993: \u201cLa monetazione di Messana con le Emissioni di Rhegion dell\u2019eta\u2019 della Tirannide\u201d&#44; AMUGS XIII&#44; Berl\u00edn&#44; serie XI&#44; n\u00ba 444.<br \/><b>Publicada en:<\/b><br \/>Ram\u00f3n S\u00e1nchez&#44; J.J.&#44; Garc\u00eda Barrachina&#44; A.&#44; Verd\u00fa Parra&#44; E.&#44; Bayo Fuentes&#44; S.&#44; 2010: \u00abCat\u00e1logo. Antig\u00fcedad\u00bb&#44; en Ram\u00f3n S\u00e1nchez&#44; J.J. (ed.)&#44; Monedas. Todas las caras de la Historia. Colecciones numism\u00e1ticas del MARQ&#44; Alicante&#44; p. 96.<br \/><b>N\u00famero Inventario Monetario:<\/b> 6273.<br \/>Compra. Colecci\u00f3n Enrique Llobregat<\/p>\n","protected":false},"featured_media":35039,"template":"","meta":{"kia_subtitle":""},"product_brand":[],"product_cat":[2316],"product_tag":[],"class_list":{"0":"post-35755","1":"product","2":"type-product","3":"status-publish","4":"has-post-thumbnail","6":"product_cat-catalogo-numismatico","8":"first","9":"instock","10":"virtual","11":"product-type-simple"},"meta_box":{"ia_expediente":"","ia_ano":"","ia_fechas_de_actuacion":"","ia_municipios_comarcas":"","ia_directores":"","ia_periodos_culturales":"","ia_tipos_de_intervencion":"","ia_equipo_tecnico":"","ia_autores":"","ia_promotores":"","ia_deposito_de_materiales":"","ia_coordenadas_utm":""},"_links":{"self":[{"href":"https:\/\/marqalicante-admin.qwair.com\/es\/wp-json\/wp\/v2\/product\/35755","targetHints":{"allow":["GET"]}}],"collection":[{"href":"https:\/\/marqalicante-admin.qwair.com\/es\/wp-json\/wp\/v2\/product"}],"about":[{"href":"https:\/\/marqalicante-admin.qwair.com\/es\/wp-json\/wp\/v2\/types\/product"}],"wp:featuredmedia":[{"embeddable":true,"href":"https:\/\/marqalicante-admin.qwair.com\/es\/wp-json\/wp\/v2\/media\/35039"}],"wp:attachment":[{"href":"https:\/\/marqalicante-admin.qwair.com\/es\/wp-json\/wp\/v2\/media?parent=35755"}],"wp:term":[{"taxonomy":"product_brand","embeddable":true,"href":"https:\/\/marqalicante-admin.qwair.com\/es\/wp-json\/wp\/v2\/product_brand?post=35755"},{"taxonomy":"product_cat","embeddable":true,"href":"https:\/\/marqalicante-admin.qwair.com\/es\/wp-json\/wp\/v2\/product_cat?post=35755"},{"taxonomy":"product_tag","embeddable":true,"href":"https:\/\/marqalicante-admin.qwair.com\/es\/wp-json\/wp\/v2\/product_tag?post=35755"}],"curies":[{"name":"wp","href":"https:\/\/api.w.org\/{rel}","templated":true}]}}