{"id":35754,"date":"2025-03-05T18:23:58","date_gmt":"2025-03-05T18:23:58","guid":{"rendered":"https:\/\/marqalicante-admin.qwair.com\/item\/divisor-octavo-ultimo-tercio-del-siglo-iv-a-c\/"},"modified":"2025-03-05T18:27:26","modified_gmt":"2025-03-05T18:27:26","slug":"divisor-octavo-ultimo-tercio-del-siglo-iv-a-c","status":"publish","type":"product","link":"https:\/\/marqalicante-admin.qwair.com\/es\/producto\/divisor-octavo-ultimo-tercio-del-siglo-iv-a-c\/","title":{"rendered":"<b>Divisor (octavo)<\/b>   \u00daltimo tercio del siglo IV a. C."},"content":{"rendered":"","protected":false},"excerpt":{"rendered":"<h3>Ib\u00e9rico pleno<\/h3>\n<p><b>Metal:<\/b> Bronce.<br \/><b>Entidad emisora: <\/b> Ebusus (Ibiza).<br \/><b>Ceca:<\/b> Ebusus (Ibiza).<br \/><b>Fecha:<\/b> \u00daltimo tercio del siglo IV a. C.<br \/><b>Anverso:<\/b><br \/> Dios Bes desnudo de frente sosteniendo una maza y una serpiente.<br \/><b>Reverso:<\/b><br \/> Dios Bes desnudo de frente sosteniendo una maza y una serpiente.<br \/><b>Peso:<\/b> 1.28 g &#8211; <b>Di\u00e1metro:<\/b> 9.5 mm &#8211; <b>Ejes:<\/b> 6 h.<br \/><b>Descrita en:<\/b> CNH&#44; 92&#44; n\u00ba 5; Vives&#44; 11-11; Campo D\u00edaz&#44; M.&#44; 1976: Las monedas de Ebusus. Barcelona&#44; periodo Ia&#44; grupo III.<br \/><b>Publicada en:<\/b><br \/>Aranegui Gasc\u00f3&#44; C.&#44; Jodin&#44; A.&#44; Llobregat Conesa&#44; E. A.&#44; Rouillard&#44; P. y Uroz S\u00e1ez&#44; J.&#44; 1993: La n\u00e9cropole ib\u00e9rique de CabezoLucero (Guardamar del Segura&#44; Alicante)&#44; Casa de Vel\u00e1zquez&#44; Colecci\u00f3n Patrimonio&#44; 17&#44; Madrid-Alicante&#44; pp. 46&#44; 182&#44; l\u00e1m. 171; Ram\u00f3n S\u00e1nchez&#44; J.J.&#44; Garc\u00eda Barrachina&#44; A.&#44; Verd\u00fa Parra&#44; E.&#44; Bayo Fuentes&#44; S.&#44; 2010: \u00abCat\u00e1logo. Antig\u00fcedad\u00bb&#44; en Ram\u00f3n S\u00e1nchez&#44; J.J. (ed.)&#44; Monedas. Todas las caras de la Historia. Colecciones numism\u00e1ticas del MARQ&#44; Alicante&#44; p. 96; Verd\u00fa Parra&#44; E. 2010: \u201cSobre la presencia de monedas p\u00fanicas en sepulturas de la necr\u00f3polis de l\u2019Albufereta (Alacant) y sus implicaciones en el ritual funerario\u201d&#44; Los P\u00fanicos de Iberia: proyectos&#44; revisiones y s\u00edntesis. VI Coloquio Internacional del Centro de Estudios Fenicios y P\u00fanicos&#44; Sevilla (30 de septiembre-2 de octubre de 2009)&#44; Mainake 32&#44; 1&#44; M\u00e1laga&#44; p. 312 s.&#44; l\u00e1m. X. <br \/><b>N\u00famero Inventario Monetario:<\/b> 4661.<br \/>Excavaci\u00f3n. Necr\u00f3polis de Cabezo Lucero<\/p>\n","protected":false},"featured_media":35036,"template":"","meta":{"kia_subtitle":""},"product_brand":[],"product_cat":[2316],"product_tag":[],"class_list":{"0":"post-35754","1":"product","2":"type-product","3":"status-publish","4":"has-post-thumbnail","6":"product_cat-catalogo-numismatico","8":"first","9":"instock","10":"virtual","11":"product-type-simple"},"meta_box":{"ia_expediente":"","ia_ano":"","ia_fechas_de_actuacion":"","ia_municipios_comarcas":"","ia_directores":"","ia_periodos_culturales":"","ia_tipos_de_intervencion":"","ia_equipo_tecnico":"","ia_autores":"","ia_promotores":"","ia_deposito_de_materiales":"","ia_coordenadas_utm":""},"_links":{"self":[{"href":"https:\/\/marqalicante-admin.qwair.com\/es\/wp-json\/wp\/v2\/product\/35754","targetHints":{"allow":["GET"]}}],"collection":[{"href":"https:\/\/marqalicante-admin.qwair.com\/es\/wp-json\/wp\/v2\/product"}],"about":[{"href":"https:\/\/marqalicante-admin.qwair.com\/es\/wp-json\/wp\/v2\/types\/product"}],"wp:featuredmedia":[{"embeddable":true,"href":"https:\/\/marqalicante-admin.qwair.com\/es\/wp-json\/wp\/v2\/media\/35036"}],"wp:attachment":[{"href":"https:\/\/marqalicante-admin.qwair.com\/es\/wp-json\/wp\/v2\/media?parent=35754"}],"wp:term":[{"taxonomy":"product_brand","embeddable":true,"href":"https:\/\/marqalicante-admin.qwair.com\/es\/wp-json\/wp\/v2\/product_brand?post=35754"},{"taxonomy":"product_cat","embeddable":true,"href":"https:\/\/marqalicante-admin.qwair.com\/es\/wp-json\/wp\/v2\/product_cat?post=35754"},{"taxonomy":"product_tag","embeddable":true,"href":"https:\/\/marqalicante-admin.qwair.com\/es\/wp-json\/wp\/v2\/product_tag?post=35754"}],"curies":[{"name":"wp","href":"https:\/\/api.w.org\/{rel}","templated":true}]}}