{"id":18949,"date":"2025-01-20T07:07:33","date_gmt":"2025-01-20T07:07:33","guid":{"rendered":"https:\/\/marqalicante-admin.qwair.com\/item\/ermitage-tesoros-de-la-arqueologia-rusa-en-el-marq-2\/"},"modified":"2025-03-03T14:09:53","modified_gmt":"2025-03-03T14:09:53","slug":"ermitage-tesoros-de-la-arqueologia-rusa-en-el-marq-2","status":"publish","type":"product","link":"https:\/\/marqalicante-admin.qwair.com\/es\/producto\/ermitage-tesoros-de-la-arqueologia-rusa-en-el-marq-2\/","title":{"rendered":"Ermitage. Tesoros de la arqueolog\u00eda rusa en el MARQ"},"content":{"rendered":"    \n    <div class=\"documento-item\">\n                    <h2 class=\"documento-title\">Gu\u00eda completa<\/h2>\n        \n        \n                    <a href=\"https:\/\/marqalicante.com\/contenido\/genericas\/ERMITAGE.pdf\" class=\"documento-btn\" target=\"_blank\" rel=\"noopener\">\n                <i class=\"fas fa-file-pdf\"><\/i> Descargar PDF\n            <\/a>\n            <\/div>\n\n    \n","protected":false},"excerpt":{"rendered":"<p>Gu\u00eda did\u00e1ctica para alumnos de Primaria y Secundaria de la espectacular exposici\u00f3n de los tesoros del museo ruso del Ermitage (San Petersburgo)&#44; \u00fanica en su g\u00e9nero&#44;\u00a0 que te permitir\u00e1 realizar un recorrido did\u00e1ctico por la historia y la arqueolog\u00eda de Rusia&#44; desde la Prehistoria hasta el final de la Edad Media.\u00a0 Al final de la gu\u00eda podr\u00e1s poner a prueba lo aprendido con ejercicios autoevaluables.<\/p>\n","protected":false},"featured_media":18825,"template":"","meta":{"kia_subtitle":""},"product_brand":[],"product_cat":[1717],"product_tag":[],"class_list":{"0":"post-18949","1":"product","2":"type-product","3":"status-publish","4":"has-post-thumbnail","6":"product_cat-guias-didacticas","8":"first","9":"instock","10":"virtual","11":"product-type-simple"},"meta_box":{"ia_expediente":"","ia_ano":"","ia_fechas_de_actuacion":"","ia_municipios_comarcas":"","ia_directores":"","ia_periodos_culturales":"","ia_tipos_de_intervencion":"","ia_equipo_tecnico":"","ia_autores":"","ia_promotores":"","ia_deposito_de_materiales":"","ia_coordenadas_utm":""},"_links":{"self":[{"href":"https:\/\/marqalicante-admin.qwair.com\/es\/wp-json\/wp\/v2\/product\/18949","targetHints":{"allow":["GET"]}}],"collection":[{"href":"https:\/\/marqalicante-admin.qwair.com\/es\/wp-json\/wp\/v2\/product"}],"about":[{"href":"https:\/\/marqalicante-admin.qwair.com\/es\/wp-json\/wp\/v2\/types\/product"}],"wp:featuredmedia":[{"embeddable":true,"href":"https:\/\/marqalicante-admin.qwair.com\/es\/wp-json\/wp\/v2\/media\/18825"}],"wp:attachment":[{"href":"https:\/\/marqalicante-admin.qwair.com\/es\/wp-json\/wp\/v2\/media?parent=18949"}],"wp:term":[{"taxonomy":"product_brand","embeddable":true,"href":"https:\/\/marqalicante-admin.qwair.com\/es\/wp-json\/wp\/v2\/product_brand?post=18949"},{"taxonomy":"product_cat","embeddable":true,"href":"https:\/\/marqalicante-admin.qwair.com\/es\/wp-json\/wp\/v2\/product_cat?post=18949"},{"taxonomy":"product_tag","embeddable":true,"href":"https:\/\/marqalicante-admin.qwair.com\/es\/wp-json\/wp\/v2\/product_tag?post=18949"}],"curies":[{"name":"wp","href":"https:\/\/api.w.org\/{rel}","templated":true}]}}