{"id":18943,"date":"2025-01-20T07:07:32","date_gmt":"2025-01-20T07:07:32","guid":{"rendered":"https:\/\/marqalicante-admin.qwair.com\/item\/art-i-mort-al-montgo-la-cova-del-barranc-del-migdia-de-xabia\/"},"modified":"2025-03-03T14:09:52","modified_gmt":"2025-03-03T14:09:52","slug":"art-i-mort-al-montgo-la-cova-del-barranc-del-migdia-de-xabia","status":"publish","type":"product","link":"https:\/\/marqalicante-admin.qwair.com\/es\/producto\/art-i-mort-al-montgo-la-cova-del-barranc-del-migdia-de-xabia\/","title":{"rendered":"Art i Mort al Montg\u00f3.\u00a0La Cova del Barranc del Migdia de X\u00e0bia"},"content":{"rendered":"    \n    <div class=\"documento-item\">\n                    <h2 class=\"documento-title\">Gu\u00eda completa<\/h2>\n        \n        \n                    <a href=\"https:\/\/marqalicante.com\/contenido\/genericas\/BAJA%20RESO%20montgo%20cast.pdf\" class=\"documento-btn\" target=\"_blank\" rel=\"noopener\">\n                <i class=\"fas fa-file-pdf\"><\/i> Descargar PDF\n            <\/a>\n            <\/div>\n\n    \n","protected":false},"excerpt":{"rendered":"<p>Cuaderno did\u00e1ctico orientado a Educaci\u00f3n Primaria y Secundaria y dedicada a mostrar esta importante cueva de enterramiento del Calcol\u00edtico o Edad del Cobre&#44; donde hay tambi\u00e9n destacadas muestras de arte rupestre de estilo esquem\u00e1tico. \u00a0<\/p>\n","protected":false},"featured_media":18819,"template":"","meta":{"kia_subtitle":""},"product_brand":[],"product_cat":[1717],"product_tag":[],"class_list":{"0":"post-18943","1":"product","2":"type-product","3":"status-publish","4":"has-post-thumbnail","6":"product_cat-guias-didacticas","8":"first","9":"instock","10":"virtual","11":"product-type-simple"},"meta_box":{"ia_expediente":"","ia_ano":"","ia_fechas_de_actuacion":"","ia_municipios_comarcas":"","ia_directores":"","ia_periodos_culturales":"","ia_tipos_de_intervencion":"","ia_equipo_tecnico":"","ia_autores":"","ia_promotores":"","ia_deposito_de_materiales":"","ia_coordenadas_utm":""},"_links":{"self":[{"href":"https:\/\/marqalicante-admin.qwair.com\/es\/wp-json\/wp\/v2\/product\/18943","targetHints":{"allow":["GET"]}}],"collection":[{"href":"https:\/\/marqalicante-admin.qwair.com\/es\/wp-json\/wp\/v2\/product"}],"about":[{"href":"https:\/\/marqalicante-admin.qwair.com\/es\/wp-json\/wp\/v2\/types\/product"}],"wp:featuredmedia":[{"embeddable":true,"href":"https:\/\/marqalicante-admin.qwair.com\/es\/wp-json\/wp\/v2\/media\/18819"}],"wp:attachment":[{"href":"https:\/\/marqalicante-admin.qwair.com\/es\/wp-json\/wp\/v2\/media?parent=18943"}],"wp:term":[{"taxonomy":"product_brand","embeddable":true,"href":"https:\/\/marqalicante-admin.qwair.com\/es\/wp-json\/wp\/v2\/product_brand?post=18943"},{"taxonomy":"product_cat","embeddable":true,"href":"https:\/\/marqalicante-admin.qwair.com\/es\/wp-json\/wp\/v2\/product_cat?post=18943"},{"taxonomy":"product_tag","embeddable":true,"href":"https:\/\/marqalicante-admin.qwair.com\/es\/wp-json\/wp\/v2\/product_tag?post=18943"}],"curies":[{"name":"wp","href":"https:\/\/api.w.org\/{rel}","templated":true}]}}