{"id":18942,"date":"2025-01-20T07:07:32","date_gmt":"2025-01-20T07:07:32","guid":{"rendered":"https:\/\/marqalicante-admin.qwair.com\/item\/iran-bressol-de-civilitzacion\/"},"modified":"2025-03-03T14:09:52","modified_gmt":"2025-03-03T14:09:52","slug":"iran-bressol-de-civilitzacion","status":"publish","type":"product","link":"https:\/\/marqalicante-admin.qwair.com\/es\/producto\/iran-bressol-de-civilitzacion\/","title":{"rendered":"Iran. Bressol de civilitzacion"},"content":{"rendered":"    \n    <div class=\"documento-item\">\n                    <h2 class=\"documento-title\">Gu\u00eda completa<\/h2>\n        \n        \n                    <a href=\"https:\/\/marqalicante.com\/contenido\/genericas\/guia%20iran%20val.pdf\" class=\"documento-btn\" target=\"_blank\" rel=\"noopener\">\n                <i class=\"fas fa-file-pdf\"><\/i> Descargar PDF\n            <\/a>\n            <\/div>\n\n    \n","protected":false},"excerpt":{"rendered":"<p>Guia did\u00e0ctica d\u2019aquesta sorprenent exposici\u00f3 internacional&#44; dirigida als docents d\u2019Educaci\u00f3 Prim\u00e0ria y Secund\u00e0ria y al p\u00fablic en general. En ella es desenvolupa la hist\u00f2ria i arqueologia d\u2019Iran&#44; des dels inicis de la Prehist\u00f2ria fins al final de la Edat Mitjana&#44; fent un recorregut per les seues diferents civilitzacions: elamites&#44; perses aquem\u00e8nides&#44; per\u00edode hel\u00b7len\u00edstic&#44; parts&#44; sass\u00e0nides y civilitzaci\u00f3 isl\u00e0mica.\u00a0<\/p>\n","protected":false},"featured_media":18818,"template":"","meta":{"kia_subtitle":""},"product_brand":[],"product_cat":[1717],"product_tag":[],"class_list":{"0":"post-18942","1":"product","2":"type-product","3":"status-publish","4":"has-post-thumbnail","6":"product_cat-guias-didacticas","8":"first","9":"instock","10":"virtual","11":"product-type-simple"},"meta_box":{"ia_expediente":"","ia_ano":"","ia_fechas_de_actuacion":"","ia_municipios_comarcas":"","ia_directores":"","ia_periodos_culturales":"","ia_tipos_de_intervencion":"","ia_equipo_tecnico":"","ia_autores":"","ia_promotores":"","ia_deposito_de_materiales":"","ia_coordenadas_utm":""},"_links":{"self":[{"href":"https:\/\/marqalicante-admin.qwair.com\/es\/wp-json\/wp\/v2\/product\/18942","targetHints":{"allow":["GET"]}}],"collection":[{"href":"https:\/\/marqalicante-admin.qwair.com\/es\/wp-json\/wp\/v2\/product"}],"about":[{"href":"https:\/\/marqalicante-admin.qwair.com\/es\/wp-json\/wp\/v2\/types\/product"}],"wp:featuredmedia":[{"embeddable":true,"href":"https:\/\/marqalicante-admin.qwair.com\/es\/wp-json\/wp\/v2\/media\/18818"}],"wp:attachment":[{"href":"https:\/\/marqalicante-admin.qwair.com\/es\/wp-json\/wp\/v2\/media?parent=18942"}],"wp:term":[{"taxonomy":"product_brand","embeddable":true,"href":"https:\/\/marqalicante-admin.qwair.com\/es\/wp-json\/wp\/v2\/product_brand?post=18942"},{"taxonomy":"product_cat","embeddable":true,"href":"https:\/\/marqalicante-admin.qwair.com\/es\/wp-json\/wp\/v2\/product_cat?post=18942"},{"taxonomy":"product_tag","embeddable":true,"href":"https:\/\/marqalicante-admin.qwair.com\/es\/wp-json\/wp\/v2\/product_tag?post=18942"}],"curies":[{"name":"wp","href":"https:\/\/api.w.org\/{rel}","templated":true}]}}