{"id":18939,"date":"2025-01-20T07:07:31","date_gmt":"2025-01-20T07:07:31","guid":{"rendered":"https:\/\/marqalicante-admin.qwair.com\/item\/vikings-guerrers-del-nord-gegants-del-mar\/"},"modified":"2025-03-03T14:09:51","modified_gmt":"2025-03-03T14:09:51","slug":"vikings-guerrers-del-nord-gegants-del-mar","status":"publish","type":"product","link":"https:\/\/marqalicante-admin.qwair.com\/es\/producto\/vikings-guerrers-del-nord-gegants-del-mar\/","title":{"rendered":"V\u00edkings. Guerrers del Nord&#44; gegants del mar"},"content":{"rendered":"    \n    <div class=\"documento-item\">\n                    <h2 class=\"documento-title\">Gu\u00eda completa<\/h2>\n        \n        \n                    <a href=\"https:\/\/marqalicante.com\/contenido\/genericas\/vikingsVAL.pdf\" class=\"documento-btn\" target=\"_blank\" rel=\"noopener\">\n                <i class=\"fas fa-file-pdf\"><\/i> Descargar PDF\n            <\/a>\n            <\/div>\n\n    \n","protected":false},"excerpt":{"rendered":"<p>Guia did\u00e0ctica d\u2019aquesta magn\u00edfica exposici\u00f3 temporal internacional orientada a Educaci\u00f3 Prim\u00e0ria y Secund\u00e0ria. Coneixer\u00e0s tots els aspectes relacionats amb la vida di\u00e0ria d\u2019aquesta civilitzaci\u00f3 n\u00f2rdica la qual va assolar durant un parell de segles les costes de la Europa atl\u00e0ntica&#44; arribant incl\u00fas fins la Mediterr\u00e0nia.\u00a0 Et sorprendr\u00e0s de les incursions que van realitzar a les nostres terres&#44; arribant fins i tot a saquejar Oriola.\u00a0\u00a0<\/p>\n","protected":false},"featured_media":18815,"template":"","meta":{"kia_subtitle":""},"product_brand":[],"product_cat":[1717],"product_tag":[],"class_list":{"0":"post-18939","1":"product","2":"type-product","3":"status-publish","4":"has-post-thumbnail","6":"product_cat-guias-didacticas","8":"first","9":"instock","10":"virtual","11":"product-type-simple"},"meta_box":{"ia_expediente":"","ia_ano":"","ia_fechas_de_actuacion":"","ia_municipios_comarcas":"","ia_directores":"","ia_periodos_culturales":"","ia_tipos_de_intervencion":"","ia_equipo_tecnico":"","ia_autores":"","ia_promotores":"","ia_deposito_de_materiales":"","ia_coordenadas_utm":""},"_links":{"self":[{"href":"https:\/\/marqalicante-admin.qwair.com\/es\/wp-json\/wp\/v2\/product\/18939","targetHints":{"allow":["GET"]}}],"collection":[{"href":"https:\/\/marqalicante-admin.qwair.com\/es\/wp-json\/wp\/v2\/product"}],"about":[{"href":"https:\/\/marqalicante-admin.qwair.com\/es\/wp-json\/wp\/v2\/types\/product"}],"wp:featuredmedia":[{"embeddable":true,"href":"https:\/\/marqalicante-admin.qwair.com\/es\/wp-json\/wp\/v2\/media\/18815"}],"wp:attachment":[{"href":"https:\/\/marqalicante-admin.qwair.com\/es\/wp-json\/wp\/v2\/media?parent=18939"}],"wp:term":[{"taxonomy":"product_brand","embeddable":true,"href":"https:\/\/marqalicante-admin.qwair.com\/es\/wp-json\/wp\/v2\/product_brand?post=18939"},{"taxonomy":"product_cat","embeddable":true,"href":"https:\/\/marqalicante-admin.qwair.com\/es\/wp-json\/wp\/v2\/product_cat?post=18939"},{"taxonomy":"product_tag","embeddable":true,"href":"https:\/\/marqalicante-admin.qwair.com\/es\/wp-json\/wp\/v2\/product_tag?post=18939"}],"curies":[{"name":"wp","href":"https:\/\/api.w.org\/{rel}","templated":true}]}}