{"id":18937,"date":"2025-01-20T07:07:31","date_gmt":"2025-01-20T07:07:31","guid":{"rendered":"https:\/\/marqalicante-admin.qwair.com\/item\/la-immortalitat-del-guerrer-lestela-funeraria-iberica-daltea-la-vella\/"},"modified":"2025-03-03T14:09:51","modified_gmt":"2025-03-03T14:09:51","slug":"la-immortalitat-del-guerrer-lestela-funeraria-iberica-daltea-la-vella","status":"publish","type":"product","link":"https:\/\/marqalicante-admin.qwair.com\/es\/producto\/la-immortalitat-del-guerrer-lestela-funeraria-iberica-daltea-la-vella\/","title":{"rendered":"La immortalitat del guerrer. L&#8217;estela funer\u00e0ria ib\u00e8rica d&#8217;Altea la Vella. \u00a0\u00a0"},"content":{"rendered":"    \n    <div class=\"documento-item\">\n                    <h2 class=\"documento-title\">Gu\u00eda completa<\/h2>\n        \n        \n                    <a href=\"https:\/\/marqalicante.com\/contenido\/genericas\/GUIA%20GUERRERO%20ALTEA_valen.pdf\" class=\"documento-btn\" target=\"_blank\" rel=\"noopener\">\n                <i class=\"fas fa-file-pdf\"><\/i> Descargar PDF\n            <\/a>\n            <\/div>\n\n    \n","protected":false},"excerpt":{"rendered":"<p>Guia did\u00e0ctica destinada a Educaci\u00f3 Prim\u00e0ria y Secund\u00e0ria. Es tracta d\u2019una pe\u00e7a important\u00edssima de gran valor per a l\u2019estudi del m\u00f3n funerari dels ibers. Amb el\u00a0pdf\u00a0s\u2019acompanya un retallable perqu\u00e8 en tingues la teua pr\u00f2pia estela d\u2019un guerrer ib\u00e8ric.\u00a0<\/p>\n","protected":false},"featured_media":18813,"template":"","meta":{"kia_subtitle":""},"product_brand":[],"product_cat":[1717],"product_tag":[],"class_list":{"0":"post-18937","1":"product","2":"type-product","3":"status-publish","4":"has-post-thumbnail","6":"product_cat-guias-didacticas","8":"first","9":"instock","10":"virtual","11":"product-type-simple"},"meta_box":{"ia_expediente":"","ia_ano":"","ia_fechas_de_actuacion":"","ia_municipios_comarcas":"","ia_directores":"","ia_periodos_culturales":"","ia_tipos_de_intervencion":"","ia_equipo_tecnico":"","ia_autores":"","ia_promotores":"","ia_deposito_de_materiales":"","ia_coordenadas_utm":""},"_links":{"self":[{"href":"https:\/\/marqalicante-admin.qwair.com\/es\/wp-json\/wp\/v2\/product\/18937","targetHints":{"allow":["GET"]}}],"collection":[{"href":"https:\/\/marqalicante-admin.qwair.com\/es\/wp-json\/wp\/v2\/product"}],"about":[{"href":"https:\/\/marqalicante-admin.qwair.com\/es\/wp-json\/wp\/v2\/types\/product"}],"wp:featuredmedia":[{"embeddable":true,"href":"https:\/\/marqalicante-admin.qwair.com\/es\/wp-json\/wp\/v2\/media\/18813"}],"wp:attachment":[{"href":"https:\/\/marqalicante-admin.qwair.com\/es\/wp-json\/wp\/v2\/media?parent=18937"}],"wp:term":[{"taxonomy":"product_brand","embeddable":true,"href":"https:\/\/marqalicante-admin.qwair.com\/es\/wp-json\/wp\/v2\/product_brand?post=18937"},{"taxonomy":"product_cat","embeddable":true,"href":"https:\/\/marqalicante-admin.qwair.com\/es\/wp-json\/wp\/v2\/product_cat?post=18937"},{"taxonomy":"product_tag","embeddable":true,"href":"https:\/\/marqalicante-admin.qwair.com\/es\/wp-json\/wp\/v2\/product_tag?post=18937"}],"curies":[{"name":"wp","href":"https:\/\/api.w.org\/{rel}","templated":true}]}}