{"id":18916,"date":"2025-01-20T07:07:25","date_gmt":"2025-01-20T07:07:25","guid":{"rendered":"https:\/\/marqalicante-admin.qwair.com\/item\/la-inmortalidad-del-guerrero-la-estela-funeraria-iberica-de-altea-la-vella\/"},"modified":"2025-03-03T14:09:47","modified_gmt":"2025-03-03T14:09:47","slug":"la-inmortalidad-del-guerrero-la-estela-funeraria-iberica-de-altea-la-vella","status":"publish","type":"product","link":"https:\/\/marqalicante-admin.qwair.com\/es\/producto\/la-inmortalidad-del-guerrero-la-estela-funeraria-iberica-de-altea-la-vella\/","title":{"rendered":"La inmortalidad del guerrero. La estela funeraria ib\u00e9rica de Altea la Vella"},"content":{"rendered":"    \n    <div class=\"documento-item\">\n                    <h2 class=\"documento-title\">Gu\u00eda completa<\/h2>\n        \n        \n                    <a href=\"https:\/\/marqalicante.com\/contenido\/genericas\/GUIA%20GUERRERO%20RED.pdf\" class=\"documento-btn\" target=\"_blank\" rel=\"noopener\">\n                <i class=\"fas fa-file-pdf\"><\/i> Descargar PDF\n            <\/a>\n            <\/div>\n\n    \n","protected":false},"excerpt":{"rendered":"<p>Gu\u00eda did\u00e1ctica destinada a Educaci\u00f3n Primaria y Secundaria. Se trata de una pieza important\u00edsima de gran valor para el estudio del mundo funerario de los \u00edberos. Con el pdf. se acompa\u00f1a un recortable para que tengas tu propia estela de un guerrero ib\u00e9rico.<\/p>\n","protected":false},"featured_media":18792,"template":"","meta":{"kia_subtitle":""},"product_brand":[],"product_cat":[1717],"product_tag":[],"class_list":{"0":"post-18916","1":"product","2":"type-product","3":"status-publish","4":"has-post-thumbnail","6":"product_cat-guias-didacticas","8":"first","9":"instock","10":"virtual","11":"product-type-simple"},"meta_box":{"ia_expediente":"","ia_ano":"","ia_fechas_de_actuacion":"","ia_municipios_comarcas":"","ia_directores":"","ia_periodos_culturales":"","ia_tipos_de_intervencion":"","ia_equipo_tecnico":"","ia_autores":"","ia_promotores":"","ia_deposito_de_materiales":"","ia_coordenadas_utm":""},"_links":{"self":[{"href":"https:\/\/marqalicante-admin.qwair.com\/es\/wp-json\/wp\/v2\/product\/18916","targetHints":{"allow":["GET"]}}],"collection":[{"href":"https:\/\/marqalicante-admin.qwair.com\/es\/wp-json\/wp\/v2\/product"}],"about":[{"href":"https:\/\/marqalicante-admin.qwair.com\/es\/wp-json\/wp\/v2\/types\/product"}],"wp:featuredmedia":[{"embeddable":true,"href":"https:\/\/marqalicante-admin.qwair.com\/es\/wp-json\/wp\/v2\/media\/18792"}],"wp:attachment":[{"href":"https:\/\/marqalicante-admin.qwair.com\/es\/wp-json\/wp\/v2\/media?parent=18916"}],"wp:term":[{"taxonomy":"product_brand","embeddable":true,"href":"https:\/\/marqalicante-admin.qwair.com\/es\/wp-json\/wp\/v2\/product_brand?post=18916"},{"taxonomy":"product_cat","embeddable":true,"href":"https:\/\/marqalicante-admin.qwair.com\/es\/wp-json\/wp\/v2\/product_cat?post=18916"},{"taxonomy":"product_tag","embeddable":true,"href":"https:\/\/marqalicante-admin.qwair.com\/es\/wp-json\/wp\/v2\/product_tag?post=18916"}],"curies":[{"name":"wp","href":"https:\/\/api.w.org\/{rel}","templated":true}]}}