{"id":18912,"date":"2025-01-20T07:07:24","date_gmt":"2025-01-20T07:07:24","guid":{"rendered":"https:\/\/marqalicante-admin.qwair.com\/item\/el-marq-y-las-salas-tematicas-guia-didactica-para-secundaria\/"},"modified":"2025-03-03T14:09:46","modified_gmt":"2025-03-03T14:09:46","slug":"el-marq-y-las-salas-tematicas-guia-didactica-para-secundaria","status":"publish","type":"product","link":"https:\/\/marqalicante-admin.qwair.com\/es\/producto\/el-marq-y-las-salas-tematicas-guia-didactica-para-secundaria\/","title":{"rendered":"EL MARQ Y LAS SALAS TEM\u00c1TICAS. Gu\u00eda did\u00e1ctica para Secundaria"},"content":{"rendered":"","protected":false},"excerpt":{"rendered":"<p>Este cuaderno est\u00e1 dividido en dos partes. En la primera &#44; se explica \u00a0qu\u00e9 es la Arqueolog\u00eda y c\u00f3mo es el MARQ (su distribuci\u00f3n&#44; su funcionamiento interno&#44;\u2026). En la segunda parte&#44; se exponen las tres Salas Tem\u00e1ticas que explican la metodolog\u00eda arqueol\u00f3gica en distintos ambientes: en una cueva (Arqueolog\u00eda de Campo)&#44; en el interior de un edificio medieval (Arqueolog\u00eda Urbana) y bajo el mar (Arqueolog\u00eda Subacu\u00e1tica).<\/p>\n","protected":false},"featured_media":18788,"template":"","meta":{"kia_subtitle":""},"product_brand":[],"product_cat":[1717],"product_tag":[],"class_list":{"0":"post-18912","1":"product","2":"type-product","3":"status-publish","4":"has-post-thumbnail","6":"product_cat-guias-didacticas","8":"first","9":"instock","10":"virtual","11":"product-type-simple"},"meta_box":{"ia_expediente":"","ia_ano":"","ia_fechas_de_actuacion":"","ia_municipios_comarcas":"","ia_directores":"","ia_periodos_culturales":"","ia_tipos_de_intervencion":"","ia_equipo_tecnico":"","ia_autores":"","ia_promotores":"","ia_deposito_de_materiales":"","ia_coordenadas_utm":""},"_links":{"self":[{"href":"https:\/\/marqalicante-admin.qwair.com\/es\/wp-json\/wp\/v2\/product\/18912","targetHints":{"allow":["GET"]}}],"collection":[{"href":"https:\/\/marqalicante-admin.qwair.com\/es\/wp-json\/wp\/v2\/product"}],"about":[{"href":"https:\/\/marqalicante-admin.qwair.com\/es\/wp-json\/wp\/v2\/types\/product"}],"wp:featuredmedia":[{"embeddable":true,"href":"https:\/\/marqalicante-admin.qwair.com\/es\/wp-json\/wp\/v2\/media\/18788"}],"wp:attachment":[{"href":"https:\/\/marqalicante-admin.qwair.com\/es\/wp-json\/wp\/v2\/media?parent=18912"}],"wp:term":[{"taxonomy":"product_brand","embeddable":true,"href":"https:\/\/marqalicante-admin.qwair.com\/es\/wp-json\/wp\/v2\/product_brand?post=18912"},{"taxonomy":"product_cat","embeddable":true,"href":"https:\/\/marqalicante-admin.qwair.com\/es\/wp-json\/wp\/v2\/product_cat?post=18912"},{"taxonomy":"product_tag","embeddable":true,"href":"https:\/\/marqalicante-admin.qwair.com\/es\/wp-json\/wp\/v2\/product_tag?post=18912"}],"curies":[{"name":"wp","href":"https:\/\/api.w.org\/{rel}","templated":true}]}}