{"id":18910,"date":"2025-01-20T07:07:23","date_gmt":"2025-01-20T07:07:23","guid":{"rendered":"https:\/\/marqalicante-admin.qwair.com\/item\/el-reino-de-la-sal-7-000-anos-de-historia-de-hallstatt\/"},"modified":"2025-03-03T14:09:46","modified_gmt":"2025-03-03T14:09:46","slug":"el-reino-de-la-sal-7-000-anos-de-historia-de-hallstatt","status":"publish","type":"product","link":"https:\/\/marqalicante-admin.qwair.com\/es\/producto\/el-reino-de-la-sal-7-000-anos-de-historia-de-hallstatt\/","title":{"rendered":"EL REINO DE LA SAL. 7.000 A\u00d1OS DE HISTORIA DE HALLSTATT"},"content":{"rendered":"    \n    <div class=\"documento-item\">\n                    <h2 class=\"documento-title\">Gu\u00eda completa<\/h2>\n        \n        \n                    <a href=\"https:\/\/marqalicante.com\/contenido\/genericas\/Hallstatt_%20El%20reino%20de%20la%20sal_.pdf\" class=\"documento-btn\" target=\"_blank\" rel=\"noopener\">\n                <i class=\"fas fa-file-pdf\"><\/i> Descargar PDF\n            <\/a>\n            <\/div>\n\n    \n","protected":false},"excerpt":{"rendered":"<p>Hallstatt (Austria) es un conocido e importante yacimiento arqueol\u00f3gico de las Edades del Bronce y del Hierro&#44; famoso en el Prehistoria europea por su rica necr\u00f3polis. Pero tambi\u00e9n mundialmente conocido por sus minas de sal&#44; que est\u00e1n siendo objeto de estudio por parte de la Arqueolog\u00eda. La gu\u00eda detalla c\u00f3mo era el trabajo en las minas y c\u00f3mo eran los utensilios prehist\u00f3ricos hallados en ellas&#44; \u00a0\u00a0procedentes del Museo de Historia Natural de Viena. Tambi\u00e9n se incluye un recorrido hist\u00f3rico del papel de la sal en la provincia de Alicante.<\/p>\n","protected":false},"featured_media":18786,"template":"","meta":{"kia_subtitle":""},"product_brand":[],"product_cat":[1717],"product_tag":[],"class_list":{"0":"post-18910","1":"product","2":"type-product","3":"status-publish","4":"has-post-thumbnail","6":"product_cat-guias-didacticas","8":"first","9":"instock","10":"virtual","11":"product-type-simple"},"meta_box":{"ia_expediente":"","ia_ano":"","ia_fechas_de_actuacion":"","ia_municipios_comarcas":"","ia_directores":"","ia_periodos_culturales":"","ia_tipos_de_intervencion":"","ia_equipo_tecnico":"","ia_autores":"","ia_promotores":"","ia_deposito_de_materiales":"","ia_coordenadas_utm":""},"_links":{"self":[{"href":"https:\/\/marqalicante-admin.qwair.com\/es\/wp-json\/wp\/v2\/product\/18910","targetHints":{"allow":["GET"]}}],"collection":[{"href":"https:\/\/marqalicante-admin.qwair.com\/es\/wp-json\/wp\/v2\/product"}],"about":[{"href":"https:\/\/marqalicante-admin.qwair.com\/es\/wp-json\/wp\/v2\/types\/product"}],"wp:featuredmedia":[{"embeddable":true,"href":"https:\/\/marqalicante-admin.qwair.com\/es\/wp-json\/wp\/v2\/media\/18786"}],"wp:attachment":[{"href":"https:\/\/marqalicante-admin.qwair.com\/es\/wp-json\/wp\/v2\/media?parent=18910"}],"wp:term":[{"taxonomy":"product_brand","embeddable":true,"href":"https:\/\/marqalicante-admin.qwair.com\/es\/wp-json\/wp\/v2\/product_brand?post=18910"},{"taxonomy":"product_cat","embeddable":true,"href":"https:\/\/marqalicante-admin.qwair.com\/es\/wp-json\/wp\/v2\/product_cat?post=18910"},{"taxonomy":"product_tag","embeddable":true,"href":"https:\/\/marqalicante-admin.qwair.com\/es\/wp-json\/wp\/v2\/product_tag?post=18910"}],"curies":[{"name":"wp","href":"https:\/\/api.w.org\/{rel}","templated":true}]}}