{"id":18909,"date":"2025-01-20T07:07:23","date_gmt":"2025-01-20T07:07:23","guid":{"rendered":"https:\/\/marqalicante-admin.qwair.com\/item\/senores-del-cielo-y-de-la-tierra\/"},"modified":"2025-03-03T14:09:45","modified_gmt":"2025-03-03T14:09:45","slug":"senores-del-cielo-y-de-la-tierra","status":"publish","type":"product","link":"https:\/\/marqalicante-admin.qwair.com\/es\/producto\/senores-del-cielo-y-de-la-tierra\/","title":{"rendered":"SE\u00d1ORES DEL CIELO Y DE LA TIERRA"},"content":{"rendered":"","protected":false},"excerpt":{"rendered":"<p>Recorrido por la historia y la cultura \u00a0de la antigua China durante la dinast\u00eda Han ( siglos III a.C.- III d.C.). En esta gu\u00eda que pone a disposici\u00f3n el MARQ se podr\u00e1 conocer cada uno de los aspectos m\u00e1s destacados de la civilizaci\u00f3n china durante este per\u00edodo: caligraf\u00eda&#44; arte&#44; ciencia&#44; t\u00e9cnica&#44; creencias y mundo funerario. Se reserva un importante papel \u00a0a la Ruta de la Seda y a los contactos espor\u00e1dicos que hubo entre el imperio Romano y el de los Han.<\/p>\n","protected":false},"featured_media":18785,"template":"","meta":{"kia_subtitle":""},"product_brand":[],"product_cat":[1717],"product_tag":[],"class_list":{"0":"post-18909","1":"product","2":"type-product","3":"status-publish","4":"has-post-thumbnail","6":"product_cat-guias-didacticas","8":"first","9":"instock","10":"virtual","11":"product-type-simple"},"meta_box":{"ia_expediente":"","ia_ano":"","ia_fechas_de_actuacion":"","ia_municipios_comarcas":"","ia_directores":"","ia_periodos_culturales":"","ia_tipos_de_intervencion":"","ia_equipo_tecnico":"","ia_autores":"","ia_promotores":"","ia_deposito_de_materiales":"","ia_coordenadas_utm":""},"_links":{"self":[{"href":"https:\/\/marqalicante-admin.qwair.com\/es\/wp-json\/wp\/v2\/product\/18909","targetHints":{"allow":["GET"]}}],"collection":[{"href":"https:\/\/marqalicante-admin.qwair.com\/es\/wp-json\/wp\/v2\/product"}],"about":[{"href":"https:\/\/marqalicante-admin.qwair.com\/es\/wp-json\/wp\/v2\/types\/product"}],"wp:featuredmedia":[{"embeddable":true,"href":"https:\/\/marqalicante-admin.qwair.com\/es\/wp-json\/wp\/v2\/media\/18785"}],"wp:attachment":[{"href":"https:\/\/marqalicante-admin.qwair.com\/es\/wp-json\/wp\/v2\/media?parent=18909"}],"wp:term":[{"taxonomy":"product_brand","embeddable":true,"href":"https:\/\/marqalicante-admin.qwair.com\/es\/wp-json\/wp\/v2\/product_brand?post=18909"},{"taxonomy":"product_cat","embeddable":true,"href":"https:\/\/marqalicante-admin.qwair.com\/es\/wp-json\/wp\/v2\/product_cat?post=18909"},{"taxonomy":"product_tag","embeddable":true,"href":"https:\/\/marqalicante-admin.qwair.com\/es\/wp-json\/wp\/v2\/product_tag?post=18909"}],"curies":[{"name":"wp","href":"https:\/\/api.w.org\/{rel}","templated":true}]}}