{"id":18908,"date":"2025-01-20T07:07:23","date_gmt":"2025-01-20T07:07:23","guid":{"rendered":"https:\/\/marqalicante-admin.qwair.com\/item\/deltebre-i-la-historia-de-un-naufragio\/"},"modified":"2025-03-03T14:09:45","modified_gmt":"2025-03-03T14:09:45","slug":"deltebre-i-la-historia-de-un-naufragio","status":"publish","type":"product","link":"https:\/\/marqalicante-admin.qwair.com\/es\/producto\/deltebre-i-la-historia-de-un-naufragio\/","title":{"rendered":"DELTEBRE I. LA HISTORIA DE UN NAUFRAGIO"},"content":{"rendered":"","protected":false},"excerpt":{"rendered":"<p>En esta gu\u00eda se ilustra el descubrimiento y estudio de un pecio (barco hundido) de principios del siglo XIX&#44; \u00a0llamado \u201cDeltebre I\u201d&#44; \u00a0que particip\u00f3 en una operaci\u00f3n de asedio de la ciudad de Tarragona durante de la Guerra de la Independencia (1808-1814). Este hallazgo tiene una relaci\u00f3n estrecha y directa con Alicante ya que la expedici\u00f3n militar parti\u00f3 y regres\u00f3 al puerto de Alicante. Entre los hallazgos de este barco hundido se encuentran \u00a0una botella sin descorchar de vino Fondill\u00f3n de Alicante&#44; adem\u00e1s de aparejos &#44; objetos de la tripulaci\u00f3n y abundante material de guerra.<\/p>\n","protected":false},"featured_media":18784,"template":"","meta":{"kia_subtitle":""},"product_brand":[],"product_cat":[1717],"product_tag":[],"class_list":{"0":"post-18908","1":"product","2":"type-product","3":"status-publish","4":"has-post-thumbnail","6":"product_cat-guias-didacticas","8":"first","9":"instock","10":"virtual","11":"product-type-simple"},"meta_box":{"ia_expediente":"","ia_ano":"","ia_fechas_de_actuacion":"","ia_municipios_comarcas":"","ia_directores":"","ia_periodos_culturales":"","ia_tipos_de_intervencion":"","ia_equipo_tecnico":"","ia_autores":"","ia_promotores":"","ia_deposito_de_materiales":"","ia_coordenadas_utm":""},"_links":{"self":[{"href":"https:\/\/marqalicante-admin.qwair.com\/es\/wp-json\/wp\/v2\/product\/18908","targetHints":{"allow":["GET"]}}],"collection":[{"href":"https:\/\/marqalicante-admin.qwair.com\/es\/wp-json\/wp\/v2\/product"}],"about":[{"href":"https:\/\/marqalicante-admin.qwair.com\/es\/wp-json\/wp\/v2\/types\/product"}],"wp:featuredmedia":[{"embeddable":true,"href":"https:\/\/marqalicante-admin.qwair.com\/es\/wp-json\/wp\/v2\/media\/18784"}],"wp:attachment":[{"href":"https:\/\/marqalicante-admin.qwair.com\/es\/wp-json\/wp\/v2\/media?parent=18908"}],"wp:term":[{"taxonomy":"product_brand","embeddable":true,"href":"https:\/\/marqalicante-admin.qwair.com\/es\/wp-json\/wp\/v2\/product_brand?post=18908"},{"taxonomy":"product_cat","embeddable":true,"href":"https:\/\/marqalicante-admin.qwair.com\/es\/wp-json\/wp\/v2\/product_cat?post=18908"},{"taxonomy":"product_tag","embeddable":true,"href":"https:\/\/marqalicante-admin.qwair.com\/es\/wp-json\/wp\/v2\/product_tag?post=18908"}],"curies":[{"name":"wp","href":"https:\/\/api.w.org\/{rel}","templated":true}]}}