{"id":18899,"date":"2025-01-20T07:07:20","date_gmt":"2025-01-20T07:07:20","guid":{"rendered":"https:\/\/marqalicante-admin.qwair.com\/item\/via-augusta\/"},"modified":"2025-03-03T14:09:43","modified_gmt":"2025-03-03T14:09:43","slug":"via-augusta","status":"publish","type":"product","link":"https:\/\/marqalicante-admin.qwair.com\/es\/producto\/via-augusta\/","title":{"rendered":"VIA AUGUSTA"},"content":{"rendered":"    \n    <div class=\"documento-item\">\n                    <h2 class=\"documento-title\">Revisa Completa<\/h2>\n        \n        \n                    <a href=\"https:\/\/marqalicante.com\/contenido\/genericas\/guia%20didactica%20via%20augustaweb.pdf\" class=\"documento-btn\" target=\"_blank\" rel=\"noopener\">\n                <i class=\"fas fa-file-pdf\"><\/i> Descargar PDF\n            <\/a>\n            <\/div>\n\n    \n","protected":false},"excerpt":{"rendered":"<p>Esta breve gu\u00eda did\u00e1ctica&#44; orientada a un p\u00fablico en general&#44; te ofrece la posibilidad de conocer un hito arqueol\u00f3gico de gran importancia en la Hispania romana y&#44; en general&#44; en el mundo romano: \u00a0la calzada que partiendo de C\u00e1diz llegaba hasta Roma&#44; conocida como la Via Augusta. En el cuaderno aprender\u00e1s c\u00f3mo se constru\u00eda una calzada \u00a0y todos los elementos asociados \u00a0a ella. Nos centraremos adem\u00e1s en su recorrido por tierras de Alicante y\u00a0 en los diferentes ramales que hab\u00eda en nuestra provincia.<\/p>\n","protected":false},"featured_media":18775,"template":"","meta":{"kia_subtitle":""},"product_brand":[],"product_cat":[1717],"product_tag":[],"class_list":{"0":"post-18899","1":"product","2":"type-product","3":"status-publish","4":"has-post-thumbnail","6":"product_cat-guias-didacticas","8":"first","9":"instock","10":"virtual","11":"product-type-simple"},"meta_box":{"ia_expediente":"","ia_ano":"","ia_fechas_de_actuacion":"","ia_municipios_comarcas":"","ia_directores":"","ia_periodos_culturales":"","ia_tipos_de_intervencion":"","ia_equipo_tecnico":"","ia_autores":"","ia_promotores":"","ia_deposito_de_materiales":"","ia_coordenadas_utm":""},"_links":{"self":[{"href":"https:\/\/marqalicante-admin.qwair.com\/es\/wp-json\/wp\/v2\/product\/18899","targetHints":{"allow":["GET"]}}],"collection":[{"href":"https:\/\/marqalicante-admin.qwair.com\/es\/wp-json\/wp\/v2\/product"}],"about":[{"href":"https:\/\/marqalicante-admin.qwair.com\/es\/wp-json\/wp\/v2\/types\/product"}],"wp:featuredmedia":[{"embeddable":true,"href":"https:\/\/marqalicante-admin.qwair.com\/es\/wp-json\/wp\/v2\/media\/18775"}],"wp:attachment":[{"href":"https:\/\/marqalicante-admin.qwair.com\/es\/wp-json\/wp\/v2\/media?parent=18899"}],"wp:term":[{"taxonomy":"product_brand","embeddable":true,"href":"https:\/\/marqalicante-admin.qwair.com\/es\/wp-json\/wp\/v2\/product_brand?post=18899"},{"taxonomy":"product_cat","embeddable":true,"href":"https:\/\/marqalicante-admin.qwair.com\/es\/wp-json\/wp\/v2\/product_cat?post=18899"},{"taxonomy":"product_tag","embeddable":true,"href":"https:\/\/marqalicante-admin.qwair.com\/es\/wp-json\/wp\/v2\/product_tag?post=18899"}],"curies":[{"name":"wp","href":"https:\/\/api.w.org\/{rel}","templated":true}]}}