{"id":18896,"date":"2025-01-20T07:07:20","date_gmt":"2025-01-20T07:07:20","guid":{"rendered":"https:\/\/marqalicante-admin.qwair.com\/item\/revista-club-llumiq-no-27\/"},"modified":"2025-03-03T14:09:42","modified_gmt":"2025-03-03T14:09:42","slug":"revista-club-llumiq-no-27","status":"publish","type":"product","link":"https:\/\/marqalicante-admin.qwair.com\/es\/producto\/revista-club-llumiq-no-27\/","title":{"rendered":"REVISTA CLUB LLUMIQ N\u00ba 27"},"content":{"rendered":"    \n    <div class=\"documento-item\">\n                    <h2 class=\"documento-title\">Revisa Completa<\/h2>\n        \n        \n                    <a href=\"https:\/\/marqalicante.com\/contenido\/genericas\/REVISTAONLINE(1).pdf\" class=\"documento-btn\" target=\"_blank\" rel=\"noopener\">\n                <i class=\"fas fa-file-pdf\"><\/i> Descargar PDF\n            <\/a>\n            <\/div>\n\n    \n","protected":false},"excerpt":{"rendered":"<p>Este a\u00f1o celebramos el X Aniversario del MARQ y es el momento ideal para recordar todo lo que hemos disfrutado y compartido junto a miles de j\u00f3venes&#44; que han participado y crecido con nosotros. Por eso editamos un n\u00famero especial de la revista del Club Llumiq&#44; donde recopilamos todas las actividades llevadas a cabo a lo largo de estos a\u00f1os&#44; con las que tanto nos hemos divertido y con las que tanto hemos aprendido sobre nuestra historia y nuestros antepasados.Consta esta revista de tres bloques principales cuyos t\u00edtulos&#44; haciendo un gui\u00f1o al cine de superh\u00e9roes y acci\u00f3n tan de moda hoy en d\u00eda entre los peque\u00f1os&#44; son: Or\u00edgenes&#44; Trayectoria y Futuro.En p\u00e1ginas centrales damos protagonismo a los socios del club&#44; a trav\u00e9s de la bonita historia de una ni\u00f1a cuyo nombre tiene un v\u00ednculo directo con nuestro museo y el momento de su inauguraci\u00f3n&#44; hace ahora diez a\u00f1os.<\/p>\n","protected":false},"featured_media":18772,"template":"","meta":{"kia_subtitle":""},"product_brand":[],"product_cat":[1717],"product_tag":[],"class_list":{"0":"post-18896","1":"product","2":"type-product","3":"status-publish","4":"has-post-thumbnail","6":"product_cat-guias-didacticas","8":"first","9":"instock","10":"virtual","11":"product-type-simple"},"meta_box":{"ia_expediente":"","ia_ano":"","ia_fechas_de_actuacion":"","ia_municipios_comarcas":"","ia_directores":"","ia_periodos_culturales":"","ia_tipos_de_intervencion":"","ia_equipo_tecnico":"","ia_autores":"","ia_promotores":"","ia_deposito_de_materiales":"","ia_coordenadas_utm":""},"_links":{"self":[{"href":"https:\/\/marqalicante-admin.qwair.com\/es\/wp-json\/wp\/v2\/product\/18896","targetHints":{"allow":["GET"]}}],"collection":[{"href":"https:\/\/marqalicante-admin.qwair.com\/es\/wp-json\/wp\/v2\/product"}],"about":[{"href":"https:\/\/marqalicante-admin.qwair.com\/es\/wp-json\/wp\/v2\/types\/product"}],"wp:featuredmedia":[{"embeddable":true,"href":"https:\/\/marqalicante-admin.qwair.com\/es\/wp-json\/wp\/v2\/media\/18772"}],"wp:attachment":[{"href":"https:\/\/marqalicante-admin.qwair.com\/es\/wp-json\/wp\/v2\/media?parent=18896"}],"wp:term":[{"taxonomy":"product_brand","embeddable":true,"href":"https:\/\/marqalicante-admin.qwair.com\/es\/wp-json\/wp\/v2\/product_brand?post=18896"},{"taxonomy":"product_cat","embeddable":true,"href":"https:\/\/marqalicante-admin.qwair.com\/es\/wp-json\/wp\/v2\/product_cat?post=18896"},{"taxonomy":"product_tag","embeddable":true,"href":"https:\/\/marqalicante-admin.qwair.com\/es\/wp-json\/wp\/v2\/product_tag?post=18896"}],"curies":[{"name":"wp","href":"https:\/\/api.w.org\/{rel}","templated":true}]}}