{"id":18877,"date":"2025-01-20T07:07:15","date_gmt":"2025-01-20T07:07:15","guid":{"rendered":"https:\/\/marqalicante-admin.qwair.com\/item\/revista-club-llumiq-no-17\/"},"modified":"2025-03-03T14:09:39","modified_gmt":"2025-03-03T14:09:39","slug":"revista-club-llumiq-no-17","status":"publish","type":"product","link":"https:\/\/marqalicante-admin.qwair.com\/es\/producto\/revista-club-llumiq-no-17\/","title":{"rendered":"REVISTA CLUB LLUMIQ N\u00ba 17"},"content":{"rendered":"    \n    <div class=\"documento-item\">\n                    <h2 class=\"documento-title\">Pasatiempos<\/h2>\n        \n        \n                    <a href=\"https:\/\/marqalicante.com\/contenido\/genericas\/17-PASATIEMPOS%20enero%2010.pdf\" class=\"documento-btn\" target=\"_blank\" rel=\"noopener\">\n                <i class=\"fas fa-file-pdf\"><\/i> Descargar PDF\n            <\/a>\n            <\/div>\n\n    \n","protected":false},"excerpt":{"rendered":"<p>Llegamos a las vacaciones de Navidad y como siempre&#44; con la revista del Club Llumiq&#44; podemos disfrutarlas como corresponde&#44; con la programaci\u00f3n de actividades tanto en el museo como en Exponadal. Adem\u00e1s&#44; en el espacio de los pasatiempos proporcionamos la carta a los Reyes Magos para que la entreguen en el buz\u00f3n del MARQ. Y este a\u00f1o tambi\u00e9n decoraremos un \u00e1rbol de Navidad con todos nuestros deseos que podremos escribirlos en la \u201cbola de los deseos\u201d. Resto de contenido: Convenio con el Teatre Arniches&#44; Exposiciones de \u201cCalpe. Arqueolog\u00eda y Museo\u201d y \u201cEn los Confines del Argar\u201d&#44; Rincones del Marq y Nueva Aula Did\u00e1ctica.\u201d\u00a0<\/p>\n","protected":false},"featured_media":18753,"template":"","meta":{"kia_subtitle":""},"product_brand":[],"product_cat":[1717],"product_tag":[],"class_list":{"0":"post-18877","1":"product","2":"type-product","3":"status-publish","4":"has-post-thumbnail","6":"product_cat-guias-didacticas","8":"first","9":"instock","10":"virtual","11":"product-type-simple"},"meta_box":{"ia_expediente":"","ia_ano":"","ia_fechas_de_actuacion":"","ia_municipios_comarcas":"","ia_directores":"","ia_periodos_culturales":"","ia_tipos_de_intervencion":"","ia_equipo_tecnico":"","ia_autores":"","ia_promotores":"","ia_deposito_de_materiales":"","ia_coordenadas_utm":""},"_links":{"self":[{"href":"https:\/\/marqalicante-admin.qwair.com\/es\/wp-json\/wp\/v2\/product\/18877","targetHints":{"allow":["GET"]}}],"collection":[{"href":"https:\/\/marqalicante-admin.qwair.com\/es\/wp-json\/wp\/v2\/product"}],"about":[{"href":"https:\/\/marqalicante-admin.qwair.com\/es\/wp-json\/wp\/v2\/types\/product"}],"wp:featuredmedia":[{"embeddable":true,"href":"https:\/\/marqalicante-admin.qwair.com\/es\/wp-json\/wp\/v2\/media\/18753"}],"wp:attachment":[{"href":"https:\/\/marqalicante-admin.qwair.com\/es\/wp-json\/wp\/v2\/media?parent=18877"}],"wp:term":[{"taxonomy":"product_brand","embeddable":true,"href":"https:\/\/marqalicante-admin.qwair.com\/es\/wp-json\/wp\/v2\/product_brand?post=18877"},{"taxonomy":"product_cat","embeddable":true,"href":"https:\/\/marqalicante-admin.qwair.com\/es\/wp-json\/wp\/v2\/product_cat?post=18877"},{"taxonomy":"product_tag","embeddable":true,"href":"https:\/\/marqalicante-admin.qwair.com\/es\/wp-json\/wp\/v2\/product_tag?post=18877"}],"curies":[{"name":"wp","href":"https:\/\/api.w.org\/{rel}","templated":true}]}}