{"id":18867,"date":"2025-01-20T07:07:12","date_gmt":"2025-01-20T07:07:12","guid":{"rendered":"https:\/\/marqalicante-admin.qwair.com\/item\/revista-club-llumiq-no8\/"},"modified":"2025-03-03T14:09:37","modified_gmt":"2025-03-03T14:09:37","slug":"revista-club-llumiq-no8","status":"publish","type":"product","link":"https:\/\/marqalicante-admin.qwair.com\/es\/producto\/revista-club-llumiq-no8\/","title":{"rendered":"REVISTA CLUB LLUMIQ N\u00ba8"},"content":{"rendered":"    \n    <div class=\"documento-item\">\n                    <h2 class=\"documento-title\">Pasatiempos<\/h2>\n        \n        \n                    <a href=\"https:\/\/marqalicante.com\/contenido\/genericas\/08-%20Llumiq%20n8.pdf\" class=\"documento-btn\" target=\"_blank\" rel=\"noopener\">\n                <i class=\"fas fa-file-pdf\"><\/i> Descargar PDF\n            <\/a>\n            <\/div>\n\n    \n","protected":false},"excerpt":{"rendered":"<p>Octubre de 2007. En esta ocasi\u00f3n dedicamos muchas p\u00e1ginas a las reci\u00e9n terminadas vacaciones de verano&#44; ya que cada vez la programaci\u00f3n es m\u00e1s amplia y tenemos m\u00e1s cosas que contar. En este trimestre contar\u00edamos con dos nuevas exposiciones: Pompeya bajo Pompeya y Fragilidad en el tiempo. El Vidrio en la Antig\u00fcedad. Los centros escolares tambi\u00e9n cuentan con su espacio habitual&#44; as\u00ed como los socios para contarnos sus an\u00e9cdotas. La Pieza del n\u00ba 8 es el exvoto \u00edbero de Villajoyosa&#44; y tambi\u00e9n finalizamos con un recuerdo a otro visitante especial: Babal\u00e0&#44; de Canal 9.<\/p>\n","protected":false},"featured_media":18743,"template":"","meta":{"kia_subtitle":""},"product_brand":[],"product_cat":[1717],"product_tag":[],"class_list":{"0":"post-18867","1":"product","2":"type-product","3":"status-publish","4":"has-post-thumbnail","6":"product_cat-guias-didacticas","8":"first","9":"instock","10":"virtual","11":"product-type-simple"},"meta_box":{"ia_expediente":"","ia_ano":"","ia_fechas_de_actuacion":"","ia_municipios_comarcas":"","ia_directores":"","ia_periodos_culturales":"","ia_tipos_de_intervencion":"","ia_equipo_tecnico":"","ia_autores":"","ia_promotores":"","ia_deposito_de_materiales":"","ia_coordenadas_utm":""},"_links":{"self":[{"href":"https:\/\/marqalicante-admin.qwair.com\/es\/wp-json\/wp\/v2\/product\/18867","targetHints":{"allow":["GET"]}}],"collection":[{"href":"https:\/\/marqalicante-admin.qwair.com\/es\/wp-json\/wp\/v2\/product"}],"about":[{"href":"https:\/\/marqalicante-admin.qwair.com\/es\/wp-json\/wp\/v2\/types\/product"}],"wp:featuredmedia":[{"embeddable":true,"href":"https:\/\/marqalicante-admin.qwair.com\/es\/wp-json\/wp\/v2\/media\/18743"}],"wp:attachment":[{"href":"https:\/\/marqalicante-admin.qwair.com\/es\/wp-json\/wp\/v2\/media?parent=18867"}],"wp:term":[{"taxonomy":"product_brand","embeddable":true,"href":"https:\/\/marqalicante-admin.qwair.com\/es\/wp-json\/wp\/v2\/product_brand?post=18867"},{"taxonomy":"product_cat","embeddable":true,"href":"https:\/\/marqalicante-admin.qwair.com\/es\/wp-json\/wp\/v2\/product_cat?post=18867"},{"taxonomy":"product_tag","embeddable":true,"href":"https:\/\/marqalicante-admin.qwair.com\/es\/wp-json\/wp\/v2\/product_tag?post=18867"}],"curies":[{"name":"wp","href":"https:\/\/api.w.org\/{rel}","templated":true}]}}