{"id":18865,"date":"2025-01-20T07:07:12","date_gmt":"2025-01-20T07:07:12","guid":{"rendered":"https:\/\/marqalicante-admin.qwair.com\/item\/revista-club-llumiq-no6\/"},"modified":"2025-03-03T14:09:37","modified_gmt":"2025-03-03T14:09:37","slug":"revista-club-llumiq-no6","status":"publish","type":"product","link":"https:\/\/marqalicante-admin.qwair.com\/es\/producto\/revista-club-llumiq-no6\/","title":{"rendered":"REVISTA CLUB LLUMIQ N\u00ba6"},"content":{"rendered":"    \n    <div class=\"documento-item\">\n                    <h2 class=\"documento-title\">Pasatiempos<\/h2>\n        \n        \n                    <a href=\"https:\/\/marqalicante.com\/contenido\/genericas\/06-pasatiempos%206.pdf\" class=\"documento-btn\" target=\"_blank\" rel=\"noopener\">\n                <i class=\"fas fa-file-pdf\"><\/i> Descargar PDF\n            <\/a>\n            <\/div>\n\n    \n","protected":false},"excerpt":{"rendered":"<p>En el segundo trimestre de 2007 se inauguraba Arte e Imperio. Tesoros asirios del British Museum&#44; la primera exposici\u00f3n temporal en las que el museo brit\u00e1nico trabaja codo con codo con el MARQ. La pieza de este n\u00famero es el Taxiphoto&#44; un objeto que llama la atenci\u00f3n en la Sala Moderna. Las anteriores vacaciones de Navidad fueron tan intensas que ofrecemos un amplio reportaje. Finalmente&#44; nuestro sal\u00f3n de actos acogi\u00f3 una conferencia titulada \u201cel desaf\u00edo del mar\u201d impartida por alguien que seguro que conoc\u00e9is: David Meca.<\/p>\n","protected":false},"featured_media":18741,"template":"","meta":{"kia_subtitle":""},"product_brand":[],"product_cat":[1717],"product_tag":[],"class_list":{"0":"post-18865","1":"product","2":"type-product","3":"status-publish","4":"has-post-thumbnail","6":"product_cat-guias-didacticas","8":"first","9":"instock","10":"virtual","11":"product-type-simple"},"meta_box":{"ia_expediente":"","ia_ano":"","ia_fechas_de_actuacion":"","ia_municipios_comarcas":"","ia_directores":"","ia_periodos_culturales":"","ia_tipos_de_intervencion":"","ia_equipo_tecnico":"","ia_autores":"","ia_promotores":"","ia_deposito_de_materiales":"","ia_coordenadas_utm":""},"_links":{"self":[{"href":"https:\/\/marqalicante-admin.qwair.com\/es\/wp-json\/wp\/v2\/product\/18865","targetHints":{"allow":["GET"]}}],"collection":[{"href":"https:\/\/marqalicante-admin.qwair.com\/es\/wp-json\/wp\/v2\/product"}],"about":[{"href":"https:\/\/marqalicante-admin.qwair.com\/es\/wp-json\/wp\/v2\/types\/product"}],"wp:featuredmedia":[{"embeddable":true,"href":"https:\/\/marqalicante-admin.qwair.com\/es\/wp-json\/wp\/v2\/media\/18741"}],"wp:attachment":[{"href":"https:\/\/marqalicante-admin.qwair.com\/es\/wp-json\/wp\/v2\/media?parent=18865"}],"wp:term":[{"taxonomy":"product_brand","embeddable":true,"href":"https:\/\/marqalicante-admin.qwair.com\/es\/wp-json\/wp\/v2\/product_brand?post=18865"},{"taxonomy":"product_cat","embeddable":true,"href":"https:\/\/marqalicante-admin.qwair.com\/es\/wp-json\/wp\/v2\/product_cat?post=18865"},{"taxonomy":"product_tag","embeddable":true,"href":"https:\/\/marqalicante-admin.qwair.com\/es\/wp-json\/wp\/v2\/product_tag?post=18865"}],"curies":[{"name":"wp","href":"https:\/\/api.w.org\/{rel}","templated":true}]}}