{"id":18862,"date":"2025-01-20T07:07:11","date_gmt":"2025-01-20T07:07:11","guid":{"rendered":"https:\/\/marqalicante-admin.qwair.com\/item\/revsita-club-llumiq-no3\/"},"modified":"2025-03-03T14:09:36","modified_gmt":"2025-03-03T14:09:36","slug":"revsita-club-llumiq-no3","status":"publish","type":"product","link":"https:\/\/marqalicante-admin.qwair.com\/es\/producto\/revsita-club-llumiq-no3\/","title":{"rendered":"REVSITA CLUB LLUMIQ N\u00ba3"},"content":{"rendered":"    \n    <div class=\"documento-item\">\n                    <h2 class=\"documento-title\">Revisa Completa<\/h2>\n        \n        \n                    <a href=\"https:\/\/marqalicante.com\/contenido\/genericas\/03-AF%20Revista%20llumiq%20n3.pdf\" class=\"documento-btn\" target=\"_blank\" rel=\"noopener\">\n                <i class=\"fas fa-file-pdf\"><\/i> Descargar PDF\n            <\/a>\n            <\/div>\n\n    \n","protected":false},"excerpt":{"rendered":"<p>incluye un tesoro&#44; el de la Marina&#44; de los siglos V al II a. C.&#44; todos los detalles de la campa\u00f1a de verano&#44; con ficha de inscripci\u00f3n recortable&#44; la exposici\u00f3n Pentinant la mort. Rituals de vida i mort en la Prehist\u00f2rica de Menorca&#44; dibujos y fotos de socios&#44; Yacimientos Arqueol\u00f3gicos: la Illeta dels Banyets (El Campello)&#44; informaci\u00f3n sobre el 18 de mayo&#44; D\u00eda Internacional de los Museos&#44; y publicaciones y otras noticias de inter\u00e9s.<\/p>\n","protected":false},"featured_media":18738,"template":"","meta":{"kia_subtitle":""},"product_brand":[],"product_cat":[1717],"product_tag":[],"class_list":{"0":"post-18862","1":"product","2":"type-product","3":"status-publish","4":"has-post-thumbnail","6":"product_cat-guias-didacticas","8":"first","9":"instock","10":"virtual","11":"product-type-simple"},"meta_box":{"ia_expediente":"","ia_ano":"","ia_fechas_de_actuacion":"","ia_municipios_comarcas":"","ia_directores":"","ia_periodos_culturales":"","ia_tipos_de_intervencion":"","ia_equipo_tecnico":"","ia_autores":"","ia_promotores":"","ia_deposito_de_materiales":"","ia_coordenadas_utm":""},"_links":{"self":[{"href":"https:\/\/marqalicante-admin.qwair.com\/es\/wp-json\/wp\/v2\/product\/18862","targetHints":{"allow":["GET"]}}],"collection":[{"href":"https:\/\/marqalicante-admin.qwair.com\/es\/wp-json\/wp\/v2\/product"}],"about":[{"href":"https:\/\/marqalicante-admin.qwair.com\/es\/wp-json\/wp\/v2\/types\/product"}],"wp:featuredmedia":[{"embeddable":true,"href":"https:\/\/marqalicante-admin.qwair.com\/es\/wp-json\/wp\/v2\/media\/18738"}],"wp:attachment":[{"href":"https:\/\/marqalicante-admin.qwair.com\/es\/wp-json\/wp\/v2\/media?parent=18862"}],"wp:term":[{"taxonomy":"product_brand","embeddable":true,"href":"https:\/\/marqalicante-admin.qwair.com\/es\/wp-json\/wp\/v2\/product_brand?post=18862"},{"taxonomy":"product_cat","embeddable":true,"href":"https:\/\/marqalicante-admin.qwair.com\/es\/wp-json\/wp\/v2\/product_cat?post=18862"},{"taxonomy":"product_tag","embeddable":true,"href":"https:\/\/marqalicante-admin.qwair.com\/es\/wp-json\/wp\/v2\/product_tag?post=18862"}],"curies":[{"name":"wp","href":"https:\/\/api.w.org\/{rel}","templated":true}]}}