{"id":18855,"date":"2025-01-20T07:07:10","date_gmt":"2025-01-20T07:07:10","guid":{"rendered":"https:\/\/marqalicante-admin.qwair.com\/item\/huellas-griegas-en-la-contestania-iberica-2\/"},"modified":"2025-03-03T14:09:35","modified_gmt":"2025-03-03T14:09:35","slug":"huellas-griegas-en-la-contestania-iberica-2","status":"publish","type":"product","link":"https:\/\/marqalicante-admin.qwair.com\/es\/producto\/huellas-griegas-en-la-contestania-iberica-2\/","title":{"rendered":"HUELLAS GRIEGAS EN LA CONTESTANIA IB\u00c9RICA"},"content":{"rendered":"    \n    <div class=\"documento-item\">\n        \n        \n                    <a href=\"https:\/\/marqalicante.com\/contenido\/genericas\/contestania_web_castellano.pdf\" class=\"documento-btn\" target=\"_blank\" rel=\"noopener\">\n                <i class=\"fas fa-file-pdf\"><\/i> Descargar PDF\n            <\/a>\n            <\/div>\n\n    \n","protected":false},"excerpt":{"rendered":"<p>La informaci\u00f3n y actividades planteadas van dirigidas\u00a0 tanto al ciclo de Educaci\u00f3n Primaria como Secundaria. Este material did\u00e1ctico aporta contenidos sobre la importancia que la impronta\u00a0 griega dej\u00f3 en el desarrollo de la cultura ib\u00e9rica: la escritura&#44; la moneda&#44;la escultura ib\u00e9rica&#44; la cer\u00e1mica. En la misma aparece un apartado especial sobre la cer\u00e1mica \u00e1tica (sus tipos principales y sus t\u00e9cnicas de elaboraci\u00f3n).<\/p>\n","protected":false},"featured_media":18731,"template":"","meta":{"kia_subtitle":""},"product_brand":[],"product_cat":[1717],"product_tag":[],"class_list":{"0":"post-18855","1":"product","2":"type-product","3":"status-publish","4":"has-post-thumbnail","6":"product_cat-guias-didacticas","8":"first","9":"instock","10":"virtual","11":"product-type-simple"},"meta_box":{"ia_expediente":"","ia_ano":"","ia_fechas_de_actuacion":"","ia_municipios_comarcas":"","ia_directores":"","ia_periodos_culturales":"","ia_tipos_de_intervencion":"","ia_equipo_tecnico":"","ia_autores":"","ia_promotores":"","ia_deposito_de_materiales":"","ia_coordenadas_utm":""},"_links":{"self":[{"href":"https:\/\/marqalicante-admin.qwair.com\/es\/wp-json\/wp\/v2\/product\/18855","targetHints":{"allow":["GET"]}}],"collection":[{"href":"https:\/\/marqalicante-admin.qwair.com\/es\/wp-json\/wp\/v2\/product"}],"about":[{"href":"https:\/\/marqalicante-admin.qwair.com\/es\/wp-json\/wp\/v2\/types\/product"}],"wp:featuredmedia":[{"embeddable":true,"href":"https:\/\/marqalicante-admin.qwair.com\/es\/wp-json\/wp\/v2\/media\/18731"}],"wp:attachment":[{"href":"https:\/\/marqalicante-admin.qwair.com\/es\/wp-json\/wp\/v2\/media?parent=18855"}],"wp:term":[{"taxonomy":"product_brand","embeddable":true,"href":"https:\/\/marqalicante-admin.qwair.com\/es\/wp-json\/wp\/v2\/product_brand?post=18855"},{"taxonomy":"product_cat","embeddable":true,"href":"https:\/\/marqalicante-admin.qwair.com\/es\/wp-json\/wp\/v2\/product_cat?post=18855"},{"taxonomy":"product_tag","embeddable":true,"href":"https:\/\/marqalicante-admin.qwair.com\/es\/wp-json\/wp\/v2\/product_tag?post=18855"}],"curies":[{"name":"wp","href":"https:\/\/api.w.org\/{rel}","templated":true}]}}