{"id":18854,"date":"2025-01-20T07:07:09","date_gmt":"2025-01-20T07:07:09","guid":{"rendered":"https:\/\/marqalicante-admin.qwair.com\/item\/la-belleza-del-cuerpo-arte-y-pensamiento-en-la-grecia-antigua\/"},"modified":"2025-03-03T14:09:35","modified_gmt":"2025-03-03T14:09:35","slug":"la-belleza-del-cuerpo-arte-y-pensamiento-en-la-grecia-antigua","status":"publish","type":"product","link":"https:\/\/marqalicante-admin.qwair.com\/es\/producto\/la-belleza-del-cuerpo-arte-y-pensamiento-en-la-grecia-antigua\/","title":{"rendered":"LA BELLEZA DEL CUERPO. ARTE Y PENSAMIENTO EN LA GRECIA ANTIGUA"},"content":{"rendered":"    \n    <div class=\"documento-item\">\n        \n        \n                    <a href=\"https:\/\/marqalicante.com\/contenido\/genericas\/Labelleza_castellano_claro.pdf\" class=\"documento-btn\" target=\"_blank\" rel=\"noopener\">\n                <i class=\"fas fa-file-pdf\"><\/i> Descargar PDF\n            <\/a>\n            <\/div>\n\n    \n","protected":false},"excerpt":{"rendered":"<p>La informaci\u00f3n y actividades planteadas van dirigidas fundamentalmente a la etapa de Educaci\u00f3n Secundaria Obligatoria y a Bachillerato. Este material did\u00e1ctico sintetiza cuatro bloques tem\u00e1ticos sobre la Grecia Antigua: Evoluci\u00f3n del ideal masculino y femenino de belleza; Vida cotidiana; Juegos ol\u00edmpicos antiguos con informaci\u00f3n detallada sobre los atletas y las pruebas deportivas; Religi\u00f3n y mitolog\u00eda. Este esquema se complementa con una introducci\u00f3n previa sobre el contexto geogr\u00e1fico y una pinceladas sobre arte griegos. Las actividades en este caso est\u00e1n concebidas como pruebas de una Olimpiada con puntuaciones en cada una de ellas que dar\u00e1n una nota total y por tanto la adjudicaci\u00f3n de una \u00bb medalla\u00bb .<\/p>\n","protected":false},"featured_media":18730,"template":"","meta":{"kia_subtitle":""},"product_brand":[],"product_cat":[1717],"product_tag":[],"class_list":{"0":"post-18854","1":"product","2":"type-product","3":"status-publish","4":"has-post-thumbnail","6":"product_cat-guias-didacticas","8":"first","9":"instock","10":"virtual","11":"product-type-simple"},"meta_box":{"ia_expediente":"","ia_ano":"","ia_fechas_de_actuacion":"","ia_municipios_comarcas":"","ia_directores":"","ia_periodos_culturales":"","ia_tipos_de_intervencion":"","ia_equipo_tecnico":"","ia_autores":"","ia_promotores":"","ia_deposito_de_materiales":"","ia_coordenadas_utm":""},"_links":{"self":[{"href":"https:\/\/marqalicante-admin.qwair.com\/es\/wp-json\/wp\/v2\/product\/18854","targetHints":{"allow":["GET"]}}],"collection":[{"href":"https:\/\/marqalicante-admin.qwair.com\/es\/wp-json\/wp\/v2\/product"}],"about":[{"href":"https:\/\/marqalicante-admin.qwair.com\/es\/wp-json\/wp\/v2\/types\/product"}],"wp:featuredmedia":[{"embeddable":true,"href":"https:\/\/marqalicante-admin.qwair.com\/es\/wp-json\/wp\/v2\/media\/18730"}],"wp:attachment":[{"href":"https:\/\/marqalicante-admin.qwair.com\/es\/wp-json\/wp\/v2\/media?parent=18854"}],"wp:term":[{"taxonomy":"product_brand","embeddable":true,"href":"https:\/\/marqalicante-admin.qwair.com\/es\/wp-json\/wp\/v2\/product_brand?post=18854"},{"taxonomy":"product_cat","embeddable":true,"href":"https:\/\/marqalicante-admin.qwair.com\/es\/wp-json\/wp\/v2\/product_cat?post=18854"},{"taxonomy":"product_tag","embeddable":true,"href":"https:\/\/marqalicante-admin.qwair.com\/es\/wp-json\/wp\/v2\/product_tag?post=18854"}],"curies":[{"name":"wp","href":"https:\/\/api.w.org\/{rel}","templated":true}]}}