{"id":18846,"date":"2025-01-20T07:07:07","date_gmt":"2025-01-20T07:07:07","guid":{"rendered":"https:\/\/marqalicante-admin.qwair.com\/item\/arte-e-imperio-tesoros-asirios-del-museo-britanico\/"},"modified":"2025-03-03T14:09:34","modified_gmt":"2025-03-03T14:09:34","slug":"arte-e-imperio-tesoros-asirios-del-museo-britanico","status":"publish","type":"product","link":"https:\/\/marqalicante-admin.qwair.com\/es\/producto\/arte-e-imperio-tesoros-asirios-del-museo-britanico\/","title":{"rendered":"ARTE E IMPERIO. TESOROS ASIRIOS DEL MUSEO BRIT\u00c1NICO"},"content":{"rendered":"    \n    <div class=\"documento-item\">\n        \n        \n                    <a href=\"https:\/\/marqalicante.com\/contenido\/genericas\/Maqueta_Asirios_cast_pd%20definitivaaf.pdf\" class=\"documento-btn\" target=\"_blank\" rel=\"noopener\">\n                <i class=\"fas fa-file-pdf\"><\/i> Descargar PDF\n            <\/a>\n            <\/div>\n\n    \n","protected":false},"excerpt":{"rendered":"<p>Gu\u00eda Did\u00e1ctica indicada para 1\u00ba de la E.S.O y Bachillerato ( modalidad de Artes y Humanidades y Ciencias Sociales).En este material did\u00e1ctico se combinan explicaciones y ejercicios&#44; donde a trav\u00e9s de la observaci\u00f3n y capacidad anl\u00edtica&#44; el alumnado conozca y comprenda esta cultura tan interesante. Contiene actividades para realizar en clase: elaboraciones de murales&#44; dossiers&#44; actividades anal\u00edticas..<\/p>\n","protected":false},"featured_media":18722,"template":"","meta":{"kia_subtitle":""},"product_brand":[],"product_cat":[1717],"product_tag":[],"class_list":{"0":"post-18846","1":"product","2":"type-product","3":"status-publish","4":"has-post-thumbnail","6":"product_cat-guias-didacticas","8":"first","9":"instock","10":"virtual","11":"product-type-simple"},"meta_box":{"ia_expediente":"","ia_ano":"","ia_fechas_de_actuacion":"","ia_municipios_comarcas":"","ia_directores":"","ia_periodos_culturales":"","ia_tipos_de_intervencion":"","ia_equipo_tecnico":"","ia_autores":"","ia_promotores":"","ia_deposito_de_materiales":"","ia_coordenadas_utm":""},"_links":{"self":[{"href":"https:\/\/marqalicante-admin.qwair.com\/es\/wp-json\/wp\/v2\/product\/18846","targetHints":{"allow":["GET"]}}],"collection":[{"href":"https:\/\/marqalicante-admin.qwair.com\/es\/wp-json\/wp\/v2\/product"}],"about":[{"href":"https:\/\/marqalicante-admin.qwair.com\/es\/wp-json\/wp\/v2\/types\/product"}],"wp:featuredmedia":[{"embeddable":true,"href":"https:\/\/marqalicante-admin.qwair.com\/es\/wp-json\/wp\/v2\/media\/18722"}],"wp:attachment":[{"href":"https:\/\/marqalicante-admin.qwair.com\/es\/wp-json\/wp\/v2\/media?parent=18846"}],"wp:term":[{"taxonomy":"product_brand","embeddable":true,"href":"https:\/\/marqalicante-admin.qwair.com\/es\/wp-json\/wp\/v2\/product_brand?post=18846"},{"taxonomy":"product_cat","embeddable":true,"href":"https:\/\/marqalicante-admin.qwair.com\/es\/wp-json\/wp\/v2\/product_cat?post=18846"},{"taxonomy":"product_tag","embeddable":true,"href":"https:\/\/marqalicante-admin.qwair.com\/es\/wp-json\/wp\/v2\/product_tag?post=18846"}],"curies":[{"name":"wp","href":"https:\/\/api.w.org\/{rel}","templated":true}]}}