{"id":18843,"date":"2025-01-20T07:07:07","date_gmt":"2025-01-20T07:07:07","guid":{"rendered":"https:\/\/marqalicante-admin.qwair.com\/item\/peinando-la-muerte\/"},"modified":"2025-03-03T14:09:33","modified_gmt":"2025-03-03T14:09:33","slug":"peinando-la-muerte","status":"publish","type":"product","link":"https:\/\/marqalicante-admin.qwair.com\/es\/producto\/peinando-la-muerte\/","title":{"rendered":"PEINANDO  LA MUERTE"},"content":{"rendered":"","protected":false},"excerpt":{"rendered":"<p>Gu\u00eda Did\u00e1ctica para trabajar en familia . El cuaderno combina textos informativos con actividades&#44; para que se realicen de forma conjunta.Muestra los descubrimientos de las cuevas de Es C\u00e1rritxt y de Es Mussol cuyos hallazgos arqueol\u00f3gicos permitiron conocer de una forma m\u00e1s precisa la sociedad prehist\u00f3rica menorquina entre los a\u00f1os 1.600 y 800 a.c..<\/p>\n","protected":false},"featured_media":18719,"template":"","meta":{"kia_subtitle":""},"product_brand":[],"product_cat":[1717],"product_tag":[],"class_list":{"0":"post-18843","1":"product","2":"type-product","3":"status-publish","4":"has-post-thumbnail","6":"product_cat-guias-didacticas","8":"first","9":"instock","10":"virtual","11":"product-type-simple"},"meta_box":{"ia_expediente":"","ia_ano":"","ia_fechas_de_actuacion":"","ia_municipios_comarcas":"","ia_directores":"","ia_periodos_culturales":"","ia_tipos_de_intervencion":"","ia_equipo_tecnico":"","ia_autores":"","ia_promotores":"","ia_deposito_de_materiales":"","ia_coordenadas_utm":""},"_links":{"self":[{"href":"https:\/\/marqalicante-admin.qwair.com\/es\/wp-json\/wp\/v2\/product\/18843","targetHints":{"allow":["GET"]}}],"collection":[{"href":"https:\/\/marqalicante-admin.qwair.com\/es\/wp-json\/wp\/v2\/product"}],"about":[{"href":"https:\/\/marqalicante-admin.qwair.com\/es\/wp-json\/wp\/v2\/types\/product"}],"wp:featuredmedia":[{"embeddable":true,"href":"https:\/\/marqalicante-admin.qwair.com\/es\/wp-json\/wp\/v2\/media\/18719"}],"wp:attachment":[{"href":"https:\/\/marqalicante-admin.qwair.com\/es\/wp-json\/wp\/v2\/media?parent=18843"}],"wp:term":[{"taxonomy":"product_brand","embeddable":true,"href":"https:\/\/marqalicante-admin.qwair.com\/es\/wp-json\/wp\/v2\/product_brand?post=18843"},{"taxonomy":"product_cat","embeddable":true,"href":"https:\/\/marqalicante-admin.qwair.com\/es\/wp-json\/wp\/v2\/product_cat?post=18843"},{"taxonomy":"product_tag","embeddable":true,"href":"https:\/\/marqalicante-admin.qwair.com\/es\/wp-json\/wp\/v2\/product_tag?post=18843"}],"curies":[{"name":"wp","href":"https:\/\/api.w.org\/{rel}","templated":true}]}}