{"id":18841,"date":"2025-01-20T07:07:06","date_gmt":"2025-01-20T07:07:06","guid":{"rendered":"https:\/\/marqalicante-admin.qwair.com\/item\/villena-un-tesoro-en-el-marq\/"},"modified":"2025-03-03T14:09:33","modified_gmt":"2025-03-03T14:09:33","slug":"villena-un-tesoro-en-el-marq","status":"publish","type":"product","link":"https:\/\/marqalicante-admin.qwair.com\/es\/producto\/villena-un-tesoro-en-el-marq\/","title":{"rendered":"VILLENA. UN TESORO EN EL MARQ"},"content":{"rendered":"","protected":false},"excerpt":{"rendered":"<p>Gu\u00eda Did\u00e1ctica para Primaria&#44; consta de dos bloques a trav\u00e9s de los cuales los alumnos\/as conocer\u00e1n la Historia desde el paleol\u00edtico Medio hasta el siglo XIX y el tesoro de Villena .Tiene adem\u00e1s una propuesta de actividades antes de la visita a la exposici\u00f3n como despu\u00e9s de la misma.<\/p>\n","protected":false},"featured_media":18717,"template":"","meta":{"kia_subtitle":""},"product_brand":[],"product_cat":[1717],"product_tag":[],"class_list":{"0":"post-18841","1":"product","2":"type-product","3":"status-publish","4":"has-post-thumbnail","6":"product_cat-guias-didacticas","8":"first","9":"instock","10":"virtual","11":"product-type-simple"},"meta_box":{"ia_expediente":"","ia_ano":"","ia_fechas_de_actuacion":"","ia_municipios_comarcas":"","ia_directores":"","ia_periodos_culturales":"","ia_tipos_de_intervencion":"","ia_equipo_tecnico":"","ia_autores":"","ia_promotores":"","ia_deposito_de_materiales":"","ia_coordenadas_utm":""},"_links":{"self":[{"href":"https:\/\/marqalicante-admin.qwair.com\/es\/wp-json\/wp\/v2\/product\/18841","targetHints":{"allow":["GET"]}}],"collection":[{"href":"https:\/\/marqalicante-admin.qwair.com\/es\/wp-json\/wp\/v2\/product"}],"about":[{"href":"https:\/\/marqalicante-admin.qwair.com\/es\/wp-json\/wp\/v2\/types\/product"}],"wp:featuredmedia":[{"embeddable":true,"href":"https:\/\/marqalicante-admin.qwair.com\/es\/wp-json\/wp\/v2\/media\/18717"}],"wp:attachment":[{"href":"https:\/\/marqalicante-admin.qwair.com\/es\/wp-json\/wp\/v2\/media?parent=18841"}],"wp:term":[{"taxonomy":"product_brand","embeddable":true,"href":"https:\/\/marqalicante-admin.qwair.com\/es\/wp-json\/wp\/v2\/product_brand?post=18841"},{"taxonomy":"product_cat","embeddable":true,"href":"https:\/\/marqalicante-admin.qwair.com\/es\/wp-json\/wp\/v2\/product_cat?post=18841"},{"taxonomy":"product_tag","embeddable":true,"href":"https:\/\/marqalicante-admin.qwair.com\/es\/wp-json\/wp\/v2\/product_tag?post=18841"}],"curies":[{"name":"wp","href":"https:\/\/api.w.org\/{rel}","templated":true}]}}