{"id":18710,"date":"2025-01-20T06:01:55","date_gmt":"2025-01-20T06:01:55","guid":{"rendered":"https:\/\/marqalicante-admin.qwair.com\/item\/metal-and-worked-bone-materials-in-prehistoric-europe-from-iberia-to-the-carpathians\/"},"modified":"2025-06-04T16:33:30","modified_gmt":"2025-06-04T16:33:30","slug":"metal-and-worked-bone-materials-in-prehistoric-europe-from-iberia-to-the-carpathians","status":"publish","type":"product","link":"https:\/\/marqalicante-admin.qwair.com\/es\/producto\/metal-and-worked-bone-materials-in-prehistoric-europe-from-iberia-to-the-carpathians\/","title":{"rendered":"Metal and Worked Bone Materials in Prehistoric Europe. From Iberia to the Carpathians"},"content":{"rendered":"","protected":false},"excerpt":{"rendered":"<p>Actas del congreso celebrado en el MARQ en octubre de 2021 &#44; centrado en el estudio de la industria \u00f3sea del Calcol\u00edtico y la Edad del Bronce de Europa&#44; con especial atenci\u00f3n a la pen\u00ednsula ib\u00e9rica.<\/p>\n","protected":false},"featured_media":18535,"template":"","meta":{"kia_subtitle":""},"product_brand":[],"product_cat":[1397],"product_tag":[],"class_list":{"0":"post-18710","1":"product","2":"type-product","3":"status-publish","4":"has-post-thumbnail","6":"product_cat-publicaciones","8":"first","9":"instock","10":"virtual","11":"product-type-simple"},"meta_box":{"ia_expediente":"","ia_ano":"","ia_fechas_de_actuacion":"","ia_municipios_comarcas":"","ia_directores":"","ia_periodos_culturales":"","ia_tipos_de_intervencion":"","ia_equipo_tecnico":"","ia_autores":"","ia_promotores":"","ia_deposito_de_materiales":"","ia_coordenadas_utm":""},"_links":{"self":[{"href":"https:\/\/marqalicante-admin.qwair.com\/es\/wp-json\/wp\/v2\/product\/18710","targetHints":{"allow":["GET"]}}],"collection":[{"href":"https:\/\/marqalicante-admin.qwair.com\/es\/wp-json\/wp\/v2\/product"}],"about":[{"href":"https:\/\/marqalicante-admin.qwair.com\/es\/wp-json\/wp\/v2\/types\/product"}],"wp:featuredmedia":[{"embeddable":true,"href":"https:\/\/marqalicante-admin.qwair.com\/es\/wp-json\/wp\/v2\/media\/18535"}],"wp:attachment":[{"href":"https:\/\/marqalicante-admin.qwair.com\/es\/wp-json\/wp\/v2\/media?parent=18710"}],"wp:term":[{"taxonomy":"product_brand","embeddable":true,"href":"https:\/\/marqalicante-admin.qwair.com\/es\/wp-json\/wp\/v2\/product_brand?post=18710"},{"taxonomy":"product_cat","embeddable":true,"href":"https:\/\/marqalicante-admin.qwair.com\/es\/wp-json\/wp\/v2\/product_cat?post=18710"},{"taxonomy":"product_tag","embeddable":true,"href":"https:\/\/marqalicante-admin.qwair.com\/es\/wp-json\/wp\/v2\/product_tag?post=18710"}],"curies":[{"name":"wp","href":"https:\/\/api.w.org\/{rel}","templated":true}]}}