{"id":18708,"date":"2025-02-03T07:09:32","date_gmt":"2025-02-03T07:09:32","guid":{"rendered":"https:\/\/marqalicante-admin.qwair.com\/item\/marq-arqueologia-y-museos-13-2\/"},"modified":"2025-06-04T16:33:30","modified_gmt":"2025-06-04T16:33:30","slug":"marq-arqueologia-y-museos-13-2","status":"publish","type":"product","link":"https:\/\/marqalicante-admin.qwair.com\/es\/producto\/marq-arqueologia-y-museos-13-2\/","title":{"rendered":"MARQ&#44; ARQUEOLOG\u00cdA Y MUSEOS 13"},"content":{"rendered":"<div class=\"documento-item\">\n                    <h2 class=\"documento-title\">El Argar 1991<\/h2>\n        \n                    <p class=\"documento-subtitle\">Hermanfrid Schubart y Dirce Marzoli&#044; con contribuciones de Corina Liesau&#044; Hans- Gert Bachmann&#044; Rafael Pozo Mar\u00edn&#044; Hans-Peter Stikay Bettina Jurich<\/p>\n        \n                    <a href=\"\/wp-content\/uploads\/2025\/01\/publi-revistas\/pub_216.pdf\" class=\"documento-btn\">\n                <i class=\"fas fa-file-pdf\"><\/i> Descargar PDF\n            <\/a>\n            <\/div>\n\n        \n    <div class=\"documento-item\">\n                    <h2 class=\"documento-title\">Nuevas aportaciones al estudio de la producci\u00f3n textil arg\u00e1rica: las pesas de telar de Laderas del Castillo<\/h2>\n        \n                    <p class=\"documento-subtitle\">Ricardo E. Basso Rial<\/p>\n        \n                    <a href=\"\/wp-content\/uploads\/2025\/01\/publi-revistas\/pub_217.pdf\" class=\"documento-btn\">\n                <i class=\"fas fa-file-pdf\"><\/i> Descargar PDF\n            <\/a>\n            <\/div>\n\n        \n    <div class=\"documento-item\">\n                    <h2 class=\"documento-title\">Excavaciones en el yacimiento de Cap Prim (X\u00e0bia&#044; Alicante). Primeros resultados<\/h2>\n        \n                    <p class=\"documento-subtitle\">Marco A. Esquembre Bebia&#044; Joaquim Bolufer Marqu\u00e9s&#044; Jos\u00e9 Ram\u00f3n Ortega P\u00e9rez&#044; Juan De Dios Boronat Soler&#044; Eloi Poveda&#044; Adri\u00e0 Esquembre Sell\u00e9s<\/p>\n        \n                    <a href=\"\/wp-content\/uploads\/2025\/01\/publi-revistas\/pub_218.pdf\" class=\"documento-btn\">\n                <i class=\"fas fa-file-pdf\"><\/i> Descargar PDF\n            <\/a>\n            <\/div>\n\n        \n    <div class=\"documento-item\">\n                    <h2 class=\"documento-title\">Sobre los restos constructivos de tierra en arqueolog\u00eda y la metodolog\u00eda para su estudio macrosc\u00f3pico<\/h2>\n        \n                    <p class=\"documento-subtitle\">Mar\u00eda Pastor Quiles<\/p>\n        \n                    <a href=\"\/wp-content\/uploads\/2025\/01\/publi-revistas\/pub_219.pdf\" class=\"documento-btn\">\n                <i class=\"fas fa-file-pdf\"><\/i> Descargar PDF\n            <\/a>\n            <\/div>\n\n        \n    <div class=\"documento-item\">\n                    <h2 class=\"documento-title\">Recuperaci\u00f3n y puesta en valor de tres broches de cintur\u00f3n de bronce de la necr\u00f3polis de l\u2019Albufereta (Alicante) a partir del proceso de restauraci\u00f3n<\/h2>\n        \n                    <p class=\"documento-subtitle\">Enric Verd\u00fa Parra&#044; Tatiana Mar\u00eda Mart\u00ednez Riera&#044; Silvia Roca Alberola<\/p>\n        \n                    <a href=\"\/wp-content\/uploads\/2025\/01\/publi-revistas\/pub_220.pdf\" class=\"documento-btn\">\n                <i class=\"fas fa-file-pdf\"><\/i> Descargar PDF\n            <\/a>\n            <\/div>\n\n        \n    <div class=\"documento-item\">\n                    <h2 class=\"documento-title\">El poblamiento rural andalus\u00ed en el valle medio del Vinalop\u00f3: Resultados de las prospecciones arqueol\u00f3gicas en la Alquer\u00eda de Pu\u00e7a (Petrer&#044; Alicante)<\/h2>\n        \n                    <p class=\"documento-subtitle\">Jos\u00e9 Mar\u00eda Moreno Narganes&#044; Joaqu\u00edn Pina Mira&#044; Pedro Jos\u00e9 Saura Gil&#044; Fernando E. Tendero Fern\u00e1ndez&#044; Jos\u00e9 Daniel Busquier L\u00f3pez&#044; Arturo Garc\u00eda L\u00f3pez&#044; Raquel P\u00e9rez Serrano<\/p>\n        \n                    <a href=\"\/wp-content\/uploads\/2025\/01\/publi-revistas\/pub_221.pdf\" class=\"documento-btn\">\n                <i class=\"fas fa-file-pdf\"><\/i> Descargar PDF\n            <\/a>\n            <\/div>\n\n        \n    <div class=\"documento-item\">\n                    <h2 class=\"documento-title\">Arqueolog\u00eda del paisaje defensivo costero. El sistema geogr\u00e1fico de las torres-vig\u00eda del Mediterr\u00e1neo<\/h2>\n        \n                    <p class=\"documento-subtitle\">Marina Perals Parra<\/p>\n        \n                    <a href=\"\/wp-content\/uploads\/2025\/01\/publi-revistas\/pub_222.pdf\" class=\"documento-btn\">\n                <i class=\"fas fa-file-pdf\"><\/i> Descargar PDF\n            <\/a>\n            <\/div>\n\n        \n    <div class=\"documento-item\">\n                    <h2 class=\"documento-title\">MARQ. Noticiario arqueol\u00f3gico 2021<\/h2>\n        \n                    <p class=\"documento-subtitle\">VVAA<\/p>\n        \n                    <a href=\"\/wp-content\/uploads\/2025\/01\/publi-revistas\/pub_223.pdf\" class=\"documento-btn\">\n                <i class=\"fas fa-file-pdf\"><\/i> Descargar PDF\n            <\/a>\n            <\/div>\n\n        \n    <div class=\"documento-item\">\n                    <h2 class=\"documento-title\">MARQ. Memoria de Actividades 2021<\/h2>\n        \n                    <p class=\"documento-subtitle\">Equipo t\u00e9cnico del MARQ<\/p>\n        \n                    <a href=\"\/wp-content\/uploads\/2025\/01\/publi-revistas\/pub_224.pdf\" class=\"documento-btn\">\n                <i class=\"fas fa-file-pdf\"><\/i> Descargar PDF\n            <\/a>\n            <\/div>\n","protected":false},"excerpt":{"rendered":"<p>Publicaci\u00f3n peri\u00f3dica y sistem\u00e1tica sobre los trabajos de investigaci\u00f3n arqueol\u00f3gica con art\u00edculos centrados en la pr\u00e1ctica propia de los museos&#44; para dar a conocer la investigaci\u00f3n del rico Patrimonio Arqueol\u00f3gico de Alicante.<\/p>\n","protected":false},"featured_media":18533,"template":"","meta":{"kia_subtitle":""},"product_brand":[],"product_cat":[1365],"product_tag":[],"class_list":{"0":"post-18708","1":"product","2":"type-product","3":"status-publish","4":"has-post-thumbnail","6":"product_cat-marq-arqueologia-y-museos","8":"first","9":"instock","10":"virtual","11":"product-type-simple"},"meta_box":{"ia_expediente":"","ia_ano":"","ia_fechas_de_actuacion":"","ia_municipios_comarcas":"","ia_directores":"","ia_periodos_culturales":"","ia_tipos_de_intervencion":"","ia_equipo_tecnico":"","ia_autores":"","ia_promotores":"","ia_deposito_de_materiales":"","ia_coordenadas_utm":""},"_links":{"self":[{"href":"https:\/\/marqalicante-admin.qwair.com\/es\/wp-json\/wp\/v2\/product\/18708","targetHints":{"allow":["GET"]}}],"collection":[{"href":"https:\/\/marqalicante-admin.qwair.com\/es\/wp-json\/wp\/v2\/product"}],"about":[{"href":"https:\/\/marqalicante-admin.qwair.com\/es\/wp-json\/wp\/v2\/types\/product"}],"wp:featuredmedia":[{"embeddable":true,"href":"https:\/\/marqalicante-admin.qwair.com\/es\/wp-json\/wp\/v2\/media\/18533"}],"wp:attachment":[{"href":"https:\/\/marqalicante-admin.qwair.com\/es\/wp-json\/wp\/v2\/media?parent=18708"}],"wp:term":[{"taxonomy":"product_brand","embeddable":true,"href":"https:\/\/marqalicante-admin.qwair.com\/es\/wp-json\/wp\/v2\/product_brand?post=18708"},{"taxonomy":"product_cat","embeddable":true,"href":"https:\/\/marqalicante-admin.qwair.com\/es\/wp-json\/wp\/v2\/product_cat?post=18708"},{"taxonomy":"product_tag","embeddable":true,"href":"https:\/\/marqalicante-admin.qwair.com\/es\/wp-json\/wp\/v2\/product_tag?post=18708"}],"curies":[{"name":"wp","href":"https:\/\/api.w.org\/{rel}","templated":true}]}}