{"id":18707,"date":"2025-01-20T06:01:54","date_gmt":"2025-01-20T06:01:54","guid":{"rendered":"https:\/\/marqalicante-admin.qwair.com\/item\/cova-de-lor-museo-de-sitio\/"},"modified":"2025-06-04T16:33:30","modified_gmt":"2025-06-04T16:33:30","slug":"cova-de-lor-museo-de-sitio","status":"publish","type":"product","link":"https:\/\/marqalicante-admin.qwair.com\/es\/producto\/cova-de-lor-museo-de-sitio\/","title":{"rendered":"Cova de l&#8217;Or. Museo de sitio"},"content":{"rendered":"","protected":false},"excerpt":{"rendered":"<p>El libro recoge un amplio conjunto de art\u00edculos en los que se abordan todas las tem\u00e1ticas relacionadas con el estudio de esta importante cavidad&#44; yacimiento referencial para el Neol\u00edtico no s\u00f3lo de la pen\u00ednsula ib\u00e9rica sino incluso de toda Europa. Adem\u00e1s de una detallada explicaci\u00f3n de las acciones realizadas para la puesta en valor del yacimiento&#44; un nutrido grupo de investigadores de muy diversas disciplinas ofrecen los \u00faltimos resultados de sus trabajos sobre el entorno&#44; la historia de la investigaci\u00f3n y el an\u00e1lisis de los numerosos restos arqueol\u00f3gicos recuperados.<\/p>\n","protected":false},"featured_media":18532,"template":"","meta":{"kia_subtitle":""},"product_brand":[],"product_cat":[1397],"product_tag":[],"class_list":{"0":"post-18707","1":"product","2":"type-product","3":"status-publish","4":"has-post-thumbnail","6":"product_cat-publicaciones","8":"first","9":"instock","10":"virtual","11":"product-type-simple"},"meta_box":{"ia_expediente":"","ia_ano":"","ia_fechas_de_actuacion":"","ia_municipios_comarcas":"","ia_directores":"","ia_periodos_culturales":"","ia_tipos_de_intervencion":"","ia_equipo_tecnico":"","ia_autores":"","ia_promotores":"","ia_deposito_de_materiales":"","ia_coordenadas_utm":""},"_links":{"self":[{"href":"https:\/\/marqalicante-admin.qwair.com\/es\/wp-json\/wp\/v2\/product\/18707","targetHints":{"allow":["GET"]}}],"collection":[{"href":"https:\/\/marqalicante-admin.qwair.com\/es\/wp-json\/wp\/v2\/product"}],"about":[{"href":"https:\/\/marqalicante-admin.qwair.com\/es\/wp-json\/wp\/v2\/types\/product"}],"wp:featuredmedia":[{"embeddable":true,"href":"https:\/\/marqalicante-admin.qwair.com\/es\/wp-json\/wp\/v2\/media\/18532"}],"wp:attachment":[{"href":"https:\/\/marqalicante-admin.qwair.com\/es\/wp-json\/wp\/v2\/media?parent=18707"}],"wp:term":[{"taxonomy":"product_brand","embeddable":true,"href":"https:\/\/marqalicante-admin.qwair.com\/es\/wp-json\/wp\/v2\/product_brand?post=18707"},{"taxonomy":"product_cat","embeddable":true,"href":"https:\/\/marqalicante-admin.qwair.com\/es\/wp-json\/wp\/v2\/product_cat?post=18707"},{"taxonomy":"product_tag","embeddable":true,"href":"https:\/\/marqalicante-admin.qwair.com\/es\/wp-json\/wp\/v2\/product_tag?post=18707"}],"curies":[{"name":"wp","href":"https:\/\/api.w.org\/{rel}","templated":true}]}}