{"id":18706,"date":"2025-01-20T06:01:54","date_gmt":"2025-01-20T06:01:54","guid":{"rendered":"https:\/\/marqalicante-admin.qwair.com\/item\/el-legado-de-las-dinastias-qin-y-han-los-guerreros-de-xian\/"},"modified":"2025-06-04T16:33:30","modified_gmt":"2025-06-04T16:33:30","slug":"el-legado-de-las-dinastias-qin-y-han-los-guerreros-de-xian","status":"publish","type":"product","link":"https:\/\/marqalicante-admin.qwair.com\/es\/producto\/el-legado-de-las-dinastias-qin-y-han-los-guerreros-de-xian\/","title":{"rendered":"El Legado de las Dinast\u00edas Qin y Han. Los guerreros de Xi\u2019an"},"content":{"rendered":"","protected":false},"excerpt":{"rendered":"<p>Cat\u00e1logo de la exposici\u00f3n&#44; con textos en castellano e ingl\u00e9s. Incluye seis ensayos cient\u00edficos referidos a los \u00faltimos estudios realizados en torno a la unificaci\u00f3n de China por Qin Shi Huang y al imperio de las dinast\u00edas Qin y Han y&#44; en particular&#44; a las \u00faltimas novedades arqueol\u00f3gicas sobre las excavaciones en el mausoleo del Primer Emperador y el Mausoleo Han de Yangling. Adem\u00e1s de estas&#44; se abordan otras tem\u00e1ticas relacionadas con la construcci\u00f3n del ej\u00e9rcito de terracota y los or\u00edgenes y desarrollo de la escultura figurativa en la antigua China. El libro contiene un extenso cat\u00e1logo de piezas&#44; con fotograf\u00edas en gran formato&#44; que incluye todos los objetos expuestos&#44; procedentes de diversos museos e instituciones muse\u00edsticas de la provincia de Shaanxi.<\/p>\n","protected":false},"featured_media":18531,"template":"","meta":{"kia_subtitle":""},"product_brand":[],"product_cat":[1397],"product_tag":[],"class_list":{"0":"post-18706","1":"product","2":"type-product","3":"status-publish","4":"has-post-thumbnail","6":"product_cat-publicaciones","8":"first","9":"instock","10":"virtual","11":"product-type-simple"},"meta_box":{"ia_expediente":"","ia_ano":"","ia_fechas_de_actuacion":"","ia_municipios_comarcas":"","ia_directores":"","ia_periodos_culturales":"","ia_tipos_de_intervencion":"","ia_equipo_tecnico":"","ia_autores":"","ia_promotores":"","ia_deposito_de_materiales":"","ia_coordenadas_utm":""},"_links":{"self":[{"href":"https:\/\/marqalicante-admin.qwair.com\/es\/wp-json\/wp\/v2\/product\/18706","targetHints":{"allow":["GET"]}}],"collection":[{"href":"https:\/\/marqalicante-admin.qwair.com\/es\/wp-json\/wp\/v2\/product"}],"about":[{"href":"https:\/\/marqalicante-admin.qwair.com\/es\/wp-json\/wp\/v2\/types\/product"}],"wp:featuredmedia":[{"embeddable":true,"href":"https:\/\/marqalicante-admin.qwair.com\/es\/wp-json\/wp\/v2\/media\/18531"}],"wp:attachment":[{"href":"https:\/\/marqalicante-admin.qwair.com\/es\/wp-json\/wp\/v2\/media?parent=18706"}],"wp:term":[{"taxonomy":"product_brand","embeddable":true,"href":"https:\/\/marqalicante-admin.qwair.com\/es\/wp-json\/wp\/v2\/product_brand?post=18706"},{"taxonomy":"product_cat","embeddable":true,"href":"https:\/\/marqalicante-admin.qwair.com\/es\/wp-json\/wp\/v2\/product_cat?post=18706"},{"taxonomy":"product_tag","embeddable":true,"href":"https:\/\/marqalicante-admin.qwair.com\/es\/wp-json\/wp\/v2\/product_tag?post=18706"}],"curies":[{"name":"wp","href":"https:\/\/api.w.org\/{rel}","templated":true}]}}