{"id":18705,"date":"2025-01-20T06:01:54","date_gmt":"2025-01-20T06:01:54","guid":{"rendered":"https:\/\/marqalicante-admin.qwair.com\/item\/el-guerrero-atlantico-simbolos-de-poder\/"},"modified":"2025-06-04T16:33:30","modified_gmt":"2025-06-04T16:33:30","slug":"el-guerrero-atlantico-simbolos-de-poder","status":"publish","type":"product","link":"https:\/\/marqalicante-admin.qwair.com\/es\/producto\/el-guerrero-atlantico-simbolos-de-poder\/","title":{"rendered":"El Guerrero Atl\u00e1ntico. \u00bfS\u00edmbolos de Poder?"},"content":{"rendered":"","protected":false},"excerpt":{"rendered":"<p>Cat\u00e1logo de una muestra surgida de la colaboraci\u00f3n entre el MARQ Museo Arqueol\u00f3gico de Alicante y el Museo Nacional de Arqueolog\u00eda de Portugal para darnos a conocer a la conocida Cultura Castre\u00f1a&#44; la cual&#44; a lo largo de casi un milenio&#44; se desarrolla en el noroeste peninsular&#44; entre la actual Galicia&#44; la zona occidental de Asturias y el norte de Portugal.<\/p>\n","protected":false},"featured_media":18530,"template":"","meta":{"kia_subtitle":""},"product_brand":[],"product_cat":[1397],"product_tag":[],"class_list":{"0":"post-18705","1":"product","2":"type-product","3":"status-publish","4":"has-post-thumbnail","6":"product_cat-publicaciones","8":"first","9":"instock","10":"virtual","11":"product-type-simple"},"meta_box":{"ia_expediente":"","ia_ano":"","ia_fechas_de_actuacion":"","ia_municipios_comarcas":"","ia_directores":"","ia_periodos_culturales":"","ia_tipos_de_intervencion":"","ia_equipo_tecnico":"","ia_autores":"","ia_promotores":"","ia_deposito_de_materiales":"","ia_coordenadas_utm":""},"_links":{"self":[{"href":"https:\/\/marqalicante-admin.qwair.com\/es\/wp-json\/wp\/v2\/product\/18705","targetHints":{"allow":["GET"]}}],"collection":[{"href":"https:\/\/marqalicante-admin.qwair.com\/es\/wp-json\/wp\/v2\/product"}],"about":[{"href":"https:\/\/marqalicante-admin.qwair.com\/es\/wp-json\/wp\/v2\/types\/product"}],"wp:featuredmedia":[{"embeddable":true,"href":"https:\/\/marqalicante-admin.qwair.com\/es\/wp-json\/wp\/v2\/media\/18530"}],"wp:attachment":[{"href":"https:\/\/marqalicante-admin.qwair.com\/es\/wp-json\/wp\/v2\/media?parent=18705"}],"wp:term":[{"taxonomy":"product_brand","embeddable":true,"href":"https:\/\/marqalicante-admin.qwair.com\/es\/wp-json\/wp\/v2\/product_brand?post=18705"},{"taxonomy":"product_cat","embeddable":true,"href":"https:\/\/marqalicante-admin.qwair.com\/es\/wp-json\/wp\/v2\/product_cat?post=18705"},{"taxonomy":"product_tag","embeddable":true,"href":"https:\/\/marqalicante-admin.qwair.com\/es\/wp-json\/wp\/v2\/product_tag?post=18705"}],"curies":[{"name":"wp","href":"https:\/\/api.w.org\/{rel}","templated":true}]}}