{"id":18702,"date":"2025-01-20T06:01:53","date_gmt":"2025-01-20T06:01:53","guid":{"rendered":"https:\/\/marqalicante-admin.qwair.com\/item\/prehistoria-y-arte-rupestre-en-la-vall-de-gallinera-la-marina-alta-alicante\/"},"modified":"2025-06-04T16:33:30","modified_gmt":"2025-06-04T16:33:30","slug":"prehistoria-y-arte-rupestre-en-la-vall-de-gallinera-la-marina-alta-alicante","status":"publish","type":"product","link":"https:\/\/marqalicante-admin.qwair.com\/es\/producto\/prehistoria-y-arte-rupestre-en-la-vall-de-gallinera-la-marina-alta-alicante\/","title":{"rendered":"Prehistoria y Arte Rupestre en la Vall de Gallinera (La Marina Alta&#44; Alicante)"},"content":{"rendered":"","protected":false},"excerpt":{"rendered":"<p>Publicaci\u00f3n que re\u00fane una amplia serie de estudios relacionados con la investigaci\u00f3n y puesta en valor del extraordinario conjunto de abrigos y yacimientos con arte rupestre localizados en el paraje de la Vall de Gallinera&#44; en el norte de la provincia de Alicante.<\/p>\n","protected":false},"featured_media":18527,"template":"","meta":{"kia_subtitle":""},"product_brand":[],"product_cat":[1397],"product_tag":[],"class_list":{"0":"post-18702","1":"product","2":"type-product","3":"status-publish","4":"has-post-thumbnail","6":"product_cat-publicaciones","8":"first","9":"instock","10":"virtual","11":"product-type-simple"},"meta_box":{"ia_expediente":"","ia_ano":"","ia_fechas_de_actuacion":"","ia_municipios_comarcas":"","ia_directores":"","ia_periodos_culturales":"","ia_tipos_de_intervencion":"","ia_equipo_tecnico":"","ia_autores":"","ia_promotores":"","ia_deposito_de_materiales":"","ia_coordenadas_utm":""},"_links":{"self":[{"href":"https:\/\/marqalicante-admin.qwair.com\/es\/wp-json\/wp\/v2\/product\/18702","targetHints":{"allow":["GET"]}}],"collection":[{"href":"https:\/\/marqalicante-admin.qwair.com\/es\/wp-json\/wp\/v2\/product"}],"about":[{"href":"https:\/\/marqalicante-admin.qwair.com\/es\/wp-json\/wp\/v2\/types\/product"}],"wp:featuredmedia":[{"embeddable":true,"href":"https:\/\/marqalicante-admin.qwair.com\/es\/wp-json\/wp\/v2\/media\/18527"}],"wp:attachment":[{"href":"https:\/\/marqalicante-admin.qwair.com\/es\/wp-json\/wp\/v2\/media?parent=18702"}],"wp:term":[{"taxonomy":"product_brand","embeddable":true,"href":"https:\/\/marqalicante-admin.qwair.com\/es\/wp-json\/wp\/v2\/product_brand?post=18702"},{"taxonomy":"product_cat","embeddable":true,"href":"https:\/\/marqalicante-admin.qwair.com\/es\/wp-json\/wp\/v2\/product_cat?post=18702"},{"taxonomy":"product_tag","embeddable":true,"href":"https:\/\/marqalicante-admin.qwair.com\/es\/wp-json\/wp\/v2\/product_tag?post=18702"}],"curies":[{"name":"wp","href":"https:\/\/api.w.org\/{rel}","templated":true}]}}