{"id":18701,"date":"2025-01-20T06:01:53","date_gmt":"2025-01-20T06:01:53","guid":{"rendered":"https:\/\/marqalicante-admin.qwair.com\/item\/gladiadores-heroes-del-coliseo\/"},"modified":"2025-06-04T16:33:30","modified_gmt":"2025-06-04T16:33:30","slug":"gladiadores-heroes-del-coliseo","status":"publish","type":"product","link":"https:\/\/marqalicante-admin.qwair.com\/es\/producto\/gladiadores-heroes-del-coliseo\/","title":{"rendered":"Gladiadores. H\u00e9roes del Coliseo"},"content":{"rendered":"","protected":false},"excerpt":{"rendered":"<p>Cat\u00e1logo de la exposici\u00f3n&#44; en castellano&#44; que contiene siete ensayos cient\u00edficos suscritos por los comisarios de la muestra y por diversos especialistas en la tem\u00e1tica de la gladiatura y de los espect\u00e1culos de la antigua Roma&#44; tanto en Italia como en la pen\u00ednsula ib\u00e9rica. El libro cuenta adem\u00e1s con un ampl\u00edsimo repertorio de fotograf\u00edas de todas las piezas reunidas en la exposici\u00f3n&#44; con breves fichas descriptivas de cada una de ellas&#44; procedentes del Museo Arqueol\u00f3gico de N\u00e1poles&#44; el Museo Nacional Romano y el Parque Arqueol\u00f3gico del Coliseo de Roma&#44; entre otras instituciones prestatarias.<\/p>\n","protected":false},"featured_media":18526,"template":"","meta":{"kia_subtitle":""},"product_brand":[],"product_cat":[1397],"product_tag":[],"class_list":{"0":"post-18701","1":"product","2":"type-product","3":"status-publish","4":"has-post-thumbnail","6":"product_cat-publicaciones","8":"first","9":"instock","10":"virtual","11":"product-type-simple"},"meta_box":{"ia_expediente":"","ia_ano":"","ia_fechas_de_actuacion":"","ia_municipios_comarcas":"","ia_directores":"","ia_periodos_culturales":"","ia_tipos_de_intervencion":"","ia_equipo_tecnico":"","ia_autores":"","ia_promotores":"","ia_deposito_de_materiales":"","ia_coordenadas_utm":""},"_links":{"self":[{"href":"https:\/\/marqalicante-admin.qwair.com\/es\/wp-json\/wp\/v2\/product\/18701","targetHints":{"allow":["GET"]}}],"collection":[{"href":"https:\/\/marqalicante-admin.qwair.com\/es\/wp-json\/wp\/v2\/product"}],"about":[{"href":"https:\/\/marqalicante-admin.qwair.com\/es\/wp-json\/wp\/v2\/types\/product"}],"wp:featuredmedia":[{"embeddable":true,"href":"https:\/\/marqalicante-admin.qwair.com\/es\/wp-json\/wp\/v2\/media\/18526"}],"wp:attachment":[{"href":"https:\/\/marqalicante-admin.qwair.com\/es\/wp-json\/wp\/v2\/media?parent=18701"}],"wp:term":[{"taxonomy":"product_brand","embeddable":true,"href":"https:\/\/marqalicante-admin.qwair.com\/es\/wp-json\/wp\/v2\/product_brand?post=18701"},{"taxonomy":"product_cat","embeddable":true,"href":"https:\/\/marqalicante-admin.qwair.com\/es\/wp-json\/wp\/v2\/product_cat?post=18701"},{"taxonomy":"product_tag","embeddable":true,"href":"https:\/\/marqalicante-admin.qwair.com\/es\/wp-json\/wp\/v2\/product_tag?post=18701"}],"curies":[{"name":"wp","href":"https:\/\/api.w.org\/{rel}","templated":true}]}}