{"id":18693,"date":"2025-02-03T07:09:32","date_gmt":"2025-02-03T07:09:32","guid":{"rendered":"https:\/\/marqalicante-admin.qwair.com\/item\/marq-arqueologia-y-museos-10-2\/"},"modified":"2025-06-04T16:33:29","modified_gmt":"2025-06-04T16:33:29","slug":"marq-arqueologia-y-museos-10-2","status":"publish","type":"product","link":"https:\/\/marqalicante-admin.qwair.com\/es\/producto\/marq-arqueologia-y-museos-10-2\/","title":{"rendered":"MARQ&#44; ARQUEOLOG\u00cdA Y MUSEOS 10"},"content":{"rendered":"<div class=\"documento-item\">\n                    <h2 class=\"documento-title\">Cerro Ortega (Villanueva de la Fuente&#044; Ciudad Real): un abrigo sepulcral con inhumaci\u00f3n m\u00faltiple durante la transici\u00f3n neol\u00edtico-calcol\u00edtico al sur de la meseta<\/h2>\n        \n                    <p class=\"documento-subtitle\">Luis Benitez de Lugo Enrich&#044; Luis Ala\u00f1on Flox&#044; Carlos Barrio Aldea&#044; Inmaculada Donate Carretero&#044; Marta Frances Negro&#044; Belen Marquez Mora&#044; Gabriel Menchen Herreros&#044; Jaime Moraleda Sierra&#044; Juan Manuel Rojas Rodriguez Malo&#044; Domingo C. Salazar-Garcia<\/p>\n        \n                    <a href=\"\/wp-content\/uploads\/2025\/01\/publi-revistas\/pub_175.pdf\" class=\"documento-btn\">\n                <i class=\"fas fa-file-pdf\"><\/i> Descargar PDF\n            <\/a>\n            <\/div>\n\n        \n    <div class=\"documento-item\">\n                    <h2 class=\"documento-title\">Arquitectura megal\u00edtica en el sureste de la pen\u00ednsula ib\u00e9rica. An\u00e1lisis inicial de los sepulturas de corredor&#044; c\u00e1mara circular y cubierta plana de las necr\u00f3polis de Los Millares&#044; Los Rubialillos Y Las Pe\u00f1icas-El Tejar (Almer\u00eda)<\/h2>\n        \n                    <p class=\"documento-subtitle\">Mar\u00eda Eugenia Calv\u00edn Velasco<\/p>\n        \n                    <a href=\"\/wp-content\/uploads\/2025\/01\/publi-revistas\/pub_176.pdf\" class=\"documento-btn\">\n                <i class=\"fas fa-file-pdf\"><\/i> Descargar PDF\n            <\/a>\n            <\/div>\n\n        \n    <div class=\"documento-item\">\n                    <h2 class=\"documento-title\">Propuesta metodol\u00f3gica para optimizar el an\u00e1lisis de residuos org\u00e1nicos sobre cer\u00e1mica arqueol\u00f3gica. El caso de los recipientes arg\u00e1ricos<\/h2>\n        \n                    <p class=\"documento-subtitle\">Elena Molina&#044; Antoni Rosell-Mel\u00e9<\/p>\n        \n                    <a href=\"\/wp-content\/uploads\/2025\/01\/publi-revistas\/pub_177.pdf\" class=\"documento-btn\">\n                <i class=\"fas fa-file-pdf\"><\/i> Descargar PDF\n            <\/a>\n            <\/div>\n\n        \n    <div class=\"documento-item\">\n                    <h2 class=\"documento-title\">La explotaci\u00f3n agr\u00edcola y forestal en el entorno del Cabezo Pardo (San Isidro-Granja de Rocamora&#044; Alicante): los restos vegetales de los niveles emirales<\/h2>\n        \n                    <p class=\"documento-subtitle\">Yolanda Carri\u00f3n Marco&#044; Guillem P\u00e9rez-Jord\u00e0&#044; M\u00aa Teresa Xim\u00e9nez de Emb\u00fan S\u00e1nchez<\/p>\n        \n                    <a href=\"\/wp-content\/uploads\/2025\/01\/publi-revistas\/pub_178.pdf\" class=\"documento-btn\">\n                <i class=\"fas fa-file-pdf\"><\/i> Descargar PDF\n            <\/a>\n            <\/div>\n\n        \n    <div class=\"documento-item\">\n                    <h2 class=\"documento-title\">Evidencias de irrigaci\u00f3n paleoandalus\u00ed y otros nuevos datos sobre la Font Antiga (Crevillent&#044; Alacant)<\/h2>\n        \n                    <p class=\"documento-subtitle\">Josep Menargues Gim\u00e9nez<\/p>\n        \n                    <a href=\"\/wp-content\/uploads\/2025\/01\/publi-revistas\/pub_179.pdf\" class=\"documento-btn\">\n                <i class=\"fas fa-file-pdf\"><\/i> Descargar PDF\n            <\/a>\n            <\/div>\n\n        \n    <div class=\"documento-item\">\n                    <h2 class=\"documento-title\">La Comisi\u00f3n Provincial de Monumentos de Alicante (1844-1964). Un an\u00e1lisis de sus actuaciones a trav\u00e9s de la prensa hist\u00f3rica<\/h2>\n        \n                    <p class=\"documento-subtitle\">Santiago Olcina Lagos<\/p>\n        \n                    <a href=\"\/wp-content\/uploads\/2025\/01\/publi-revistas\/pub_180.pdf\" class=\"documento-btn\">\n                <i class=\"fas fa-file-pdf\"><\/i> Descargar PDF\n            <\/a>\n            <\/div>\n\n        \n    <div class=\"documento-item\">\n        \n        \n                    <a href=\"\/wp-content\/uploads\/2025\/01\/publi-revistas\/pub_181.pdf\" class=\"documento-btn\">\n                <i class=\"fas fa-file-pdf\"><\/i> Descargar PDF\n            <\/a>\n            <\/div>\n\n        \n    <div class=\"documento-item\">\n                    <h2 class=\"documento-title\">Memoria de actividades del Marq 2018<\/h2>\n        \n                    <p class=\"documento-subtitle\">Equipo t\u00e9cnico del MARQ<\/p>\n        \n                    <a href=\"\/wp-content\/uploads\/2025\/01\/publi-revistas\/pub_182.pdf\" class=\"documento-btn\">\n                <i class=\"fas fa-file-pdf\"><\/i> Descargar PDF\n            <\/a>\n            <\/div>\n","protected":false},"excerpt":{"rendered":"<p>Publicaci\u00f3n peri\u00f3dica y sistem\u00e1tica sobre los trabajos de investigaci\u00f3n arqueol\u00f3gica con art\u00edculos centrados en la pr\u00e1ctica propia de los museos&#44; para dar a conocer la investigaci\u00f3n del rico Patrimonio Arqueol\u00f3gico de Alicante. Best Replica Watches https:\/\/ritzz.net\/<\/p>\n","protected":false},"featured_media":18518,"template":"","meta":{"kia_subtitle":""},"product_brand":[],"product_cat":[1365],"product_tag":[],"class_list":{"0":"post-18693","1":"product","2":"type-product","3":"status-publish","4":"has-post-thumbnail","6":"product_cat-marq-arqueologia-y-museos","8":"first","9":"instock","10":"virtual","11":"product-type-simple"},"meta_box":{"ia_expediente":"","ia_ano":"","ia_fechas_de_actuacion":"","ia_municipios_comarcas":"","ia_directores":"","ia_periodos_culturales":"","ia_tipos_de_intervencion":"","ia_equipo_tecnico":"","ia_autores":"","ia_promotores":"","ia_deposito_de_materiales":"","ia_coordenadas_utm":""},"_links":{"self":[{"href":"https:\/\/marqalicante-admin.qwair.com\/es\/wp-json\/wp\/v2\/product\/18693","targetHints":{"allow":["GET"]}}],"collection":[{"href":"https:\/\/marqalicante-admin.qwair.com\/es\/wp-json\/wp\/v2\/product"}],"about":[{"href":"https:\/\/marqalicante-admin.qwair.com\/es\/wp-json\/wp\/v2\/types\/product"}],"wp:featuredmedia":[{"embeddable":true,"href":"https:\/\/marqalicante-admin.qwair.com\/es\/wp-json\/wp\/v2\/media\/18518"}],"wp:attachment":[{"href":"https:\/\/marqalicante-admin.qwair.com\/es\/wp-json\/wp\/v2\/media?parent=18693"}],"wp:term":[{"taxonomy":"product_brand","embeddable":true,"href":"https:\/\/marqalicante-admin.qwair.com\/es\/wp-json\/wp\/v2\/product_brand?post=18693"},{"taxonomy":"product_cat","embeddable":true,"href":"https:\/\/marqalicante-admin.qwair.com\/es\/wp-json\/wp\/v2\/product_cat?post=18693"},{"taxonomy":"product_tag","embeddable":true,"href":"https:\/\/marqalicante-admin.qwair.com\/es\/wp-json\/wp\/v2\/product_tag?post=18693"}],"curies":[{"name":"wp","href":"https:\/\/api.w.org\/{rel}","templated":true}]}}