{"id":18686,"date":"2025-01-20T06:01:48","date_gmt":"2025-01-20T06:01:48","guid":{"rendered":"https:\/\/marqalicante-admin.qwair.com\/item\/la-pobla-medieval-de-ifach-calp-alicante-10-anos-de-arqueologia-medieval-en-el-penyal-difac\/"},"modified":"2025-06-04T16:33:28","modified_gmt":"2025-06-04T16:33:28","slug":"la-pobla-medieval-de-ifach-calp-alicante-10-anos-de-arqueologia-medieval-en-el-penyal-difac","status":"publish","type":"product","link":"https:\/\/marqalicante-admin.qwair.com\/es\/producto\/la-pobla-medieval-de-ifach-calp-alicante-10-anos-de-arqueologia-medieval-en-el-penyal-difac\/","title":{"rendered":"La Pobla medieval de Ifach (Calp&#44; Alicante). 10 a\u00f1os de arqueolog\u00eda medieval en el Penyal d&#8217;Ifac"},"content":{"rendered":"","protected":false},"excerpt":{"rendered":"<p>8 \u00ba volumen de la serie de \u00abExcavaciones Arqueol\u00f3gicas. Memorias\u00bb&#44; que recopila los avances&#44; hallazgos e investigaciones realizados durante los \u00faltimos 10 a\u00f1os en las exacavaciones de la Pobla medieval de Ifach&#44; en Calp (Alicante)&#44; bajo la direcci\u00f3n de Jos\u00e9 Lu\u00eds Men\u00e9ndez Fueyo.<\/p>\n","protected":false},"featured_media":18511,"template":"","meta":{"kia_subtitle":""},"product_brand":[],"product_cat":[1397],"product_tag":[],"class_list":{"0":"post-18686","1":"product","2":"type-product","3":"status-publish","4":"has-post-thumbnail","6":"product_cat-publicaciones","8":"first","9":"instock","10":"virtual","11":"product-type-simple"},"meta_box":{"ia_expediente":"","ia_ano":"","ia_fechas_de_actuacion":"","ia_municipios_comarcas":"","ia_directores":"","ia_periodos_culturales":"","ia_tipos_de_intervencion":"","ia_equipo_tecnico":"","ia_autores":"","ia_promotores":"","ia_deposito_de_materiales":"","ia_coordenadas_utm":""},"_links":{"self":[{"href":"https:\/\/marqalicante-admin.qwair.com\/es\/wp-json\/wp\/v2\/product\/18686","targetHints":{"allow":["GET"]}}],"collection":[{"href":"https:\/\/marqalicante-admin.qwair.com\/es\/wp-json\/wp\/v2\/product"}],"about":[{"href":"https:\/\/marqalicante-admin.qwair.com\/es\/wp-json\/wp\/v2\/types\/product"}],"wp:featuredmedia":[{"embeddable":true,"href":"https:\/\/marqalicante-admin.qwair.com\/es\/wp-json\/wp\/v2\/media\/18511"}],"wp:attachment":[{"href":"https:\/\/marqalicante-admin.qwair.com\/es\/wp-json\/wp\/v2\/media?parent=18686"}],"wp:term":[{"taxonomy":"product_brand","embeddable":true,"href":"https:\/\/marqalicante-admin.qwair.com\/es\/wp-json\/wp\/v2\/product_brand?post=18686"},{"taxonomy":"product_cat","embeddable":true,"href":"https:\/\/marqalicante-admin.qwair.com\/es\/wp-json\/wp\/v2\/product_cat?post=18686"},{"taxonomy":"product_tag","embeddable":true,"href":"https:\/\/marqalicante-admin.qwair.com\/es\/wp-json\/wp\/v2\/product_tag?post=18686"}],"curies":[{"name":"wp","href":"https:\/\/api.w.org\/{rel}","templated":true}]}}